{"id":2751,"date":"2025-04-03T17:38:47","date_gmt":"2025-04-03T17:38:47","guid":{"rendered":"https:\/\/surti-ort.cl\/?post_type=product&#038;p=2751"},"modified":"2025-04-03T17:38:47","modified_gmt":"2025-04-03T17:38:47","slug":"silla-pediatrica-2-0-35-cm-blunding","status":"publish","type":"product","link":"https:\/\/surti-ort.cl\/index.php\/product\/silla-pediatrica-2-0-35-cm-blunding\/","title":{"rendered":"SILLA PEDIATRICA 2.0 35 cm  BLUNDING"},"content":{"rendered":"<p><b>Beneficios:<\/b> Seguridad: Cuenta con a) un sistema de frenos bilaterales de palanca en ambas ruedas traseras que permite reducir la velocidad o bloquear el andador en posici\u00f3n de estacionamiento. b) un protector lateral, al lado del apoyabrazos, que evita que la ropa del usuario u otro objeto entre en contacto con la rueda. c) un sistema de fijaci\u00f3n de altura en los reposa pies. c) Apoya piernas que impiden que el pie se deslice hacia atr\u00e1s. Durable: Producto de estructura robusta. Adaptable: Posee pletina de aluminio. Permitiendo diferentes ubicaciones para la rueda trasera: a) adelante para usuarios activos y que deseen un giro r\u00e1pido. B) atr\u00e1s para mayor estabilidad antivuelco (pacientes amputados de extremidad inferior). Ligera: Solo 16,2 Kg de peso Estable: Cuenta con un sistema de doble cruceta y sus ruedas traseras est\u00e1n elaboradas en MAG. Ocupa poco espacio: Este producto es plegable. Sus apoyabrazos son cortos y abatibles. Sencilla: Este producto es manipulable sin herramientas especiales. Pr\u00e1ctica: Sus ruedas delanteras son multidireccionales. Su superficie es 100% lavable. El reposapi\u00e9s consistente en dos hojas batientes y desmontables. Confortable: Su empu\u00f1adura en polietileno de alta densidad, antideslizante y ergon\u00f3mica, proporciona una sensaci\u00f3n de confort y seguridad. Los reposapi\u00e9s son regulables en altura mediante botones. Sus apoya piernas son abatibles y desmontables. Su asiento y respaldo es acolchado. Reposapi\u00e9s elevables. Inventario disponible en el mercado nacional. Servicio t\u00e9cnico postventa: Disponible de forma inmediata a la compra, en caso de falla o mantenimientos post meses de uso. Capacitaci\u00f3n: Adicional al instructivo en espa\u00f1ol que trae el producto, Blunding cuenta con profesionales t\u00e9cnicos preparados para entregar las orientaciones, entrenamiento, pr\u00e1ctica, y gu\u00edas sobre la buena utilizaci\u00f3n del producto. <b>Plegable:<\/b> Si <b>Composici\u00f3n: <\/b> Estructura met\u00e1lica. Cruceta doble. Manillas de agarre\/empuje con empu\u00f1adura ergon\u00f3mica y antideslizante, en goma suave de alta densidad. Asiento y respaldo firmes y nivelados. Apoyabrazos abatibles y desmontables. Apoyapi\u00e9s incorporados a las pierneras, elevables, abatibles y desmontables Reposa pies de dos hojas de material pl\u00e1stico duro (policarbonato de alta resistencia). Pletina que permite distintas ubicaciones (vertical\/horizontal) para la rueda trasera Ruedas delanteras macizas, multidireccionales y con gran radio de giro. Ruedas traseras macizas con rayos en poliuretano y bastones para empuje con manillas ergon\u00f3micas de goma antideslizante. Antirreflectante. Frenos. Beneficios Folleto Instrucciones de Uso en espa\u00f1ol. <b>Regulable:<\/b> SI <b>Soporte para usuario en KG: 100 <\/b><\/p>\n","protected":false},"excerpt":{"rendered":"<p><b>SILLA PEDI\u00c1TRICA 2.0 35 cm<\/b> La silla de ruedas Premium 2.0 Blunding, SRA-28, es una ayuda t\u00e9cnica al movimiento, de estructura liviana y de f\u00e1cil manejo, por lo que puede ser utilizada sin la necesidad de un tercero. Con su respaldo fijo, proporciona apoyo para sentarse y con sus 4 ruedas elaboradas en material macizo y resistente, facilita el desplazamiento de pacientes en posici\u00f3n sentada sobre superficies planas. Sus ruedas delanteras est\u00e1n montadas sobre una estructura de horquilla que permite regular su altura. Su sistema de doble cruceta otorga al conjunto un plus de estabilidad. Producto dise\u00f1ado con la finalidad de ayudar a recuperar la movilidad al compensar discapacidades, dificultades o incluso la fatiga al caminar, ya sea de manera temporal o permanente. Este producto, con su aro de autopropulsi\u00f3n, ubicado en el eje trasero permite al usuario autonom\u00eda (al mismo tiempo tambi\u00e9n cuenta con bastones ergon\u00f3micos de goma antideslizante para empuje en caso de necesitar asistencia de terceros), favoreciendo la participaci\u00f3n y bienestar en igualdad de oportunidades del paciente. Es recomendada para pacientes que tienen suficiente control de tronco, como para mantenerse erguido, requiriendo solo apoyo posterior para mantenerse estables y c\u00f3modos, se puede indicar de forma permanente o transitoria o cuando se requiere realizar traslados largos y de forma segura. Cuenta con pletina que permite ajustes horizontales y verticales de su rueda trasera. Cuenta con sticker reflectante. Par antivuelco y ruedas desmontables<\/p>\n","protected":false},"featured_media":2752,"comment_status":"open","ping_status":"closed","template":"","meta":{"_monsterinsights_skip_tracking":false,"_monsterinsights_sitenote_active":false,"_monsterinsights_sitenote_note":"","_monsterinsights_sitenote_category":0},"product_brand":[],"product_cat":[98,124,113,105,97],"product_tag":[],"class_list":{"0":"post-2751","1":"product","2":"type-product","3":"status-publish","4":"has-post-thumbnail","6":"product_cat-ayudas-tecnicas","7":"product_cat-movilidad","8":"product_cat-rodilla","9":"product_cat-sillas-de-ruedas","10":"product_cat-tobillo-y-pie-ortopedia-y-rehabilitacion","12":"first","13":"instock","14":"sale","15":"taxable","16":"shipping-taxable","17":"purchasable","18":"product-type-simple"},"_links":{"self":[{"href":"https:\/\/surti-ort.cl\/index.php\/wp-json\/wp\/v2\/product\/2751","targetHints":{"allow":["GET"]}}],"collection":[{"href":"https:\/\/surti-ort.cl\/index.php\/wp-json\/wp\/v2\/product"}],"about":[{"href":"https:\/\/surti-ort.cl\/index.php\/wp-json\/wp\/v2\/types\/product"}],"replies":[{"embeddable":true,"href":"https:\/\/surti-ort.cl\/index.php\/wp-json\/wp\/v2\/comments?post=2751"}],"wp:featuredmedia":[{"embeddable":true,"href":"https:\/\/surti-ort.cl\/index.php\/wp-json\/wp\/v2\/media\/2752"}],"wp:attachment":[{"href":"https:\/\/surti-ort.cl\/index.php\/wp-json\/wp\/v2\/media?parent=2751"}],"wp:term":[{"taxonomy":"product_brand","embeddable":true,"href":"https:\/\/surti-ort.cl\/index.php\/wp-json\/wp\/v2\/product_brand?post=2751"},{"taxonomy":"product_cat","embeddable":true,"href":"https:\/\/surti-ort.cl\/index.php\/wp-json\/wp\/v2\/product_cat?post=2751"},{"taxonomy":"product_tag","embeddable":true,"href":"https:\/\/surti-ort.cl\/index.php\/wp-json\/wp\/v2\/product_tag?post=2751"}],"curies":[{"name":"wp","href":"https:\/\/api.w.org\/{rel}","templated":true}]}}