{"id":2731,"date":"2025-04-03T16:44:45","date_gmt":"2025-04-03T16:44:45","guid":{"rendered":"https:\/\/surti-ort.cl\/?post_type=product&#038;p=2731"},"modified":"2025-04-03T16:46:14","modified_gmt":"2025-04-03T16:46:14","slug":"ortesis-muneca-con-ferula-palmar-dorsal-blunding-hm-171","status":"publish","type":"product","link":"https:\/\/surti-ort.cl\/index.php\/product\/ortesis-muneca-con-ferula-palmar-dorsal-blunding-hm-171\/","title":{"rendered":"\u00d3RTESIS MU\u00d1ECA CON F\u00c9RULA PALMAR-DORSAL BLUNDING  HM-171"},"content":{"rendered":"","protected":false},"excerpt":{"rendered":"<p><b>rtesis de Mu\u00f1eca Con F\u00e9rula Palmar-Dorsal<\/b> \u00d3rtesis rigida de mu\u00f1eca, respirable, ergonomica, duradera y muy comoda. Dise\u00f1ada para ofrecer una inmovilizaci\u00f3n \u00f3ptima y gracias a sus ferulas de aluminio y tejidos elasticos, es capaz de cumplir la misma funci\u00f3n de inmovilizaci\u00f3n que un yeso. Anchas cintas de ajuste, restringuen el movimiento, comprimiendo, sujetando y conservando el calor que emana del cuerpo del paciente. Esto aumenta la temperatura de la zona e inicia procesos metab\u00f3licos que ayudan a relajar la musculatura y favorer la pronta recuperacion de lesiones.<\/p>\n","protected":false},"featured_media":2732,"comment_status":"open","ping_status":"closed","template":"","meta":{"_monsterinsights_skip_tracking":false,"_monsterinsights_sitenote_active":false,"_monsterinsights_sitenote_note":"","_monsterinsights_sitenote_category":0},"product_brand":[],"product_cat":[109,95,85,94,15],"product_tag":[],"class_list":{"0":"post-2731","1":"product","2":"type-product","3":"status-publish","4":"has-post-thumbnail","6":"product_cat-cuidado-de-heridas","7":"product_cat-hombro-y-codo","8":"product_cat-fijador-de-dedo","9":"product_cat-ortopedia-y-rehabilitacion","10":"product_cat-uncategorized","11":"pa_lado-derecho","12":"pa_lado-izquierdo","13":"pa_talla-talla-l","14":"pa_talla-talla-m","15":"pa_talla-talla-s","16":"pa_talla-talla-xl","18":"first","19":"instock","20":"sale","21":"taxable","22":"shipping-taxable","23":"purchasable","24":"product-type-variable"},"_links":{"self":[{"href":"https:\/\/surti-ort.cl\/index.php\/wp-json\/wp\/v2\/product\/2731","targetHints":{"allow":["GET"]}}],"collection":[{"href":"https:\/\/surti-ort.cl\/index.php\/wp-json\/wp\/v2\/product"}],"about":[{"href":"https:\/\/surti-ort.cl\/index.php\/wp-json\/wp\/v2\/types\/product"}],"replies":[{"embeddable":true,"href":"https:\/\/surti-ort.cl\/index.php\/wp-json\/wp\/v2\/comments?post=2731"}],"wp:featuredmedia":[{"embeddable":true,"href":"https:\/\/surti-ort.cl\/index.php\/wp-json\/wp\/v2\/media\/2732"}],"wp:attachment":[{"href":"https:\/\/surti-ort.cl\/index.php\/wp-json\/wp\/v2\/media?parent=2731"}],"wp:term":[{"taxonomy":"product_brand","embeddable":true,"href":"https:\/\/surti-ort.cl\/index.php\/wp-json\/wp\/v2\/product_brand?post=2731"},{"taxonomy":"product_cat","embeddable":true,"href":"https:\/\/surti-ort.cl\/index.php\/wp-json\/wp\/v2\/product_cat?post=2731"},{"taxonomy":"product_tag","embeddable":true,"href":"https:\/\/surti-ort.cl\/index.php\/wp-json\/wp\/v2\/product_tag?post=2731"}],"curies":[{"name":"wp","href":"https:\/\/api.w.org\/{rel}","templated":true}]}}