{"id":2720,"date":"2025-04-03T16:28:19","date_gmt":"2025-04-03T16:28:19","guid":{"rendered":"https:\/\/surti-ort.cl\/?post_type=product&#038;p=2720"},"modified":"2025-04-03T16:28:41","modified_gmt":"2025-04-03T16:28:41","slug":"ortesis-de-muneca-con-dedo-pulgar","status":"publish","type":"product","link":"https:\/\/surti-ort.cl\/index.php\/product\/ortesis-de-muneca-con-dedo-pulgar\/","title":{"rendered":"ORTESIS DE MU\u00d1ECA CON DEDO PULGAR BLUNDING"},"content":{"rendered":"","protected":false},"excerpt":{"rendered":"<p>Soporte de mu\u00f1eca confeccionado en velour y felpa, con f\u00e9rula anat\u00f3mica removible y barra lisas moldeables ambas en aluminio. Ajustada con cierre de contacto. Indicaci\u00f3n : Lesiones en las articulaciones del pulgar metacarpo fal\u00e1ngica y carpo metacarpiana Esguince del pulgar Artrosis y artritis reumatoide *Blunding recomienda utilizar este producto bajo prescripci\u00f3n m\u00e9dica. Cara Exterior: 100% Velour Poli\u00e9ster Cara Interior: 100% Algod\u00f3n Felpas y Cierre de Contacto: 100% Nylon F\u00e9rula: 100% Aluminio<\/p>\n","protected":false},"featured_media":2721,"comment_status":"open","ping_status":"closed","template":"","meta":{"_monsterinsights_skip_tracking":false,"_monsterinsights_sitenote_active":false,"_monsterinsights_sitenote_note":"","_monsterinsights_sitenote_category":0},"product_brand":[],"product_cat":[95,85,94],"product_tag":[],"class_list":{"0":"post-2720","1":"product","2":"type-product","3":"status-publish","4":"has-post-thumbnail","6":"product_cat-hombro-y-codo","7":"product_cat-fijador-de-dedo","8":"product_cat-ortopedia-y-rehabilitacion","9":"pa_lado-derecho","10":"pa_lado-izquierdo","11":"pa_talla-talla-l","12":"pa_talla-talla-m","13":"pa_talla-talla-s","14":"pa_talla-talla-xl","16":"first","17":"instock","18":"sale","19":"taxable","20":"shipping-taxable","21":"purchasable","22":"product-type-variable"},"_links":{"self":[{"href":"https:\/\/surti-ort.cl\/index.php\/wp-json\/wp\/v2\/product\/2720","targetHints":{"allow":["GET"]}}],"collection":[{"href":"https:\/\/surti-ort.cl\/index.php\/wp-json\/wp\/v2\/product"}],"about":[{"href":"https:\/\/surti-ort.cl\/index.php\/wp-json\/wp\/v2\/types\/product"}],"replies":[{"embeddable":true,"href":"https:\/\/surti-ort.cl\/index.php\/wp-json\/wp\/v2\/comments?post=2720"}],"wp:featuredmedia":[{"embeddable":true,"href":"https:\/\/surti-ort.cl\/index.php\/wp-json\/wp\/v2\/media\/2721"}],"wp:attachment":[{"href":"https:\/\/surti-ort.cl\/index.php\/wp-json\/wp\/v2\/media?parent=2720"}],"wp:term":[{"taxonomy":"product_brand","embeddable":true,"href":"https:\/\/surti-ort.cl\/index.php\/wp-json\/wp\/v2\/product_brand?post=2720"},{"taxonomy":"product_cat","embeddable":true,"href":"https:\/\/surti-ort.cl\/index.php\/wp-json\/wp\/v2\/product_cat?post=2720"},{"taxonomy":"product_tag","embeddable":true,"href":"https:\/\/surti-ort.cl\/index.php\/wp-json\/wp\/v2\/product_tag?post=2720"}],"curies":[{"name":"wp","href":"https:\/\/api.w.org\/{rel}","templated":true}]}}