{"id":2697,"date":"2025-03-28T14:17:28","date_gmt":"2025-03-28T14:17:28","guid":{"rendered":"https:\/\/surti-ort.cl\/?post_type=product&#038;p=2697"},"modified":"2025-03-28T14:17:29","modified_gmt":"2025-03-28T14:17:29","slug":"panty-mamam-varimed-70-compresion-graduada-11-14-mmhg","status":"publish","type":"product","link":"https:\/\/surti-ort.cl\/index.php\/product\/panty-mamam-varimed-70-compresion-graduada-11-14-mmhg\/","title":{"rendered":"Panty Mamam Varimed 70 compresi\u00f3n graduada 11-14 mmHg"},"content":{"rendered":"","protected":false},"excerpt":{"rendered":"<p>Panty con calz\u00f3n modificable. El cintur\u00f3n con botones de silicona, permite cambiar el tama\u00f1o de acuerdo a la necesidad actual y acompa\u00f1ar el desarrollo durante los meses de embarazo. El aumento de la hormona estr\u00f3geno genera debilidad en la pared de las venas lo que estimula la aparici\u00f3n de v\u00e1rices y ara\u00f1itas vasculares.<\/p>\n<p>Previene usando compresi\u00f3n graduada que ejerce un micro masaje estimulando la circulaci\u00f3n de la sangre en las piernas.<br \/>\nRecomendada para prevenir v\u00e1rices, ara\u00f1itas vasculares, descanso e hinchaz\u00f3n de piernas o viajes mayores a 4 horas. Tambi\u00e9n cuando usas por primera vez terapia de compresi\u00f3n.<\/p>\n<p>El tal\u00f3n anat\u00f3mico y el prehormado (forma de la pierna) garantizan un calce perfecto y adecuados niveles de compresi\u00f3n.Uso diario. Revisa la gu\u00eda de tallas.<br \/>\nDispositivo m\u00e9dico certificado CE<br \/>\nFabricado en Italia<\/p>\n","protected":false},"featured_media":2698,"comment_status":"open","ping_status":"closed","template":"","meta":{"_monsterinsights_skip_tracking":false,"_monsterinsights_sitenote_active":false,"_monsterinsights_sitenote_note":"","_monsterinsights_sitenote_category":0},"product_brand":[],"product_cat":[110,109,146,106,155,113,97,111],"product_tag":[],"class_list":{"0":"post-2697","1":"product","2":"type-product","3":"status-publish","4":"has-post-thumbnail","6":"product_cat-botas-de-descarga-para-ulceras-plantares","7":"product_cat-cuidado-de-heridas","8":"product_cat-cuidado-de-heridas-ayudas-tecnicas","9":"product_cat-cuidado-de-pies","10":"product_cat-media-de-compresion","11":"product_cat-rodilla","12":"product_cat-tobillo-y-pie-ortopedia-y-rehabilitacion","13":"product_cat-zapatos-de-descarga-para-ulceras-plantares","14":"pa_talla-01-xs","15":"pa_talla-02-s","16":"pa_talla-03-m","17":"pa_talla-04-l","18":"pa_talla-05-xl","20":"first","21":"instock","22":"sale","23":"taxable","24":"shipping-taxable","25":"purchasable","26":"product-type-variable"},"_links":{"self":[{"href":"https:\/\/surti-ort.cl\/index.php\/wp-json\/wp\/v2\/product\/2697","targetHints":{"allow":["GET"]}}],"collection":[{"href":"https:\/\/surti-ort.cl\/index.php\/wp-json\/wp\/v2\/product"}],"about":[{"href":"https:\/\/surti-ort.cl\/index.php\/wp-json\/wp\/v2\/types\/product"}],"replies":[{"embeddable":true,"href":"https:\/\/surti-ort.cl\/index.php\/wp-json\/wp\/v2\/comments?post=2697"}],"wp:featuredmedia":[{"embeddable":true,"href":"https:\/\/surti-ort.cl\/index.php\/wp-json\/wp\/v2\/media\/2698"}],"wp:attachment":[{"href":"https:\/\/surti-ort.cl\/index.php\/wp-json\/wp\/v2\/media?parent=2697"}],"wp:term":[{"taxonomy":"product_brand","embeddable":true,"href":"https:\/\/surti-ort.cl\/index.php\/wp-json\/wp\/v2\/product_brand?post=2697"},{"taxonomy":"product_cat","embeddable":true,"href":"https:\/\/surti-ort.cl\/index.php\/wp-json\/wp\/v2\/product_cat?post=2697"},{"taxonomy":"product_tag","embeddable":true,"href":"https:\/\/surti-ort.cl\/index.php\/wp-json\/wp\/v2\/product_tag?post=2697"}],"curies":[{"name":"wp","href":"https:\/\/api.w.org\/{rel}","templated":true}]}}