{"id":2681,"date":"2025-03-28T13:48:03","date_gmt":"2025-03-28T13:48:03","guid":{"rendered":"https:\/\/surti-ort.cl\/?post_type=product&#038;p=2681"},"modified":"2025-03-28T13:48:03","modified_gmt":"2025-03-28T13:48:03","slug":"media-muslo-varimed-70-compresion-graduada-11-14-mmhg","status":"publish","type":"product","link":"https:\/\/surti-ort.cl\/index.php\/product\/media-muslo-varimed-70-compresion-graduada-11-14-mmhg\/","title":{"rendered":"MEDIA MUSLO VARIMED 70 compresi\u00f3n graduada 11-14 mmHg"},"content":{"rendered":"","protected":false},"excerpt":{"rendered":"<p>Ejerce micro masaje a trav\u00e9s de una compresi\u00f3n graduada que estimula la circulaci\u00f3n sangu\u00ednea en las piernas. La banda o liga autoadherente de silicona se ajusta a tu pierna facilmente.<br \/>\nRecomendada para prevenir las molestias de las piernas al fin del d\u00eda, y para la prevenci\u00f3n de v\u00e1rices, ara\u00f1itas vasculares o viajes mayores a 4 horas. Tambi\u00e9n cuando usas, por primera vez, terapia de compresi\u00f3n.<br \/>\nEl tal\u00f3n anat\u00f3mico y el prehormado (forma de la pierna) garantizan un calce perfecto y adecuados niveles de compresi\u00f3n.Uso diario. Revisa la gu\u00eda de tallas.<br \/>\nDispositivo m\u00e9dico certificado CE<br \/>\nFabricado en Italia<\/p>\n","protected":false},"featured_media":2682,"comment_status":"open","ping_status":"closed","template":"","meta":{"_monsterinsights_skip_tracking":false,"_monsterinsights_sitenote_active":false,"_monsterinsights_sitenote_note":"","_monsterinsights_sitenote_category":0},"product_brand":[],"product_cat":[108,146,106,148,155,113,97,111],"product_tag":[],"class_list":{"0":"post-2681","1":"product","2":"type-product","3":"status-publish","4":"has-post-thumbnail","6":"product_cat-calcetines-para-diabeticos","7":"product_cat-cuidado-de-heridas-ayudas-tecnicas","8":"product_cat-cuidado-de-pies","9":"product_cat-heridas","10":"product_cat-media-de-compresion","11":"product_cat-rodilla","12":"product_cat-tobillo-y-pie-ortopedia-y-rehabilitacion","13":"product_cat-zapatos-de-descarga-para-ulceras-plantares","14":"pa_talla-01-xs","15":"pa_talla-02-s","16":"pa_talla-03-m","17":"pa_talla-04-l","18":"pa_talla-05-xl","20":"first","21":"instock","22":"sale","23":"taxable","24":"shipping-taxable","25":"purchasable","26":"product-type-variable"},"_links":{"self":[{"href":"https:\/\/surti-ort.cl\/index.php\/wp-json\/wp\/v2\/product\/2681","targetHints":{"allow":["GET"]}}],"collection":[{"href":"https:\/\/surti-ort.cl\/index.php\/wp-json\/wp\/v2\/product"}],"about":[{"href":"https:\/\/surti-ort.cl\/index.php\/wp-json\/wp\/v2\/types\/product"}],"replies":[{"embeddable":true,"href":"https:\/\/surti-ort.cl\/index.php\/wp-json\/wp\/v2\/comments?post=2681"}],"wp:featuredmedia":[{"embeddable":true,"href":"https:\/\/surti-ort.cl\/index.php\/wp-json\/wp\/v2\/media\/2682"}],"wp:attachment":[{"href":"https:\/\/surti-ort.cl\/index.php\/wp-json\/wp\/v2\/media?parent=2681"}],"wp:term":[{"taxonomy":"product_brand","embeddable":true,"href":"https:\/\/surti-ort.cl\/index.php\/wp-json\/wp\/v2\/product_brand?post=2681"},{"taxonomy":"product_cat","embeddable":true,"href":"https:\/\/surti-ort.cl\/index.php\/wp-json\/wp\/v2\/product_cat?post=2681"},{"taxonomy":"product_tag","embeddable":true,"href":"https:\/\/surti-ort.cl\/index.php\/wp-json\/wp\/v2\/product_tag?post=2681"}],"curies":[{"name":"wp","href":"https:\/\/api.w.org\/{rel}","templated":true}]}}