{"id":2640,"date":"2025-03-27T20:27:34","date_gmt":"2025-03-27T20:27:34","guid":{"rendered":"https:\/\/surti-ort.cl\/?post_type=product&#038;p=2640"},"modified":"2025-08-04T03:01:31","modified_gmt":"2025-08-04T03:01:31","slug":"jobst-ultrasheer-compresion-alta-rodilla-30-40","status":"publish","type":"product","link":"https:\/\/surti-ort.cl\/index.php\/product\/jobst-ultrasheer-compresion-alta-rodilla-30-40\/","title":{"rendered":"JOBST\u00ae ULTRASHEER Compresi\u00f3n Alta Rodilla  30-40"},"content":{"rendered":"<h2 class=\"jobstcl-pdp-extra-properties-0-x-accordionItemTitle\"><button class=\"jobstcl-pdp-extra-properties-0-x-accordionItemBtn\">Caracter\u00edsticas<\/button><\/h2>\n<div class=\"jobstcl-pdp-extra-properties-0-x-accordionItemContainer\">\n<div class=\"jobstcl-pdp-extra-properties-0-x-accordionItemContent\">\n<div class=\"jobstcl-pdp-extra-properties-0-x-productFeatures jobstcl-pdp-extra-properties-0-x-productFeatures--features\">\n<div class=\"jobstcl-pdp-extra-properties-0-x-container flex tl items-start justify-start t-body c-on-base\">\n<div class=\"jobstcl-pdp-extra-properties-0-x-wrapper\">\n<ul class=\"jobstcl-pdp-extra-properties-0-x-list \">\n<li class=\"jobstcl-pdp-extra-properties-0-x-listItem\">Media compresiva graduada, la mayor compresi\u00f3n se encuentra a nivel de tobillo y va decreciendo hasta la parte superior de la pierna.\n<ul class=\"jobstcl-pdp-extra-properties-0-x-list \">\n<li class=\"jobstcl-pdp-extra-properties-0-x-listItem\">Altamente transparente, mantiene el estilo y comodidad.<\/li>\n<li class=\"jobstcl-pdp-extra-properties-0-x-listItem\">Material extremadamente durable.<\/li>\n<li class=\"jobstcl-pdp-extra-properties-0-x-listItem\">Tipo: Rodilla con liga siliconada.<\/li>\n<li class=\"jobstcl-pdp-extra-properties-0-x-listItem\">Color: Natural.<\/li>\n<li class=\"jobstcl-pdp-extra-properties-0-x-listItem\">Dise\u00f1o anat\u00f3mico, requiere seleccionar la talla adecuada de acuerdo al di\u00e1metro del tobillo y pantorrilla, de modo de otorgar la compresi\u00f3n correcta.<\/li>\n<li class=\"jobstcl-pdp-extra-properties-0-x-listItem\">Muy costo\/efectivo, duraci\u00f3n de compresi\u00f3n de 6 meses con uso diario y cuidados requeridos (lavado con detergente suave, sin aplicar cloro ni qu\u00edmicos, agua fr\u00eda o tibia, secado sin exposici\u00f3n a ninguna fuente de calor).<\/li>\n<li class=\"jobstcl-pdp-extra-properties-0-x-listItem\">Libre de l\u00e1tex.<\/li>\n<\/ul>\n<\/li>\n<li>\n<h2 class=\"jobstcl-pdp-extra-properties-0-x-accordionItemTitle\"><button class=\"jobstcl-pdp-extra-properties-0-x-accordionItemBtn\">Beneficios<\/button><\/h2>\n<div class=\"jobstcl-pdp-extra-properties-0-x-accordionItemContainer\">\n<div class=\"jobstcl-pdp-extra-properties-0-x-accordionItemContent\">\n<div class=\"jobstcl-pdp-extra-properties-0-x-productFeatures jobstcl-pdp-extra-properties-0-x-productFeatures--benefits\">\n<div class=\"jobstcl-pdp-extra-properties-0-x-container flex tl items-start justify-start t-body c-on-base\">\n<div class=\"jobstcl-pdp-extra-properties-0-x-wrapper\">\n<ul class=\"jobstcl-pdp-extra-properties-0-x-list \">\n<li class=\"jobstcl-pdp-extra-properties-0-x-listItem\">\n<p class=\"lh-copy jobstcl-pdp-extra-properties-0-x-paragraph\">Mejora la Circulaci\u00f3n: La compresi\u00f3n media ayuda a mantener una circulaci\u00f3n sangu\u00ednea saludable, esencial para aquellos que pasan muchas horas de pie o sentados.<\/p>\n<\/li>\n<li class=\"jobstcl-pdp-extra-properties-0-x-listItem\">\n<p class=\"lh-copy jobstcl-pdp-extra-properties-0-x-paragraph\">Reduce la Hinchaz\u00f3n y el Dolor: Ideal para personas que experimentan hinchaz\u00f3n y fatiga en las piernas.<\/p>\n<\/li>\n<li class=\"jobstcl-pdp-extra-properties-0-x-listItem\">\n<p class=\"lh-copy jobstcl-pdp-extra-properties-0-x-paragraph\">Previene Problemas Circulatorios: Uso recomendado para la prevenci\u00f3n de venas varicosas y la trombosis venosa.<\/p>\n<\/li>\n<\/ul>\n<\/div>\n<\/div>\n<\/div>\n<\/div>\n<\/div>\n<\/li>\n<\/ul>\n<\/div>\n<\/div>\n<\/div>\n<\/div>\n<\/div>\n","protected":false},"excerpt":{"rendered":"<h2 class=\"jobstcl-pdp-extra-properties-0-x-accordionItemTitle\"><button class=\"jobstcl-pdp-extra-properties-0-x-accordionDescription\">Descripci\u00f3n<\/button><\/h2>\n<div class=\"jobstcl-pdp-extra-properties-0-x-accordionItemContainer\">\n<div class=\"jobstcl-pdp-extra-properties-0-x-accordionItemContent\">\n<div class=\"jobstcl-pdp-extra-properties-0-x-productFeatures jobstcl-pdp-extra-properties-0-x-productFeatures--description\">\n<div class=\"\">\n<div class=\"jobstcl-pdp-extra-properties-0-x-container flex tl items-start justify-start t-body c-on-base\">\n<div class=\"jobstcl-pdp-extra-properties-0-x-wrapper\">\n<p class=\"lh-copy jobstcl-pdp-extra-properties-0-x-paragraph\">Las medias de compresi\u00f3n 30-40 mmHg JOBST Ultrasheer de color natural est\u00e1n dise\u00f1adas para la prevenci\u00f3n y tratamiento del paciente con insuficiencia venosa cr\u00f3nica, desde piernas cansadas o pesadas, presencia de ara\u00f1itas vasculares, venas varicosas, edemas, cambios de coloraci\u00f3n de la piel, hasta \u00falceras venosas cicatrizadas (desde etapa C0 A C5), prevenci\u00f3n de recurrencia de ulcera venosa, generando un gradiente de compresi\u00f3n que favorece el retorno venoso y la microcirculaci\u00f3n. Su dise\u00f1o elegante, c\u00f3modo y altamente transparente har\u00e1 que solo t\u00fa sepas que llevas una media con beneficios m\u00e9dicos.<\/p>\n<\/div>\n<\/div>\n<\/div>\n<\/div>\n<\/div>\n<\/div>\n","protected":false},"featured_media":2614,"comment_status":"open","ping_status":"closed","template":"","meta":{"_monsterinsights_skip_tracking":false,"_monsterinsights_sitenote_active":false,"_monsterinsights_sitenote_note":"","_monsterinsights_sitenote_category":0},"product_brand":[],"product_cat":[108,106,155,149,113,97,111],"product_tag":[],"class_list":{"0":"post-2640","1":"product","2":"type-product","3":"status-publish","4":"has-post-thumbnail","6":"product_cat-calcetines-para-diabeticos","7":"product_cat-cuidado-de-pies","8":"product_cat-media-de-compresion","9":"product_cat-plantillas","10":"product_cat-rodilla","11":"product_cat-tobillo-y-pie-ortopedia-y-rehabilitacion","12":"product_cat-zapatos-de-descarga-para-ulceras-plantares","13":"pa_talla-talla-l","14":"pa_talla-talla-m","15":"pa_talla-talla-s","16":"pa_talla-talla-xl","18":"first","19":"instock","20":"sale","21":"taxable","22":"shipping-taxable","23":"purchasable","24":"product-type-variable"},"_links":{"self":[{"href":"https:\/\/surti-ort.cl\/index.php\/wp-json\/wp\/v2\/product\/2640","targetHints":{"allow":["GET"]}}],"collection":[{"href":"https:\/\/surti-ort.cl\/index.php\/wp-json\/wp\/v2\/product"}],"about":[{"href":"https:\/\/surti-ort.cl\/index.php\/wp-json\/wp\/v2\/types\/product"}],"replies":[{"embeddable":true,"href":"https:\/\/surti-ort.cl\/index.php\/wp-json\/wp\/v2\/comments?post=2640"}],"wp:featuredmedia":[{"embeddable":true,"href":"https:\/\/surti-ort.cl\/index.php\/wp-json\/wp\/v2\/media\/2614"}],"wp:attachment":[{"href":"https:\/\/surti-ort.cl\/index.php\/wp-json\/wp\/v2\/media?parent=2640"}],"wp:term":[{"taxonomy":"product_brand","embeddable":true,"href":"https:\/\/surti-ort.cl\/index.php\/wp-json\/wp\/v2\/product_brand?post=2640"},{"taxonomy":"product_cat","embeddable":true,"href":"https:\/\/surti-ort.cl\/index.php\/wp-json\/wp\/v2\/product_cat?post=2640"},{"taxonomy":"product_tag","embeddable":true,"href":"https:\/\/surti-ort.cl\/index.php\/wp-json\/wp\/v2\/product_tag?post=2640"}],"curies":[{"name":"wp","href":"https:\/\/api.w.org\/{rel}","templated":true}]}}