{"id":2635,"date":"2025-03-27T19:45:19","date_gmt":"2025-03-27T19:45:19","guid":{"rendered":"https:\/\/surti-ort.cl\/?post_type=product&#038;p=2635"},"modified":"2025-03-27T19:45:19","modified_gmt":"2025-03-27T19:45:19","slug":"jobst-compresion-media-cadera-20-30","status":"publish","type":"product","link":"https:\/\/surti-ort.cl\/index.php\/product\/jobst-compresion-media-cadera-20-30\/","title":{"rendered":"JOBST\u00ae Compresi\u00f3n Media Cadera  20-30"},"content":{"rendered":"<h2 class=\"jobstcl-pdp-extra-properties-0-x-accordionItemTitle\"><button class=\"jobstcl-pdp-extra-properties-0-x-accordionItemBtn\">Caracter\u00edsticas<\/button><\/h2>\n<div class=\"jobstcl-pdp-extra-properties-0-x-accordionItemContainer\">\n<div class=\"jobstcl-pdp-extra-properties-0-x-accordionItemContent\">\n<div class=\"jobstcl-pdp-extra-properties-0-x-productFeatures jobstcl-pdp-extra-properties-0-x-productFeatures--features\">\n<div class=\"jobstcl-pdp-extra-properties-0-x-container flex tl items-start justify-start t-body c-on-base\">\n<div class=\"jobstcl-pdp-extra-properties-0-x-wrapper\">\n<ul class=\"jobstcl-pdp-extra-properties-0-x-list \">\n<li class=\"jobstcl-pdp-extra-properties-0-x-listItem\">Media compresiva graduada, la mayor compresi\u00f3n se encuentra a nivel de tobillo y va decreciendo hasta la parte superior de la pierna. Amigable con la piel, tejido permeable al aire para reducir la transpiraci\u00f3n.\n<ul class=\"jobstcl-pdp-extra-properties-0-x-list \">\n<li class=\"jobstcl-pdp-extra-properties-0-x-listItem\">Tecnolog\u00eda Jobst Advanced Comfort utiliza una mezcla de multifibra\/microfibra de nylon en su hilado y terminaciones, para promover una sensaci\u00f3n suave con manejo de la humedad.<\/li>\n<li class=\"jobstcl-pdp-extra-properties-0-x-listItem\">Tipo: Panty.<\/li>\n<li class=\"jobstcl-pdp-extra-properties-0-x-listItem\">Color: Natural<\/li>\n<li class=\"jobstcl-pdp-extra-properties-0-x-listItem\">Dise\u00f1o anat\u00f3mico, requiere seleccionar la talla adecuada de acuerdo al di\u00e1metro del tobillo y pantorrilla, de modo de otorgar la compresi\u00f3n correcta.<\/li>\n<li class=\"jobstcl-pdp-extra-properties-0-x-listItem\">Dise\u00f1ado para piernas con muslos hasta 81 cm. y caderas hasta 165 cm.<\/li>\n<li class=\"jobstcl-pdp-extra-properties-0-x-listItem\">Mantiene el gradiente de presi\u00f3n luego de los lavados, duraci\u00f3n de compresi\u00f3n de 6 meses con uso diario y cuidados requeridos (lavado con detergente suave a 40 \u00b0C, sin aplicar cloro ni qu\u00edmicos, secado sin exposici\u00f3n a ninguna fuente de calor).<\/li>\n<li class=\"jobstcl-pdp-extra-properties-0-x-listItem\">Libre de l\u00e1tex.<\/li>\n<\/ul>\n<\/li>\n<li>\n<h2 class=\"jobstcl-pdp-extra-properties-0-x-accordionItemTitle\"><button class=\"jobstcl-pdp-extra-properties-0-x-accordionItemBtn\">Beneficios<\/button><\/h2>\n<div class=\"jobstcl-pdp-extra-properties-0-x-accordionItemContainer\">\n<div class=\"jobstcl-pdp-extra-properties-0-x-accordionItemContent\">\n<div class=\"jobstcl-pdp-extra-properties-0-x-productFeatures jobstcl-pdp-extra-properties-0-x-productFeatures--benefits\">\n<div class=\"jobstcl-pdp-extra-properties-0-x-container flex tl items-start justify-start t-body c-on-base\">\n<div class=\"jobstcl-pdp-extra-properties-0-x-wrapper\">\n<ul class=\"jobstcl-pdp-extra-properties-0-x-list \">\n<li class=\"jobstcl-pdp-extra-properties-0-x-listItem\">\n<p class=\"lh-copy jobstcl-pdp-extra-properties-0-x-paragraph\">Compresi\u00f3n Equilibrada: Nuestras medias ofrecen una compresi\u00f3n media que proporciona el soporte adecuado sin sacrificar la comodidad.<\/p>\n<\/li>\n<li class=\"jobstcl-pdp-extra-properties-0-x-listItem\">\n<p class=\"lh-copy jobstcl-pdp-extra-properties-0-x-paragraph\">Alivio de la Fatiga: La compresi\u00f3n graduada ayuda a mejorar la circulaci\u00f3n sangu\u00ednea, reduciendo la fatiga y la sensaci\u00f3n de pesadez en las piernas.<\/p>\n<\/li>\n<li class=\"jobstcl-pdp-extra-properties-0-x-listItem\">\n<p class=\"lh-copy jobstcl-pdp-extra-properties-0-x-paragraph\">Dise\u00f1o Opaque: Su estilo opaco permite usarlas con cualquier tipo de vestimenta, desde atuendos formales hasta informales, sin comprometer el estilo.<\/p>\n<\/li>\n<li class=\"jobstcl-pdp-extra-properties-0-x-listItem\">\n<p class=\"lh-copy jobstcl-pdp-extra-properties-0-x-paragraph\">Comodidad Duradera: Fabricadas con materiales de alta calidad, estas medias garantizan una sensaci\u00f3n suave y c\u00f3moda durante todo el d\u00eda.<\/p>\n<\/li>\n<\/ul>\n<\/div>\n<\/div>\n<\/div>\n<\/div>\n<\/div>\n<\/li>\n<\/ul>\n<\/div>\n<\/div>\n<\/div>\n<\/div>\n<\/div>\n","protected":false},"excerpt":{"rendered":"<h2 class=\"jobstcl-pdp-extra-properties-0-x-accordionItemTitle\"><button class=\"jobstcl-pdp-extra-properties-0-x-accordionDescription\">Descripci\u00f3n<\/button><\/h2>\n<div class=\"jobstcl-pdp-extra-properties-0-x-accordionItemContainer\">\n<div class=\"jobstcl-pdp-extra-properties-0-x-accordionItemContent\">\n<div class=\"jobstcl-pdp-extra-properties-0-x-productFeatures jobstcl-pdp-extra-properties-0-x-productFeatures--description\">\n<div class=\"\">\n<div class=\"jobstcl-pdp-extra-properties-0-x-container flex tl items-start justify-start t-body c-on-base\">\n<div class=\"jobstcl-pdp-extra-properties-0-x-wrapper\">\n<p class=\"lh-copy jobstcl-pdp-extra-properties-0-x-paragraph\">Descubre la fusi\u00f3n perfecta entre comodidad y estilo con nuestras medias de compresi\u00f3n opaque de color natural, con una compresi\u00f3n 20 &#8211; 30 mmHg, est\u00e1n hechas con tejido de textura suave, adaptable a la anatom\u00eda y la forma de un amplio rango de piernas. Estas medias te brindan el apoyo necesario para afrontar el d\u00eda con confianza. Disponibles en una variedad de tonos, son ideales para cualquier ocasi\u00f3n y est\u00e1n fabricadas con una mezcla de hilos de microfibra\/multifibra de nylon que otorgan un aspecto elegante y opaco, que disimula las imperfecciones de la piel, como v\u00e1rices y ara\u00f1itas vasculares.<\/p>\n<\/div>\n<\/div>\n<p><button class=\"jobstcl-pdp-extra-properties-0-x-viewMore\"><\/button><\/div>\n<\/div>\n<\/div>\n<\/div>\n","protected":false},"featured_media":2612,"comment_status":"open","ping_status":"closed","template":"","meta":{"_monsterinsights_skip_tracking":false,"_monsterinsights_sitenote_active":false,"_monsterinsights_sitenote_note":"","_monsterinsights_sitenote_category":0},"product_brand":[],"product_cat":[108,109,106,155,113,97],"product_tag":[],"class_list":{"0":"post-2635","1":"product","2":"type-product","3":"status-publish","4":"has-post-thumbnail","6":"product_cat-calcetines-para-diabeticos","7":"product_cat-cuidado-de-heridas","8":"product_cat-cuidado-de-pies","9":"product_cat-media-de-compresion","10":"product_cat-rodilla","11":"product_cat-tobillo-y-pie-ortopedia-y-rehabilitacion","12":"pa_talla-talla-l","13":"pa_talla-talla-m","14":"pa_talla-talla-s","15":"pa_talla-talla-xl","17":"first","18":"instock","19":"sale","20":"taxable","21":"shipping-taxable","22":"purchasable","23":"product-type-variable"},"_links":{"self":[{"href":"https:\/\/surti-ort.cl\/index.php\/wp-json\/wp\/v2\/product\/2635","targetHints":{"allow":["GET"]}}],"collection":[{"href":"https:\/\/surti-ort.cl\/index.php\/wp-json\/wp\/v2\/product"}],"about":[{"href":"https:\/\/surti-ort.cl\/index.php\/wp-json\/wp\/v2\/types\/product"}],"replies":[{"embeddable":true,"href":"https:\/\/surti-ort.cl\/index.php\/wp-json\/wp\/v2\/comments?post=2635"}],"wp:featuredmedia":[{"embeddable":true,"href":"https:\/\/surti-ort.cl\/index.php\/wp-json\/wp\/v2\/media\/2612"}],"wp:attachment":[{"href":"https:\/\/surti-ort.cl\/index.php\/wp-json\/wp\/v2\/media?parent=2635"}],"wp:term":[{"taxonomy":"product_brand","embeddable":true,"href":"https:\/\/surti-ort.cl\/index.php\/wp-json\/wp\/v2\/product_brand?post=2635"},{"taxonomy":"product_cat","embeddable":true,"href":"https:\/\/surti-ort.cl\/index.php\/wp-json\/wp\/v2\/product_cat?post=2635"},{"taxonomy":"product_tag","embeddable":true,"href":"https:\/\/surti-ort.cl\/index.php\/wp-json\/wp\/v2\/product_tag?post=2635"}],"curies":[{"name":"wp","href":"https:\/\/api.w.org\/{rel}","templated":true}]}}