{"id":2604,"date":"2025-03-26T19:56:05","date_gmt":"2025-03-26T19:56:05","guid":{"rendered":"https:\/\/surti-ort.cl\/?post_type=product&#038;p=2604"},"modified":"2025-03-27T19:47:23","modified_gmt":"2025-03-27T19:47:23","slug":"jobst-media-panty-15-20-compresion","status":"publish","type":"product","link":"https:\/\/surti-ort.cl\/index.php\/product\/jobst-media-panty-15-20-compresion\/","title":{"rendered":"JOBST\u00ae MEDIA PANTY 15-20 COMPRESION"},"content":{"rendered":"<h2 class=\"jobstcl-pdp-extra-properties-0-x-accordionItemTitle\"><button class=\"jobstcl-pdp-extra-properties-0-x-accordionItemBtn\">Caracter\u00edsticas<\/button><\/h2>\n<div class=\"jobstcl-pdp-extra-properties-0-x-accordionItemContainer\">\n<div class=\"jobstcl-pdp-extra-properties-0-x-accordionItemContent\">\n<div class=\"jobstcl-pdp-extra-properties-0-x-productFeatures jobstcl-pdp-extra-properties-0-x-productFeatures--features\">\n<div class=\"jobstcl-pdp-extra-properties-0-x-container flex tl items-start justify-start t-body c-on-base\">\n<div class=\"jobstcl-pdp-extra-properties-0-x-wrapper\">\n<ul class=\"jobstcl-pdp-extra-properties-0-x-list \">\n<li class=\"jobstcl-pdp-extra-properties-0-x-listItem\">Tecnolog\u00eda Jobst Advanced Comfort utiliza una mezcla de multifibra\/microfibra de nylon en su hilado y terminaciones, para promover una sensaci\u00f3n suave con manejo de la humedad.\n<ul class=\"jobstcl-pdp-extra-properties-0-x-list \">\n<li class=\"jobstcl-pdp-extra-properties-0-x-listItem\">Tipo: Panty.<\/li>\n<li class=\"jobstcl-pdp-extra-properties-0-x-listItem\">Color: Natural<\/li>\n<li class=\"jobstcl-pdp-extra-properties-0-x-listItem\">Dise\u00f1o anat\u00f3mico, requiere seleccionar la talla adecuada de acuerdo al di\u00e1metro del tobillo y pantorrilla, de modo de otorgar la compresi\u00f3n correcta.<\/li>\n<li class=\"jobstcl-pdp-extra-properties-0-x-listItem\">Dise\u00f1ado para piernas con muslos hasta 81 cm. y caderas hasta 165 cm.<\/li>\n<li class=\"jobstcl-pdp-extra-properties-0-x-listItem\">Mantiene el gradiente de presi\u00f3n luego de los lavados, duraci\u00f3n de compresi\u00f3n de 6 meses con uso diario y cuidados requeridos (lavado con detergente suave a 40\u00b0C, sin aplicar cloro ni qu\u00edmicos, secado sin exposici\u00f3n a ninguna fuente de calor).<\/li>\n<li class=\"jobstcl-pdp-extra-properties-0-x-listItem\">Libre de l\u00e1tex.<\/li>\n<\/ul>\n<\/li>\n<li>\n<h2 class=\"jobstcl-pdp-extra-properties-0-x-accordionItemTitle\"><button class=\"jobstcl-pdp-extra-properties-0-x-accordionItemBtn\">Beneficios<\/button><\/h2>\n<div class=\"jobstcl-pdp-extra-properties-0-x-accordionItemContainer\">\n<div class=\"jobstcl-pdp-extra-properties-0-x-accordionItemContent\">\n<div class=\"jobstcl-pdp-extra-properties-0-x-productFeatures jobstcl-pdp-extra-properties-0-x-productFeatures--benefits\">\n<div class=\"jobstcl-pdp-extra-properties-0-x-container flex tl items-start justify-start t-body c-on-base\">\n<div class=\"jobstcl-pdp-extra-properties-0-x-wrapper\">\n<ul class=\"jobstcl-pdp-extra-properties-0-x-list \">\n<li class=\"jobstcl-pdp-extra-properties-0-x-listItem\">\n<p class=\"lh-copy jobstcl-pdp-extra-properties-0-x-paragraph\">Compresi\u00f3n Graduada: Mejora la circulaci\u00f3n sangu\u00ednea y reduce la hinchaz\u00f3n y fatiga de las piernas.<\/p>\n<\/li>\n<li class=\"jobstcl-pdp-extra-properties-0-x-listItem\">\n<p class=\"lh-copy jobstcl-pdp-extra-properties-0-x-paragraph\">Material Premium: Fabricado con un tejido suave y resistente que ofrece durabilidad y comodidad durante todo el d\u00eda.<\/p>\n<\/li>\n<li class=\"jobstcl-pdp-extra-properties-0-x-listItem\">\n<p class=\"lh-copy jobstcl-pdp-extra-properties-0-x-paragraph\">Estilo Vers\u00e1til: Disponible en varios colores para combinar con cualquier vestimenta, desde formal hasta casual.<\/p>\n<\/li>\n<li class=\"jobstcl-pdp-extra-properties-0-x-listItem\">\n<p class=\"lh-copy jobstcl-pdp-extra-properties-0-x-paragraph\">F\u00e1cil de Usar: Se deslizan f\u00e1cilmente y se ajustan de manera segura sin comprimir en exceso.<\/p>\n<\/li>\n<li class=\"jobstcl-pdp-extra-properties-0-x-listItem\">\n<p class=\"lh-copy jobstcl-pdp-extra-properties-0-x-paragraph\">Dise\u00f1o Opaque: Su estilo opaco permite usarlas con cualquier tipo de vestimenta, desde atuendos formales hasta informales, sin comprometer el estilo.<\/p>\n<\/li>\n<\/ul>\n<\/div>\n<\/div>\n<\/div>\n<\/div>\n<\/div>\n<\/li>\n<\/ul>\n<\/div>\n<\/div>\n<\/div>\n<\/div>\n<\/div>\n","protected":false},"excerpt":{"rendered":"<div class=\"\">\n<div class=\"jobstcl-pdp-extra-properties-0-x-container flex tl items-start justify-start t-body c-on-base\">\n<div class=\"jobstcl-pdp-extra-properties-0-x-wrapper\">\n<p class=\"lh-copy jobstcl-pdp-extra-properties-0-x-paragraph\">Las medias de compresi\u00f3n JOBST Opaque 15-20 mmHg de color natural, tienen tejido de textura suave, adaptable a la anatom\u00eda y la forma de un amplio rango de piernas, ideales para combinar con vestimentas casuales y semiformales. Son medias de compresi\u00f3n m\u00e9dica a la cadera que brindan un alivio y bienestar a las piernas con problemas de circulaci\u00f3n sangu\u00ednea, fabricadas con una mezcla de hilos de microfibra\/multifibra de nylon que otorgan un aspecto elegante y opaco, que disimula las imperfecciones de la piel, como v\u00e1rices y ara\u00f1itas vasculares.<\/p>\n<\/div>\n<\/div>\n<p><button class=\"jobstcl-pdp-extra-properties-0-x-viewMore\">Ver menos<\/button><\/p>\n<\/div>\n<div class=\"jobstcl-pdp-extra-properties-0-x-productFeatures jobstcl-pdp-extra-properties-0-x-productFeatures--specifications\">\n<div class=\"jobstcl-pdp-extra-properties-0-x-productFeatures jobstcl-pdp-extra-properties-0-x-productFeatures--descriptionVisual\">\n<div class=\"jobstcl-pdp-extra-properties-0-x-productFeatures--item-visual\">\n<p><img decoding=\"async\" class=\"jobstcl-pdp-extra-properties-0-x-imageElement vtex-store-components-3-x-imageElement\" src=\"https:\/\/jobstcl.vtexassets.com\/assets\/vtex.file-manager-graphql\/images\/6f0d3fae-4db1-48b9-8be6-f8a8f67fc582___85dbc732abc915ac1327bf4eeefc50d6.svg\" sizes=\"\" srcset=\"\" alt=\"Textura Suave\" crossorigin=\"anonymous\" \/><\/p>\n<div><span class=\"jobstcl-pdp-extra-properties-0-x-productFeatures--item-bold-label\">Textura Suave<\/span><span class=\"jobstcl-pdp-extra-properties-0-x-productFeatures--item-label\">Adaptable a cualquier tipo de piel<\/span><\/div>\n<\/div>\n<div class=\"jobstcl-pdp-extra-properties-0-x-productFeatures--item-visual\">\n<p><img decoding=\"async\" class=\"jobstcl-pdp-extra-properties-0-x-imageElement vtex-store-components-3-x-imageElement\" src=\"https:\/\/jobstcl.vtexassets.com\/assets\/vtex.file-manager-graphql\/images\/b114d74f-d30c-4aee-9b95-8c757d1ecb21___8a73644f9658e8d5caed4cd442fe3747.svg\" sizes=\"\" srcset=\"\" alt=\"Durable\" crossorigin=\"anonymous\" \/><\/p>\n<div><span class=\"jobstcl-pdp-extra-properties-0-x-productFeatures--item-bold-label\">Durable<\/span><span class=\"jobstcl-pdp-extra-properties-0-x-productFeatures--item-label\">Tela resistente de alta durabilidad<\/span><\/div>\n<\/div>\n<div class=\"jobstcl-pdp-extra-properties-0-x-productFeatures--item-visual\">\n<p><img decoding=\"async\" class=\"jobstcl-pdp-extra-properties-0-x-imageElement vtex-store-components-3-x-imageElement\" src=\"https:\/\/jobstcl.vtexassets.com\/assets\/vtex.file-manager-graphql\/images\/b082f401-c45a-419d-b42c-3f70d3e0bae1___31e9da58dadbd58d81bb10b8a66a845a.svg\" sizes=\"\" srcset=\"\" alt=\"Control de la humedad\" crossorigin=\"anonymous\" \/><\/p>\n<div><span class=\"jobstcl-pdp-extra-properties-0-x-productFeatures--item-bold-label\">Control de la humedad<\/span><span class=\"jobstcl-pdp-extra-properties-0-x-productFeatures--item-label\">Ayudan a mantener los pies secos<\/span><\/div>\n<\/div>\n<div class=\"jobstcl-pdp-extra-properties-0-x-productFeatures--item-visual\">\n<p><img decoding=\"async\" class=\"jobstcl-pdp-extra-properties-0-x-imageElement vtex-store-components-3-x-imageElement\" src=\"https:\/\/jobstcl.vtexassets.com\/assets\/vtex.file-manager-graphql\/images\/206cedf6-0078-45bc-8a84-45932338e972___1a5c4503d80f88c1963183c56835224c.svg\" sizes=\"\" srcset=\"\" alt=\"Respirable\" crossorigin=\"anonymous\" \/><\/p>\n<div><span class=\"jobstcl-pdp-extra-properties-0-x-productFeatures--item-bold-label\">Respirable<\/span><span class=\"jobstcl-pdp-extra-properties-0-x-productFeatures--item-label\">Permite la ventilaci\u00f3n para mayor comodidad<\/span><\/div>\n<\/div>\n<\/div>\n<\/div>\n","protected":false},"featured_media":2612,"comment_status":"open","ping_status":"closed","template":"","meta":{"_monsterinsights_skip_tracking":false,"_monsterinsights_sitenote_active":false,"_monsterinsights_sitenote_note":"","_monsterinsights_sitenote_category":0},"product_brand":[],"product_cat":[108,155,113,97],"product_tag":[119,147,117],"class_list":{"0":"post-2604","1":"product","2":"type-product","3":"status-publish","4":"has-post-thumbnail","6":"product_cat-calcetines-para-diabeticos","7":"product_cat-media-de-compresion","8":"product_cat-rodilla","9":"product_cat-tobillo-y-pie-ortopedia-y-rehabilitacion","10":"product_tag-alzabanos","11":"product_tag-silla-de-ruedas","12":"product_tag-silla-ducha","13":"pa_talla-talla-l","14":"pa_talla-talla-m","15":"pa_talla-talla-s","16":"pa_talla-talla-xl","18":"first","19":"instock","20":"sale","21":"taxable","22":"shipping-taxable","23":"purchasable","24":"product-type-variable"},"_links":{"self":[{"href":"https:\/\/surti-ort.cl\/index.php\/wp-json\/wp\/v2\/product\/2604","targetHints":{"allow":["GET"]}}],"collection":[{"href":"https:\/\/surti-ort.cl\/index.php\/wp-json\/wp\/v2\/product"}],"about":[{"href":"https:\/\/surti-ort.cl\/index.php\/wp-json\/wp\/v2\/types\/product"}],"replies":[{"embeddable":true,"href":"https:\/\/surti-ort.cl\/index.php\/wp-json\/wp\/v2\/comments?post=2604"}],"wp:featuredmedia":[{"embeddable":true,"href":"https:\/\/surti-ort.cl\/index.php\/wp-json\/wp\/v2\/media\/2612"}],"wp:attachment":[{"href":"https:\/\/surti-ort.cl\/index.php\/wp-json\/wp\/v2\/media?parent=2604"}],"wp:term":[{"taxonomy":"product_brand","embeddable":true,"href":"https:\/\/surti-ort.cl\/index.php\/wp-json\/wp\/v2\/product_brand?post=2604"},{"taxonomy":"product_cat","embeddable":true,"href":"https:\/\/surti-ort.cl\/index.php\/wp-json\/wp\/v2\/product_cat?post=2604"},{"taxonomy":"product_tag","embeddable":true,"href":"https:\/\/surti-ort.cl\/index.php\/wp-json\/wp\/v2\/product_tag?post=2604"}],"curies":[{"name":"wp","href":"https:\/\/api.w.org\/{rel}","templated":true}]}}