{"id":2593,"date":"2025-03-07T22:51:41","date_gmt":"2025-03-07T22:51:41","guid":{"rendered":"https:\/\/surti-ort.cl\/?post_type=product&#038;p=2593"},"modified":"2025-03-07T22:51:42","modified_gmt":"2025-03-07T22:51:42","slug":"jobst-ultrasheer-compresion-media-muslo-15-20mmhg","status":"publish","type":"product","link":"https:\/\/surti-ort.cl\/index.php\/product\/jobst-ultrasheer-compresion-media-muslo-15-20mmhg\/","title":{"rendered":"JOBST\u00ae ULTRASHEER Compresi\u00f3n Media Muslo 15-20mmhg"},"content":{"rendered":"<div class=\"jobstcl-pdp-extra-properties-0-x-container flex tl items-start justify-start t-body c-on-base\">\n<div class=\"jobstcl-pdp-extra-properties-0-x-wrapper\">\n<p class=\"lh-copy jobstcl-pdp-extra-properties-0-x-paragraph\">Si est\u00e1s buscando una media de compresi\u00f3n m\u00e9dica que se adapte a tu estilo de vida activo y te proporcione el alivio y la seguridad para sentirte llena de confianza para realizar todas tus actividades, JOBST\u00ae Ultrasheer es para ti.<\/p>\n<\/div>\n<\/div>\n<div class=\"jobstcl-pdp-extra-properties-0-x-container flex tl items-start justify-start t-body c-on-base\">\n<div class=\"jobstcl-pdp-extra-properties-0-x-wrapper\">\n<p class=\"lh-copy jobstcl-pdp-extra-properties-0-x-paragraph\">JOBST\u00ae Ultrasheer son medias pensadas para aquellas personas exigentes que acostumbran a usar un estilo formal. Su dise\u00f1o elegante, comodo y altamente transparente har\u00e1 que solo t\u00fa sepas que llevas una media con beneficios m\u00e9dicos.<\/p>\n<\/div>\n<\/div>\n<div class=\"jobstcl-pdp-extra-properties-0-x-container flex tl items-start justify-start t-body c-on-base\">\n<div class=\"jobstcl-pdp-extra-properties-0-x-wrapper\">\n<p class=\"lh-copy jobstcl-pdp-extra-properties-0-x-paragraph\">Su suave tacto y su banda en la rodilla te ayudar\u00e1n a sentirte una gran comodidad, y su material transpirable te mantendr\u00e1 seca en todo momento.<\/p>\n<\/div>\n<\/div>\n<div class=\"jobstcl-pdp-extra-properties-0-x-container flex tl items-start justify-start t-body c-on-base\">\n<div class=\"jobstcl-pdp-extra-properties-0-x-wrapper\">\n<p class=\"lh-copy jobstcl-pdp-extra-properties-0-x-paragraph\">\u00dasalas y olv\u00eddate del malestar en las piernas durante todo el d\u00eda gracias a la tecnolog\u00eda JOBST Advanced comfort\u2122, una exclusiva mezcla de hilos y acabados que te proporcionan una sensaci\u00f3n de frescura.<\/p>\n<\/div>\n<\/div>\n<div class=\"jobstcl-pdp-extra-properties-0-x-container flex tl items-start justify-start t-body c-on-base\">\n<div class=\"jobstcl-pdp-extra-properties-0-x-wrapper\">\n<p class=\"lh-copy jobstcl-pdp-extra-properties-0-x-paragraph\">JOBST\u00ae Ultrasheer son tu mejor opci\u00f3n para mejorar tu circulaci\u00f3n sangu\u00ednea y aliviar los s\u00edntomas asociados a las enfermedades venosas.<\/p>\n<\/div>\n<\/div>\n<div class=\"jobstcl-pdp-extra-properties-0-x-container flex tl items-start justify-start t-body c-on-base\">\n<div class=\"jobstcl-pdp-extra-properties-0-x-wrapper\">\n<p class=\"lh-copy jobstcl-pdp-extra-properties-0-x-paragraph\">Tus piernas se merecen la experiencia de comodidad, salud y estilo que JOBST\u00ae te ofrece.<\/p>\n<\/div>\n<\/div>\n<div class=\"jobstcl-pdp-extra-properties-0-x-container flex tl items-start justify-start t-body c-on-base\">\n<div class=\"jobstcl-pdp-extra-properties-0-x-wrapper\">\n<p class=\"lh-copy jobstcl-pdp-extra-properties-0-x-paragraph\">Caracter\u00edsticas<\/p>\n<\/div>\n<\/div>\n<div class=\"jobstcl-pdp-extra-properties-0-x-container flex tl items-start justify-start t-body c-on-base\">\n<div class=\"jobstcl-pdp-extra-properties-0-x-wrapper\">\n<ul class=\"jobstcl-pdp-extra-properties-0-x-list \">\n<li class=\"jobstcl-pdp-extra-properties-0-x-listItem\">Media compresiva graduada, la mayor compresi\u00f3n se encuentra a nivel de tobillo y va decreciendo hasta la parte superior de la pierna.<\/li>\n<\/ul>\n<\/div>\n<\/div>\n<div class=\"jobstcl-pdp-extra-properties-0-x-container flex tl items-start justify-start t-body c-on-base\">\n<div class=\"jobstcl-pdp-extra-properties-0-x-wrapper\">\n<ul class=\"jobstcl-pdp-extra-properties-0-x-list \">\n<li class=\"jobstcl-pdp-extra-properties-0-x-listItem\">Altamente transparente, mantiene el estilo y comodidad.<\/li>\n<\/ul>\n<\/div>\n<\/div>\n<div class=\"jobstcl-pdp-extra-properties-0-x-container flex tl items-start justify-start t-body c-on-base\">\n<div class=\"jobstcl-pdp-extra-properties-0-x-wrapper\">\n<ul class=\"jobstcl-pdp-extra-properties-0-x-list \">\n<li class=\"jobstcl-pdp-extra-properties-0-x-listItem\">Material extremadamente durable.<\/li>\n<\/ul>\n<\/div>\n<\/div>\n<div class=\"jobstcl-pdp-extra-properties-0-x-container flex tl items-start justify-start t-body c-on-base\">\n<div class=\"jobstcl-pdp-extra-properties-0-x-wrapper\">\n<ul class=\"jobstcl-pdp-extra-properties-0-x-list \">\n<li class=\"jobstcl-pdp-extra-properties-0-x-listItem\">Diversidad de modelos disponibles: rodilla, muslo con liga siliconada, panty.<\/li>\n<\/ul>\n<\/div>\n<\/div>\n<div class=\"jobstcl-pdp-extra-properties-0-x-container flex tl items-start justify-start t-body c-on-base\">\n<div class=\"jobstcl-pdp-extra-properties-0-x-wrapper\">\n<ul class=\"jobstcl-pdp-extra-properties-0-x-list \">\n<li class=\"jobstcl-pdp-extra-properties-0-x-listItem\">Dise\u00f1o anat\u00f3mico, requiere seleccionar la talla adecuada de acuerdo al di\u00e1metro del tobillo y pantorrilla, de modo de otorgar la compresi\u00f3n correcta.<\/li>\n<\/ul>\n<\/div>\n<\/div>\n<div class=\"jobstcl-pdp-extra-properties-0-x-container flex tl items-start justify-start t-body c-on-base\">\n<div class=\"jobstcl-pdp-extra-properties-0-x-wrapper\">\n<ul class=\"jobstcl-pdp-extra-properties-0-x-list \">\n<li class=\"jobstcl-pdp-extra-properties-0-x-listItem\">Muy costo\/efectivo, duraci\u00f3n m\u00ednima de 6 meses con uso diario y cuidados requeridos (lavado con detergente suave, sin aplicar cloro ni qu\u00edmicos, agua fr\u00eda o tibia, secado sin exposici\u00f3n a ninguna fuente de calor).<\/li>\n<\/ul>\n<\/div>\n<\/div>\n<div class=\"jobstcl-pdp-extra-properties-0-x-container flex tl items-start justify-start t-body c-on-base\">\n<div class=\"jobstcl-pdp-extra-properties-0-x-wrapper\">\n<ul class=\"jobstcl-pdp-extra-properties-0-x-list \">\n<li class=\"jobstcl-pdp-extra-properties-0-x-listItem\">Libre de l\u00e1tex.<\/li>\n<\/ul>\n<\/div>\n<\/div>\n<div class=\"jobstcl-pdp-extra-properties-0-x-container flex tl items-start justify-start t-body c-on-base\">\n<div class=\"jobstcl-pdp-extra-properties-0-x-wrapper\">\n<p class=\"lh-copy jobstcl-pdp-extra-properties-0-x-paragraph\">Almacenamiento<\/p>\n<\/div>\n<\/div>\n<div class=\"jobstcl-pdp-extra-properties-0-x-container flex tl items-start justify-start t-body c-on-base\">\n<div class=\"jobstcl-pdp-extra-properties-0-x-wrapper\">\n<ul class=\"jobstcl-pdp-extra-properties-0-x-list \">\n<li class=\"jobstcl-pdp-extra-properties-0-x-listItem\">En lugar fresco y seco.<\/li>\n<\/ul>\n<\/div>\n<\/div>\n<div class=\"jobstcl-pdp-extra-properties-0-x-container flex tl items-start justify-start t-body c-on-base\">\n<div class=\"jobstcl-pdp-extra-properties-0-x-wrapper\">\n<p class=\"lh-copy jobstcl-pdp-extra-properties-0-x-paragraph\">Composici\u00f3n<\/p>\n<\/div>\n<\/div>\n<div class=\"jobstcl-pdp-extra-properties-0-x-container flex tl items-start justify-start t-body c-on-base\">\n<div class=\"jobstcl-pdp-extra-properties-0-x-wrapper\">\n<ul class=\"jobstcl-pdp-extra-properties-0-x-list \">\n<li class=\"jobstcl-pdp-extra-properties-0-x-listItem\">60%-70% nylon, 30-40% elastano.<\/li>\n<\/ul>\n<\/div>\n<\/div>\n<div class=\"jobstcl-pdp-extra-properties-0-x-container flex tl items-start justify-start t-body c-on-base\">\n<div class=\"jobstcl-pdp-extra-properties-0-x-wrapper\">\n<p class=\"lh-copy jobstcl-pdp-extra-properties-0-x-paragraph\">Recomendaciones de uso<\/p>\n<\/div>\n<\/div>\n<div class=\"jobstcl-pdp-extra-properties-0-x-container flex tl items-start justify-start t-body c-on-base\">\n<div class=\"jobstcl-pdp-extra-properties-0-x-wrapper\">\n<ul class=\"jobstcl-pdp-extra-properties-0-x-list \">\n<li class=\"jobstcl-pdp-extra-properties-0-x-listItem\">Compresi\u00f3n terap\u00e9utica de 15-20mmHg: Para uso desde piernas cansadas o pesadas sin signos visibles de insuficiencia venosa hasta la presencia de telangectasias (etapa C0-C1).<\/li>\n<\/ul>\n<\/div>\n<\/div>\n<div class=\"jobstcl-pdp-extra-properties-0-x-container flex tl items-start justify-start t-body c-on-base\">\n<div class=\"jobstcl-pdp-extra-properties-0-x-wrapper\">\n<ul class=\"jobstcl-pdp-extra-properties-0-x-list \">\n<li class=\"jobstcl-pdp-extra-properties-0-x-listItem\">Compresi\u00f3n terap\u00e9utica de 20-30mmHg: Para uso cuando hay presencia de telangectasia hasta presencia de venas varicosas o edema. Tambi\u00e9n indicado para la prevenci\u00f3n de recurrencia de \u00falceras venosas, post quir\u00fargico y post escleroterapia (etapa C1-C3).<\/li>\n<\/ul>\n<\/div>\n<\/div>\n<div class=\"jobstcl-pdp-extra-properties-0-x-container flex tl items-start justify-start t-body c-on-base\">\n<div class=\"jobstcl-pdp-extra-properties-0-x-wrapper\">\n<ul class=\"jobstcl-pdp-extra-properties-0-x-list \">\n<li class=\"jobstcl-pdp-extra-properties-0-x-listItem\">Compresi\u00f3n terap\u00e9utica de 30-40mmHg: Para venas varicosas y edema, tambi\u00e9n en presencia de cambios de coloraci\u00f3n de la piel y lipodermatoesclerosis o \u00falcera venosa cicatrizada (etapa C3-C5).<\/li>\n<\/ul>\n<\/div>\n<\/div>\n","protected":false},"excerpt":{"rendered":"<div>\n<h2 class=\"jobstcl-pdp-extra-properties-0-x-fwbold\">Media Compresiva Muslo JOBST ULTRASHEER 15-20mmHg &#8211; Color Honey (Miel) &#8211; Puntera Cerrada<\/h2>\n<\/div>\n<div class=\"jobstcl-pdp-extra-properties-0-x-acercaDelProductoRow\">\n<div class=\"jobstcl-pdp-extra-properties-0-x-container flex tl items-start justify-start t-body c-on-base\">\n<div class=\"jobstcl-pdp-extra-properties-0-x-wrapper\">\n<p class=\"lh-copy jobstcl-pdp-extra-properties-0-x-paragraph\">JOBST Ultrasheer, son\u00a0<a class=\"jobstcl-pdp-extra-properties-0-x-link\" href=\"https:\/\/tienda.jobst.cl\/medias-de-compresion\/\">media compresiva<\/a>\u00a0para la prevenci\u00f3n y tratamiento del paciente con insuficiencia venosa cr\u00f3nica, desde piernas cansadas o pesadas, presencia de telangectasias, venas varicosas, edemas, cambios de coloraci\u00f3n de la piel, hasta \u00falceras venosas cicatrizadas (desde etapa C0 A C6), prevenci\u00f3n de recurrencia de ulcera venosa, generando un gradiente de compresi\u00f3n que favorece el retorno venoso y la microcirculaci\u00f3n.<\/p>\n<\/div>\n<\/div>\n<\/div>\n","protected":false},"featured_media":2594,"comment_status":"open","ping_status":"closed","template":"","meta":{"_monsterinsights_skip_tracking":false,"_monsterinsights_sitenote_active":false,"_monsterinsights_sitenote_note":"","_monsterinsights_sitenote_category":0},"product_brand":[],"product_cat":[108,146,148,155,113,97],"product_tag":[],"class_list":{"0":"post-2593","1":"product","2":"type-product","3":"status-publish","4":"has-post-thumbnail","6":"product_cat-calcetines-para-diabeticos","7":"product_cat-cuidado-de-heridas-ayudas-tecnicas","8":"product_cat-heridas","9":"product_cat-media-de-compresion","10":"product_cat-rodilla","11":"product_cat-tobillo-y-pie-ortopedia-y-rehabilitacion","12":"pa_talla-talla-l","13":"pa_talla-talla-m","14":"pa_talla-talla-s","15":"pa_talla-talla-xl","17":"first","18":"instock","19":"sale","20":"taxable","21":"shipping-taxable","22":"purchasable","23":"product-type-variable"},"_links":{"self":[{"href":"https:\/\/surti-ort.cl\/index.php\/wp-json\/wp\/v2\/product\/2593","targetHints":{"allow":["GET"]}}],"collection":[{"href":"https:\/\/surti-ort.cl\/index.php\/wp-json\/wp\/v2\/product"}],"about":[{"href":"https:\/\/surti-ort.cl\/index.php\/wp-json\/wp\/v2\/types\/product"}],"replies":[{"embeddable":true,"href":"https:\/\/surti-ort.cl\/index.php\/wp-json\/wp\/v2\/comments?post=2593"}],"wp:featuredmedia":[{"embeddable":true,"href":"https:\/\/surti-ort.cl\/index.php\/wp-json\/wp\/v2\/media\/2594"}],"wp:attachment":[{"href":"https:\/\/surti-ort.cl\/index.php\/wp-json\/wp\/v2\/media?parent=2593"}],"wp:term":[{"taxonomy":"product_brand","embeddable":true,"href":"https:\/\/surti-ort.cl\/index.php\/wp-json\/wp\/v2\/product_brand?post=2593"},{"taxonomy":"product_cat","embeddable":true,"href":"https:\/\/surti-ort.cl\/index.php\/wp-json\/wp\/v2\/product_cat?post=2593"},{"taxonomy":"product_tag","embeddable":true,"href":"https:\/\/surti-ort.cl\/index.php\/wp-json\/wp\/v2\/product_tag?post=2593"}],"curies":[{"name":"wp","href":"https:\/\/api.w.org\/{rel}","templated":true}]}}