{"id":2577,"date":"2025-03-07T22:03:17","date_gmt":"2025-03-07T22:03:17","guid":{"rendered":"https:\/\/surti-ort.cl\/?post_type=product&#038;p=2577"},"modified":"2025-03-07T22:05:44","modified_gmt":"2025-03-07T22:05:44","slug":"medias-para-varices-jobts-ultra-sheer15-20mmhg-color-miel","status":"publish","type":"product","link":"https:\/\/surti-ort.cl\/index.php\/product\/medias-para-varices-jobts-ultra-sheer15-20mmhg-color-miel\/","title":{"rendered":"MEDIAS VARICES JOBTS ULTRA SHEER15-20mmhg  RODILLA COLOR MIEL"},"content":{"rendered":"<ul>\n<li>Nivel de compresi\u00f3n: 15-20 mmHg.<\/li>\n<li>Medias de compresi\u00f3n de grado de m\u00e9dico con dise\u00f1o elegante para dama.<\/li>\n<li>Dise\u00f1o elegante con mezcla de hilos y acabados que proporcionan frescura y comodidad.<\/li>\n<li>Dise\u00f1o transparente.<\/li>\n<li>Material transpirable.<\/li>\n<li>Modelo brillante para una apariencia radiante.<\/li>\n<li>Control y manejo de sudoraci\u00f3n, humedad y olor.<\/li>\n<li>Posee estilos a la rodilla, muslo con una banda de silic\u00f3n con &#8220;dise\u00f1o&#8221; que simula un &#8220;encaje&#8221; brindando una apariencia atractiva, y pantimedia.<\/li>\n<li>Ajuste libre de arrugas con costura lisa y plana en los dedos.<\/li>\n<\/ul>\n<p>Poseen un nivel de compresi\u00f3n baja 15-20 mmHg que brinda una compresi\u00f3n graduada y gradiente que ayudan a reducir y\/o controlar los s\u00edntomas de la Insuficiencia venosa cr\u00f3nica (hinchaz\u00f3n, pesadez, v\u00e1rices, etc.). Mejora la circulaci\u00f3n de la sangre en las piernas.<\/p>\n","protected":false},"excerpt":{"rendered":"<p>JOBST Ultrasheer, son\u00a0<a href=\"https:\/\/tienda.jobst-mx.com\/medias-y-calcetines-de-compresion\" target=\"_blank\" rel=\"noopener\"><strong>medias de compresi\u00f3n<\/strong><\/a>\u00a0pensadas para aquellas mujeres exigentes que acostumbran a usar un estilo formal. Su dise\u00f1o elegante y altamente transparente har\u00e1 que solo t\u00fa sepas que llevas una media con beneficios m\u00e9dicos. \u00dasalas y olv\u00eddate del malestar en las piernas durante todo el d\u00eda. Son tu mejor opci\u00f3n para mejorar tu circulaci\u00f3n sangu\u00ednea y ayudar a aliviar los s\u00edntomas asociados a las enfermedades venosas.<\/p>\n","protected":false},"featured_media":2578,"comment_status":"open","ping_status":"closed","template":"","meta":{"_monsterinsights_skip_tracking":false,"_monsterinsights_sitenote_active":false,"_monsterinsights_sitenote_note":"","_monsterinsights_sitenote_category":0},"product_brand":[],"product_cat":[108,106,155,113,97],"product_tag":[147,117],"class_list":{"0":"post-2577","1":"product","2":"type-product","3":"status-publish","4":"has-post-thumbnail","6":"product_cat-calcetines-para-diabeticos","7":"product_cat-cuidado-de-pies","8":"product_cat-media-de-compresion","9":"product_cat-rodilla","10":"product_cat-tobillo-y-pie-ortopedia-y-rehabilitacion","11":"product_tag-silla-de-ruedas","12":"product_tag-silla-ducha","13":"pa_talla-talla-l","14":"pa_talla-l-xl","15":"pa_talla-talla-m","16":"pa_talla-talla-s","17":"pa_talla-s-m","18":"pa_talla-talla-xl","19":"pa_talla-xs","20":"pa_talla-xxl","21":"pa_talla-xxs","22":"pa_talla-xxxl","24":"first","25":"instock","26":"sale","27":"taxable","28":"shipping-taxable","29":"purchasable","30":"product-type-variable"},"_links":{"self":[{"href":"https:\/\/surti-ort.cl\/index.php\/wp-json\/wp\/v2\/product\/2577","targetHints":{"allow":["GET"]}}],"collection":[{"href":"https:\/\/surti-ort.cl\/index.php\/wp-json\/wp\/v2\/product"}],"about":[{"href":"https:\/\/surti-ort.cl\/index.php\/wp-json\/wp\/v2\/types\/product"}],"replies":[{"embeddable":true,"href":"https:\/\/surti-ort.cl\/index.php\/wp-json\/wp\/v2\/comments?post=2577"}],"wp:featuredmedia":[{"embeddable":true,"href":"https:\/\/surti-ort.cl\/index.php\/wp-json\/wp\/v2\/media\/2578"}],"wp:attachment":[{"href":"https:\/\/surti-ort.cl\/index.php\/wp-json\/wp\/v2\/media?parent=2577"}],"wp:term":[{"taxonomy":"product_brand","embeddable":true,"href":"https:\/\/surti-ort.cl\/index.php\/wp-json\/wp\/v2\/product_brand?post=2577"},{"taxonomy":"product_cat","embeddable":true,"href":"https:\/\/surti-ort.cl\/index.php\/wp-json\/wp\/v2\/product_cat?post=2577"},{"taxonomy":"product_tag","embeddable":true,"href":"https:\/\/surti-ort.cl\/index.php\/wp-json\/wp\/v2\/product_tag?post=2577"}],"curies":[{"name":"wp","href":"https:\/\/api.w.org\/{rel}","templated":true}]}}