{"id":2570,"date":"2025-03-06T16:03:06","date_gmt":"2025-03-06T16:03:06","guid":{"rendered":"https:\/\/surti-ort.cl\/?post_type=product&#038;p=2570"},"modified":"2025-03-06T16:03:06","modified_gmt":"2025-03-06T16:03:06","slug":"estacion-de-emergencia","status":"publish","type":"product","link":"https:\/\/surti-ort.cl\/index.php\/product\/estacion-de-emergencia\/","title":{"rendered":"ESTACION DE EMERGENCIA"},"content":{"rendered":"<p>La ESTACION DE EMERGENCIA PARA FAENA\u00a0 es la soluci\u00f3n esencial para situaciones cr\u00edticas en un ambiente laboral de cuidado. Dise\u00f1ada para responder r\u00e1pida y eficientemente ante cualquier evento inesperado, esta estaci\u00f3n ofrece seguridad y confiabilidad inigualables.<\/p>\n<p>Construida con materiales resistentes y de alta calidad, esta estaci\u00f3n incluye una amplia variedad de suministros m\u00e9dicos esenciales y de primeros auxilios. Desde una tabla espinal hasta un extintor de incendios, cada detalle est\u00e1 cuidadosamente pensado para garantizar la preparaci\u00f3n ante emergencias.<\/p>\n<p>Su dise\u00f1o port\u00e1til facilita su traslado y almacenamiento para seguir ocupandola donde lo requieras, ocupando poco espacio en tu faena u obra. Las franjas rojas la hacen f\u00e1cilmente detectable, mientras que su fabricaci\u00f3n en acero esmaltado asegura una larga duraci\u00f3n.<\/p>\n<p>Ideal para faenas mineras, obras de construcci\u00f3n y lugares de alto tr\u00e1fico, esta estaci\u00f3n de emergencia es un elemento imprescindible para proteger la seguridad de tus trabajadores.<\/p>\n<p>COMPONENTES<br \/>\n-Panel de melamina de 15mm, Medidas 150 ancho X 170 alto con franjas rojas y blancas.<br \/>\n-Atril met\u00e1lico tipo A en perfil de 30\u00d720 1,5mm espesor.<br \/>\n-Tabla Espinal pl\u00e1stica<br \/>\n-Inmovilizador de cabeza<br \/>\n-Extintor 10 kg<br \/>\n-Frazada con bolso impermeable<br \/>\n-Botiqu\u00edn 25 personas (105 piezas)<br \/>\n-Bocina de aire<\/p>\n","protected":false},"excerpt":{"rendered":"<p>La ESTACION DE EMERGENCIA PARA FAENA\u00a0 es la soluci\u00f3n esencial para situaciones cr\u00edticas en un ambiente laboral de cuidado. Dise\u00f1ada para responder r\u00e1pida y eficientemente ante cualquier evento inesperado, esta estaci\u00f3n ofrece seguridad y confiabilidad inigualables.<\/p>\n","protected":false},"featured_media":2571,"comment_status":"open","ping_status":"closed","template":"","meta":{"_monsterinsights_skip_tracking":false,"_monsterinsights_sitenote_active":false,"_monsterinsights_sitenote_note":"","_monsterinsights_sitenote_category":0},"product_brand":[],"product_cat":[98,109,146,148,154],"product_tag":[],"class_list":{"0":"post-2570","1":"product","2":"type-product","3":"status-publish","4":"has-post-thumbnail","6":"product_cat-ayudas-tecnicas","7":"product_cat-cuidado-de-heridas","8":"product_cat-cuidado-de-heridas-ayudas-tecnicas","9":"product_cat-heridas","10":"product_cat-insumos-de-rescate","12":"first","13":"instock","14":"sale","15":"taxable","16":"shipping-taxable","17":"purchasable","18":"product-type-simple"},"_links":{"self":[{"href":"https:\/\/surti-ort.cl\/index.php\/wp-json\/wp\/v2\/product\/2570","targetHints":{"allow":["GET"]}}],"collection":[{"href":"https:\/\/surti-ort.cl\/index.php\/wp-json\/wp\/v2\/product"}],"about":[{"href":"https:\/\/surti-ort.cl\/index.php\/wp-json\/wp\/v2\/types\/product"}],"replies":[{"embeddable":true,"href":"https:\/\/surti-ort.cl\/index.php\/wp-json\/wp\/v2\/comments?post=2570"}],"wp:featuredmedia":[{"embeddable":true,"href":"https:\/\/surti-ort.cl\/index.php\/wp-json\/wp\/v2\/media\/2571"}],"wp:attachment":[{"href":"https:\/\/surti-ort.cl\/index.php\/wp-json\/wp\/v2\/media?parent=2570"}],"wp:term":[{"taxonomy":"product_brand","embeddable":true,"href":"https:\/\/surti-ort.cl\/index.php\/wp-json\/wp\/v2\/product_brand?post=2570"},{"taxonomy":"product_cat","embeddable":true,"href":"https:\/\/surti-ort.cl\/index.php\/wp-json\/wp\/v2\/product_cat?post=2570"},{"taxonomy":"product_tag","embeddable":true,"href":"https:\/\/surti-ort.cl\/index.php\/wp-json\/wp\/v2\/product_tag?post=2570"}],"curies":[{"name":"wp","href":"https:\/\/api.w.org\/{rel}","templated":true}]}}