{"id":2517,"date":"2024-08-16T16:22:07","date_gmt":"2024-08-16T16:22:07","guid":{"rendered":"https:\/\/surti-ort.cl\/?post_type=product&#038;p=2517"},"modified":"2024-08-16T16:22:07","modified_gmt":"2024-08-16T16:22:07","slug":"plantillas-workaday-gel-zapato-laboral","status":"publish","type":"product","link":"https:\/\/surti-ort.cl\/index.php\/product\/plantillas-workaday-gel-zapato-laboral\/","title":{"rendered":"PLANTILLAS WORKADAY GEL ZAPATO LABORAL"},"content":{"rendered":"","protected":false},"excerpt":{"rendered":"<div class=\"elementor-element elementor-element-688a1761 elementor-widget elementor-widget-heading\" data-id=\"688a1761\" data-element_type=\"widget\" data-widget_type=\"heading.default\">\n<div class=\"elementor-widget-container\">\n<h2 class=\"elementor-heading-title elementor-size-default\">Plantilla Para Trabajo Diario<\/h2>\n<\/div>\n<\/div>\n<div class=\"elementor-element elementor-element-32f06ef0 elementor-widget elementor-widget-woocommerce-product-price\" data-id=\"32f06ef0\" data-element_type=\"widget\" data-widget_type=\"woocommerce-product-price.default\">\n<div class=\"elementor-widget-container\">\n<p class=\"price\">\n<\/div>\n<\/div>\n<div class=\"elementor-element elementor-element-7fc884af elementor-widget elementor-widget-woocommerce-product-short-description\" data-id=\"7fc884af\" data-element_type=\"widget\" data-widget_type=\"woocommerce-product-short-description.default\">\n<div class=\"elementor-widget-container\">\n<div class=\"woocommerce-product-details__short-description\">\n<p>Las plantillas Workaday brindan lo \u00faltimo en comodidad y protecci\u00f3n para los pies que trabajan duro.<\/p>\n<p>Amortiguadores de gel de alto impacto dise\u00f1ados para apoyar tus arcos y amortiguar tu tal\u00f3n, cada paso que tomes ser\u00e1 m\u00e1s c\u00f3modo que el anterior.<\/p>\n<p>Se adapta a todo tipo de botas de trabajo, zapatos y zapatillas, botas de seguridad<\/p>\n<p>las plantillas son recortables\u00a0 y se adaptan tipo talla del calzado<\/p>\n<\/div>\n<p>talla 40-46<\/p>\n<div class=\"woocommerce-product-details__short-description\">\n<p>&nbsp;<\/p>\n<\/div>\n<p>&nbsp;<\/p>\n<\/div>\n<\/div>\n","protected":false},"featured_media":2518,"comment_status":"open","ping_status":"closed","template":"","meta":{"_monsterinsights_skip_tracking":false,"_monsterinsights_sitenote_active":false,"_monsterinsights_sitenote_note":"","_monsterinsights_sitenote_category":0},"product_brand":[],"product_cat":[98,106,94,149,97],"product_tag":[150],"class_list":{"0":"post-2517","1":"product","2":"type-product","3":"status-publish","4":"has-post-thumbnail","6":"product_cat-ayudas-tecnicas","7":"product_cat-cuidado-de-pies","8":"product_cat-ortopedia-y-rehabilitacion","9":"product_cat-plantillas","10":"product_cat-tobillo-y-pie-ortopedia-y-rehabilitacion","11":"product_tag-bota-ortopedica","13":"first","14":"instock","15":"sale","16":"taxable","17":"shipping-taxable","18":"purchasable","19":"product-type-simple"},"_links":{"self":[{"href":"https:\/\/surti-ort.cl\/index.php\/wp-json\/wp\/v2\/product\/2517","targetHints":{"allow":["GET"]}}],"collection":[{"href":"https:\/\/surti-ort.cl\/index.php\/wp-json\/wp\/v2\/product"}],"about":[{"href":"https:\/\/surti-ort.cl\/index.php\/wp-json\/wp\/v2\/types\/product"}],"replies":[{"embeddable":true,"href":"https:\/\/surti-ort.cl\/index.php\/wp-json\/wp\/v2\/comments?post=2517"}],"wp:featuredmedia":[{"embeddable":true,"href":"https:\/\/surti-ort.cl\/index.php\/wp-json\/wp\/v2\/media\/2518"}],"wp:attachment":[{"href":"https:\/\/surti-ort.cl\/index.php\/wp-json\/wp\/v2\/media?parent=2517"}],"wp:term":[{"taxonomy":"product_brand","embeddable":true,"href":"https:\/\/surti-ort.cl\/index.php\/wp-json\/wp\/v2\/product_brand?post=2517"},{"taxonomy":"product_cat","embeddable":true,"href":"https:\/\/surti-ort.cl\/index.php\/wp-json\/wp\/v2\/product_cat?post=2517"},{"taxonomy":"product_tag","embeddable":true,"href":"https:\/\/surti-ort.cl\/index.php\/wp-json\/wp\/v2\/product_tag?post=2517"}],"curies":[{"name":"wp","href":"https:\/\/api.w.org\/{rel}","templated":true}]}}