{"id":2510,"date":"2024-07-08T14:38:54","date_gmt":"2024-07-08T14:38:54","guid":{"rendered":"https:\/\/surti-ort.cl\/?post_type=product&#038;p=2510"},"modified":"2026-02-11T16:21:17","modified_gmt":"2026-02-11T16:21:17","slug":"prontosan-en-ampollas-40ml","status":"publish","type":"product","link":"https:\/\/surti-ort.cl\/index.php\/product\/prontosan-en-ampollas-40ml\/","title":{"rendered":"PRONTOSAN EN AMPOLLAS 40ML"},"content":{"rendered":"<p>La soluci\u00f3n de irrigaci\u00f3n Prontosan, es una soluci\u00f3n est\u00e9ril y lista para usar. Sus usos incluyen la eliminaci\u00f3n de recubrimientos de heridas y vendajes viejos y eliminar el olor de la herida. Prontosan crea un entorno de cicatrizaci\u00f3n de la herida y es compatible con muchos productos de cuidado de la herida. Prontosan soluci\u00f3n de irrigaci\u00f3n de la herida tambi\u00e9n est\u00e1 aprobado para el uso repetido a largo plazo, puede ser utilizado incluso en heridas cr\u00f3nicas.<\/p>\n<ul>\n<li>Prontosan \u00a0soluci\u00f3n de irrigaci\u00f3n<\/li>\n<li>Est\u00e9ril y listo para el uso<\/li>\n<li>Contiene polihexanide y decylenamidopropyl<\/li>\n<li>Dermatol\u00f3gicamente probado<\/li>\n<li>Elimina suavemente los restos de ap\u00f3sitos viejos<\/li>\n<li>Absorbe el olor de la herida<\/li>\n<li>Adecuado para el uso repetido y largo plazo<\/li>\n<li>Crea un entorno de cicatrizaci\u00f3n de la herida que promueve su curaci\u00f3n<\/li>\n<li>Vida \u00fatil: hasta 8 semanas despu\u00e9s de la apertura<\/li>\n<li>Enjuagues, limpieza y humedece las heridas cr\u00f3nicas<\/li>\n<li>Enjuaga y limpia las heridas agudas, heridas por quemaduras e injertos de las zonas donantes<\/li>\n<li>La eliminaci\u00f3n suave de los ap\u00f3sitos para heridas y fibrina<\/li>\n<li>Adecuado para la instilaci\u00f3n en la terapia de vac\u00edo<\/li>\n<\/ul>\n","protected":false},"excerpt":{"rendered":"<p><strong>La soluci\u00f3n de irrigaci\u00f3n\u00a0Prontosan , es una soluci\u00f3n est\u00e9ril y lista para usar. Sus usos incluyen la eliminaci\u00f3n de recubrimientos de heridas y vendajes viejos y eliminar el olor de la herida. Prontosan crea un entorno de cicatrizaci\u00f3n de la herida\u00a0y es compatible con muchos productos de cuidado de la herida. Prontosan\u00ae soluci\u00f3n de irrigaci\u00f3n de la herida tambi\u00e9n est\u00e1 aprobado para el uso repetido a largo plazo, puede ser utilizado incluso en heridas cr\u00f3nicas.<\/strong><\/p>\n","protected":false},"featured_media":2511,"comment_status":"open","ping_status":"closed","template":"","meta":{"_monsterinsights_skip_tracking":false,"_monsterinsights_sitenote_active":false,"_monsterinsights_sitenote_note":"","_monsterinsights_sitenote_category":0},"product_brand":[],"product_cat":[109,146,148],"product_tag":[],"class_list":{"0":"post-2510","1":"product","2":"type-product","3":"status-publish","4":"has-post-thumbnail","6":"product_cat-cuidado-de-heridas","7":"product_cat-cuidado-de-heridas-ayudas-tecnicas","8":"product_cat-heridas","10":"first","11":"instock","12":"sale","13":"taxable","14":"shipping-taxable","15":"purchasable","16":"product-type-simple"},"_links":{"self":[{"href":"https:\/\/surti-ort.cl\/index.php\/wp-json\/wp\/v2\/product\/2510","targetHints":{"allow":["GET"]}}],"collection":[{"href":"https:\/\/surti-ort.cl\/index.php\/wp-json\/wp\/v2\/product"}],"about":[{"href":"https:\/\/surti-ort.cl\/index.php\/wp-json\/wp\/v2\/types\/product"}],"replies":[{"embeddable":true,"href":"https:\/\/surti-ort.cl\/index.php\/wp-json\/wp\/v2\/comments?post=2510"}],"wp:featuredmedia":[{"embeddable":true,"href":"https:\/\/surti-ort.cl\/index.php\/wp-json\/wp\/v2\/media\/2511"}],"wp:attachment":[{"href":"https:\/\/surti-ort.cl\/index.php\/wp-json\/wp\/v2\/media?parent=2510"}],"wp:term":[{"taxonomy":"product_brand","embeddable":true,"href":"https:\/\/surti-ort.cl\/index.php\/wp-json\/wp\/v2\/product_brand?post=2510"},{"taxonomy":"product_cat","embeddable":true,"href":"https:\/\/surti-ort.cl\/index.php\/wp-json\/wp\/v2\/product_cat?post=2510"},{"taxonomy":"product_tag","embeddable":true,"href":"https:\/\/surti-ort.cl\/index.php\/wp-json\/wp\/v2\/product_tag?post=2510"}],"curies":[{"name":"wp","href":"https:\/\/api.w.org\/{rel}","templated":true}]}}