{"id":2508,"date":"2024-07-08T14:31:15","date_gmt":"2024-07-08T14:31:15","guid":{"rendered":"https:\/\/surti-ort.cl\/?post_type=product&#038;p=2508"},"modified":"2024-07-08T14:31:15","modified_gmt":"2024-07-08T14:31:15","slug":"cavilon-en-spray-28ml","status":"publish","type":"product","link":"https:\/\/surti-ort.cl\/index.php\/product\/cavilon-en-spray-28ml\/","title":{"rendered":"CAVILON EN SPRAY 28ML"},"content":{"rendered":"<p>&nbsp;<\/p>\n<p>Este spray cuenta con varias propiedades beneficiosas para la piel. Por un lado, forma una barrera transparente e impermeable que protege contra la humedad y los irritantes externos, como los productos qu\u00edmicos o la fricci\u00f3n. Adem\u00e1s, tiene una duraci\u00f3n prolongada, lo que significa que no es necesario aplicarlo con frecuencia.<\/p>\n<p>El Cavilon Spray es ampliamente utilizado en el \u00e1mbito m\u00e9dico y hospitalario para proteger la piel de los pacientes que est\u00e1n expuestos a factores de riesgo, como las personas con incontinencia urinaria, as\u00ed como en las zonas donde se ha realizado una cirug\u00eda o un vendaje. Tambi\u00e9n es recomendado para personas que tienen la piel sensible o propensa a la irritaci\u00f3n.<\/p>\n<p><strong>Algunos de los usos m\u00e1s comunes del Cavilon Spray incluyen:<\/strong><\/p>\n<p>\u2013 Protecci\u00f3n de la piel perilesional en pacientes con heridas o \u00falceras.<br \/>\n\u2013 Prevenci\u00f3n de la irritaci\u00f3n en pacientes con incontinencia urinaria o fecal.<br \/>\n\u2013 Cuidado de la piel en \u00e1reas donde se ha realizado una cirug\u00eda o una intervenci\u00f3n m\u00e9dica.<br \/>\n\u2013 Protecci\u00f3n de las zonas de fricci\u00f3n, como los pliegues cut\u00e1neos, las axilas o la entrepierna.<\/p>\n","protected":false},"excerpt":{"rendered":"<p><strong>Cavilon\u00a0es un\u00a0excelente protector de la piel no irritante.<br \/>\nProporciona una\u00a0pel\u00edcula protectora libre de alcohol entre la piel y fluidos corporales\u00a0(orina, heces, sudor, exudados de heridas&#8230;), y para utilizarlo tambi\u00e9n como protecci\u00f3n de la piel debajo de productos adhesivos.<br \/>\nEst\u00e9ril, no es citot\u00f3xico.<br \/>\nDesaparace a las 48 o 72 horas junto con la capa m\u00e1s superficial de la piel.<\/strong><\/p>\n","protected":false},"featured_media":2509,"comment_status":"open","ping_status":"closed","template":"","meta":{"_monsterinsights_skip_tracking":false,"_monsterinsights_sitenote_active":false,"_monsterinsights_sitenote_note":"","_monsterinsights_sitenote_category":0},"product_brand":[],"product_cat":[98,109,146,148],"product_tag":[],"class_list":{"0":"post-2508","1":"product","2":"type-product","3":"status-publish","4":"has-post-thumbnail","6":"product_cat-ayudas-tecnicas","7":"product_cat-cuidado-de-heridas","8":"product_cat-cuidado-de-heridas-ayudas-tecnicas","9":"product_cat-heridas","11":"first","12":"instock","13":"sale","14":"taxable","15":"shipping-taxable","16":"purchasable","17":"product-type-simple"},"_links":{"self":[{"href":"https:\/\/surti-ort.cl\/index.php\/wp-json\/wp\/v2\/product\/2508","targetHints":{"allow":["GET"]}}],"collection":[{"href":"https:\/\/surti-ort.cl\/index.php\/wp-json\/wp\/v2\/product"}],"about":[{"href":"https:\/\/surti-ort.cl\/index.php\/wp-json\/wp\/v2\/types\/product"}],"replies":[{"embeddable":true,"href":"https:\/\/surti-ort.cl\/index.php\/wp-json\/wp\/v2\/comments?post=2508"}],"wp:featuredmedia":[{"embeddable":true,"href":"https:\/\/surti-ort.cl\/index.php\/wp-json\/wp\/v2\/media\/2509"}],"wp:attachment":[{"href":"https:\/\/surti-ort.cl\/index.php\/wp-json\/wp\/v2\/media?parent=2508"}],"wp:term":[{"taxonomy":"product_brand","embeddable":true,"href":"https:\/\/surti-ort.cl\/index.php\/wp-json\/wp\/v2\/product_brand?post=2508"},{"taxonomy":"product_cat","embeddable":true,"href":"https:\/\/surti-ort.cl\/index.php\/wp-json\/wp\/v2\/product_cat?post=2508"},{"taxonomy":"product_tag","embeddable":true,"href":"https:\/\/surti-ort.cl\/index.php\/wp-json\/wp\/v2\/product_tag?post=2508"}],"curies":[{"name":"wp","href":"https:\/\/api.w.org\/{rel}","templated":true}]}}