{"id":2506,"date":"2024-07-08T14:21:59","date_gmt":"2024-07-08T14:21:59","guid":{"rendered":"https:\/\/surti-ort.cl\/?post_type=product&#038;p=2506"},"modified":"2024-10-04T15:02:47","modified_gmt":"2024-10-04T15:02:47","slug":"cutimed-protec-28ml","status":"publish","type":"product","link":"https:\/\/surti-ort.cl\/index.php\/product\/cutimed-protec-28ml\/","title":{"rendered":"CUTIMED PROTEC  28ML"},"content":{"rendered":"<p>&nbsp;<\/p>\n<p>La\u00a0<b>soluci\u00f3n de pol\u00edmero neutro de secado r\u00e1pido\u00a0<\/b>es ideal para el tratamiento de heridas postoperatorias: puede\u00a0<b>pulverizarse r\u00e1pida y extensamente sobre la piel que rodea la herida<\/b>\u00a0y forma una\u00a0<b>barrera impermeable<\/b>\u00a0a los l\u00edquidos durante un<b>\u00a0m\u00e1ximo de 96 horas.<\/b><\/p>\n<p>El spray puede utilizarse tanto como<b>\u00a0profilaxis contra la irritaci\u00f3n de la piel<\/b>\u00a0como para\u00a0<b>proteger\u00a0<\/b>la\u00a0<b>piel ya irritada<\/b>\u00a0durante el tratamiento. La soluci\u00f3n no s\u00f3lo es\u00a0<b>permeable al aire y al vapor de agua<\/b>, sino que tambi\u00e9n est\u00e1<b>\u00a0libre de alcohol, perfume y l\u00e1tex.<\/b>\u00a0Por lo tanto, es especialmente\u00a0<b>delicada para la piel\u00a0<\/b>y tambi\u00e9n puede utilizarse en los\u00a0<b>ni\u00f1os<\/b>.<\/p>\n<ul>\n<li><b>Protecci\u00f3n primaria contra la irritaci\u00f3n de la piel causada por los l\u00edquidos<\/b><\/li>\n<li>Soluci\u00f3n polim\u00e9rica neutra para la piel y de secado r\u00e1pido<\/li>\n<li><b>Puede aplicarse f\u00e1cilmente a grandes \u00e1reas de la piel circundante a la herida<\/b><\/li>\n<li><b>Forma una barrera impermeable contra los fluidos<\/b><\/li>\n<li>Puede utilizarse de forma preventiva o en pieles ya irritadas<\/li>\n<li><b>Efectivo hasta 96 horas<\/b><\/li>\n<li>Especialmente delicado para la piel<\/li>\n<li><b>Permeable al aire y al vapor de agua<\/b><\/li>\n<li><b>Sin alcohol, sin perfume y sin l\u00e1tex<\/b><\/li>\n<li>Tambi\u00e9n se puede utilizar en ni\u00f1os<\/li>\n<li>Ingredientes: Disiloxano, copol\u00edmero de acrilato<\/li>\n<\/ul>\n","protected":false},"excerpt":{"rendered":"<p><strong>Cutimed Protect es un protector cut\u00e1neo l\u00edquido. Tras rociarlo, el l\u00edquido se transforma en una pel\u00edcula protectora duradera y resistente al agua, creando una barrera protectora que previene la irritaci\u00f3n cut\u00e1nea causada por los productos adhesivos, las fuerzas de cizalladura o los excrementos y fluidos corporales. Para uso en piel intacta o irritada.<\/strong><\/p>\n","protected":false},"featured_media":2507,"comment_status":"open","ping_status":"closed","template":"","meta":{"_monsterinsights_skip_tracking":false,"_monsterinsights_sitenote_active":false,"_monsterinsights_sitenote_note":"","_monsterinsights_sitenote_category":0},"product_brand":[],"product_cat":[98,109,146,148],"product_tag":[],"class_list":{"0":"post-2506","1":"product","2":"type-product","3":"status-publish","4":"has-post-thumbnail","6":"product_cat-ayudas-tecnicas","7":"product_cat-cuidado-de-heridas","8":"product_cat-cuidado-de-heridas-ayudas-tecnicas","9":"product_cat-heridas","11":"first","12":"instock","13":"sale","14":"taxable","15":"shipping-taxable","16":"purchasable","17":"product-type-simple"},"_links":{"self":[{"href":"https:\/\/surti-ort.cl\/index.php\/wp-json\/wp\/v2\/product\/2506","targetHints":{"allow":["GET"]}}],"collection":[{"href":"https:\/\/surti-ort.cl\/index.php\/wp-json\/wp\/v2\/product"}],"about":[{"href":"https:\/\/surti-ort.cl\/index.php\/wp-json\/wp\/v2\/types\/product"}],"replies":[{"embeddable":true,"href":"https:\/\/surti-ort.cl\/index.php\/wp-json\/wp\/v2\/comments?post=2506"}],"wp:featuredmedia":[{"embeddable":true,"href":"https:\/\/surti-ort.cl\/index.php\/wp-json\/wp\/v2\/media\/2507"}],"wp:attachment":[{"href":"https:\/\/surti-ort.cl\/index.php\/wp-json\/wp\/v2\/media?parent=2506"}],"wp:term":[{"taxonomy":"product_brand","embeddable":true,"href":"https:\/\/surti-ort.cl\/index.php\/wp-json\/wp\/v2\/product_brand?post=2506"},{"taxonomy":"product_cat","embeddable":true,"href":"https:\/\/surti-ort.cl\/index.php\/wp-json\/wp\/v2\/product_cat?post=2506"},{"taxonomy":"product_tag","embeddable":true,"href":"https:\/\/surti-ort.cl\/index.php\/wp-json\/wp\/v2\/product_tag?post=2506"}],"curies":[{"name":"wp","href":"https:\/\/api.w.org\/{rel}","templated":true}]}}