{"id":2491,"date":"2024-05-30T21:50:38","date_gmt":"2024-05-30T21:50:38","guid":{"rendered":"https:\/\/surti-ort.cl\/?post_type=product&#038;p=2491"},"modified":"2024-05-30T22:45:42","modified_gmt":"2024-05-30T22:45:42","slug":"saturometro-pediatrico","status":"publish","type":"product","link":"https:\/\/surti-ort.cl\/index.php\/product\/saturometro-pediatrico\/","title":{"rendered":"Saturometro Pediatrico blunding"},"content":{"rendered":"<p>Este ox\u00edmetro de pulso es un dispositivo port\u00e1til, conveniente, de f\u00e1cil traslado, no invasivo que se usa para controlar la saturaci\u00f3n de ox\u00edgeno de la hemoglobina arterial (SpO2) y la frecuencia card\u00edaca en ni\u00f1os. Este producto utiliza tecnolog\u00eda \u00f3ptica avanzada, lo que hace que la medici\u00f3n sea m\u00e1s precisa y confiable. Aseg\u00farese que el dedo est\u00e9 colocado correctamente en la sonda. Recomendamos usar el dedo \u00edndice, el mayor y el anular para el monitoreo. Este producto est\u00e1 dise\u00f1ado para controles al azar o atenci\u00f3n en instalaciones sanitarias, a domicilio y en centros m\u00e9dicos. Este producto no es adecuado para usuarios con arritmia \/ insuficiencia card\u00edaca \/ baja perfusi\u00f3n (PI &lt;0.3) \/ dedo tembloroso. Se recomienda no usar el dispositivo en el mismo dedo durante m\u00e1s de 5 minutos. Este ox\u00edmetro NO est\u00e1 dise\u00f1ado para adultos. El grosor del dedo del usuario de este dispositivo debe estar entre 7,64 mm a 11-19<br \/>\nmm.<br \/>\nSi necesita medir SpO2 en adultos, por favor consulte la referencia Blunding BEQ-13.<\/p>\n<p>Indicaci\u00f3n:<\/p>\n<p>Patolog\u00edas relacionadas con problemas de la respiraci\u00f3n como el asma, insuficiencia cardiaca, neumon\u00edas, as\u00ed como cualquier enfermedad que curse con alteraci\u00f3n de la saturaci\u00f3n de ox\u00edgeno en sangre.<\/p>\n<p>Componentes:<\/p>\n<p>1 Ox\u00edmetro Dedo Pedi\u00e1trico<br \/>\n2 bater\u00edas AAA 1.5V Alcalina<br \/>\n1 lazo para colgar<br \/>\n1 porta ox\u00edmetro que protege el dispositivo Folleto Instrucciones de Uso en Espa\u00f1ol<\/p>\n","protected":false},"excerpt":{"rendered":"<p>Este ox\u00edmetro de pulso es un dispositivo port\u00e1til, conveniente, de f\u00e1cil traslado, no invasivo que se usa para controlar la saturaci\u00f3n de ox\u00edgeno de la hemoglobina arterial (SpO2) y la frecuencia card\u00edaca en ni\u00f1os.<\/p>\n","protected":false},"featured_media":2492,"comment_status":"open","ping_status":"closed","template":"","meta":{"_monsterinsights_skip_tracking":false,"_monsterinsights_sitenote_active":false,"_monsterinsights_sitenote_note":"","_monsterinsights_sitenote_category":0},"product_brand":[],"product_cat":[112],"product_tag":[],"class_list":{"0":"post-2491","1":"product","2":"type-product","3":"status-publish","4":"has-post-thumbnail","6":"product_cat-equipos-medicos","8":"first","9":"instock","10":"taxable","11":"shipping-taxable","12":"purchasable","13":"product-type-simple"},"_links":{"self":[{"href":"https:\/\/surti-ort.cl\/index.php\/wp-json\/wp\/v2\/product\/2491","targetHints":{"allow":["GET"]}}],"collection":[{"href":"https:\/\/surti-ort.cl\/index.php\/wp-json\/wp\/v2\/product"}],"about":[{"href":"https:\/\/surti-ort.cl\/index.php\/wp-json\/wp\/v2\/types\/product"}],"replies":[{"embeddable":true,"href":"https:\/\/surti-ort.cl\/index.php\/wp-json\/wp\/v2\/comments?post=2491"}],"wp:featuredmedia":[{"embeddable":true,"href":"https:\/\/surti-ort.cl\/index.php\/wp-json\/wp\/v2\/media\/2492"}],"wp:attachment":[{"href":"https:\/\/surti-ort.cl\/index.php\/wp-json\/wp\/v2\/media?parent=2491"}],"wp:term":[{"taxonomy":"product_brand","embeddable":true,"href":"https:\/\/surti-ort.cl\/index.php\/wp-json\/wp\/v2\/product_brand?post=2491"},{"taxonomy":"product_cat","embeddable":true,"href":"https:\/\/surti-ort.cl\/index.php\/wp-json\/wp\/v2\/product_cat?post=2491"},{"taxonomy":"product_tag","embeddable":true,"href":"https:\/\/surti-ort.cl\/index.php\/wp-json\/wp\/v2\/product_tag?post=2491"}],"curies":[{"name":"wp","href":"https:\/\/api.w.org\/{rel}","templated":true}]}}