{"id":2454,"date":"2024-05-03T23:43:11","date_gmt":"2024-05-03T23:43:11","guid":{"rendered":"https:\/\/surti-ort.cl\/?post_type=product&#038;p=2454"},"modified":"2024-05-03T23:43:11","modified_gmt":"2024-05-03T23:43:11","slug":"tobillera-elastica-orliman-os6240","status":"publish","type":"product","link":"https:\/\/surti-ort.cl\/index.php\/product\/tobillera-elastica-orliman-os6240\/","title":{"rendered":"TOBILLERA EL\u00c1STICA ORLIMAN OS6240"},"content":{"rendered":"<h4><strong>TOBILLERA EL\u00c1STICA ORLIMAN OS6240<\/strong><\/h4>\n<p>Confeccionada en tejido el\u00e1stico de punto transpirable sin costuras, lo que evita rozamientos molestos.<br \/>\nDispositivo muy resistente y suave ofreciendo un mayor confort, as\u00ed como un ajuste anat\u00f3mico en 3D;<br \/>\nincorpora almohadillas visco-el\u00e1sticas que redistribuyen la compresi\u00f3n del vendaje desde los mal\u00e9olos<br \/>\nprominentes hacia las partes blandas de alrededor.<\/p>\n<p><strong>DESCRIPCION:<\/strong><br \/>\n<strong>Efectos:<\/strong>\u00a0El tejido compresivo y las inclusiones de las almohadillas producen un efecto masaje que estimula<br \/>\nla reabsorci\u00f3n m\u00e1s r\u00e1pida de hematomas y edemas. En la zona del tal\u00f3n el tejido de punto es m\u00e1s suave,<br \/>\nevitando opresiones y compresiones no deseadas.<\/p>\n<p><strong>Indicaciones<\/strong>: Inestabilidades ligeras del tobillo, derrames articulares e inflamaciones tanto de origen<br \/>\ntraum\u00e1tico como causadas por enfermedades previas, irritaci\u00f3n postoperatoria y posttraum\u00e1tica<br \/>\n(despu\u00e9s de torceduras), tendomiopat\u00edas. Soporte y protecci\u00f3n para actividades deportivas y laborales.<\/p>\n<p><img decoding=\"async\" src=\"https:\/\/www.orliman.com\/wp-content\/uploads\/CUADRO_OS6240.jpg\" \/><\/p>\n","protected":false},"excerpt":{"rendered":"<h4><strong>TOBILLERAS EL\u00c1STICAS ORLIMAN OS6240<\/strong><\/h4>\n<p>Confeccionada en tejido el\u00e1stico de punto transpirable sin costuras, lo que evita rozamientos molestos.<br \/>\nDispositivo muy resistente y suave ofreciendo un mayor confort, as\u00ed como un ajuste anat\u00f3mico en 3D;<br \/>\nincorpora almohadillas visco-el\u00e1sticas que redistribuyen la compresi\u00f3n del vendaje desde los mal\u00e9olos<br \/>\nprominentes hacia las partes blandas de alrededor.<\/p>\n","protected":false},"featured_media":2455,"comment_status":"open","ping_status":"closed","template":"","meta":{"_monsterinsights_skip_tracking":false,"_monsterinsights_sitenote_active":false,"_monsterinsights_sitenote_note":"","_monsterinsights_sitenote_category":0},"product_brand":[],"product_cat":[145,94,97],"product_tag":[],"class_list":{"0":"post-2454","1":"product","2":"type-product","3":"status-publish","4":"has-post-thumbnail","6":"product_cat-orliman-sport","7":"product_cat-ortopedia-y-rehabilitacion","8":"product_cat-tobillo-y-pie-ortopedia-y-rehabilitacion","9":"pa_talla-talla-l","10":"pa_talla-talla-m","11":"pa_talla-talla-s","13":"first","14":"instock","15":"sale","16":"taxable","17":"shipping-taxable","18":"purchasable","19":"product-type-variable"},"_links":{"self":[{"href":"https:\/\/surti-ort.cl\/index.php\/wp-json\/wp\/v2\/product\/2454","targetHints":{"allow":["GET"]}}],"collection":[{"href":"https:\/\/surti-ort.cl\/index.php\/wp-json\/wp\/v2\/product"}],"about":[{"href":"https:\/\/surti-ort.cl\/index.php\/wp-json\/wp\/v2\/types\/product"}],"replies":[{"embeddable":true,"href":"https:\/\/surti-ort.cl\/index.php\/wp-json\/wp\/v2\/comments?post=2454"}],"wp:featuredmedia":[{"embeddable":true,"href":"https:\/\/surti-ort.cl\/index.php\/wp-json\/wp\/v2\/media\/2455"}],"wp:attachment":[{"href":"https:\/\/surti-ort.cl\/index.php\/wp-json\/wp\/v2\/media?parent=2454"}],"wp:term":[{"taxonomy":"product_brand","embeddable":true,"href":"https:\/\/surti-ort.cl\/index.php\/wp-json\/wp\/v2\/product_brand?post=2454"},{"taxonomy":"product_cat","embeddable":true,"href":"https:\/\/surti-ort.cl\/index.php\/wp-json\/wp\/v2\/product_cat?post=2454"},{"taxonomy":"product_tag","embeddable":true,"href":"https:\/\/surti-ort.cl\/index.php\/wp-json\/wp\/v2\/product_tag?post=2454"}],"curies":[{"name":"wp","href":"https:\/\/api.w.org\/{rel}","templated":true}]}}