{"id":2447,"date":"2024-05-03T23:23:01","date_gmt":"2024-05-03T23:23:01","guid":{"rendered":"https:\/\/surti-ort.cl\/?post_type=product&#038;p=2447"},"modified":"2025-04-03T15:54:03","modified_gmt":"2025-04-03T15:54:03","slug":"munequera-elastica-os6260-orliman-sport","status":"publish","type":"product","link":"https:\/\/surti-ort.cl\/index.php\/product\/munequera-elastica-os6260-orliman-sport\/","title":{"rendered":"MU\u00d1EQUERA EL\u00c1STICA OS6260  ORLIMAN SPORT"},"content":{"rendered":"<h4><strong>MU\u00d1EQUERA EL\u00c1STICA REF: OS6260<\/strong><\/h4>\n<p>Confeccionada en tejido el\u00e1stico de punto transpirable sin costuras lo que evita rozamientos molestos.<br \/>\nDispositivo muy resistente y suave, ofreciendo un mayor confort y ajuste anat\u00f3mico en 3D; incluye cincha<br \/>\nel\u00e1stica para un ajuste individual, consiguiendo una tensi\u00f3n selectiva.<\/p>\n<p><strong>EFECTOS:<\/strong><br \/>\nEstabilizaci\u00f3n, compresi\u00f3n y soporte.<\/p>\n<p><strong>INDICACIONES:<\/strong><br \/>\nTendinitis, artrosis, artritis, ligeras contusiones, traumatismos e inestabilidades leves, procesos inflamatorios.<br \/>\nSoporte y protecci\u00f3n para actividades deportivas y laborales.<\/p>\n<p><img decoding=\"async\" src=\"https:\/\/www.orliman.com\/wp-content\/uploads\/CUADRO_OS6260_.jpg\" \/><\/p>\n","protected":false},"excerpt":{"rendered":"<h4><strong>MU\u00d1EQUERA EL\u00c1STICA REF: OS6260<\/strong><\/h4>\n<p>Confeccionada en tejido el\u00e1stico de punto transpirable sin costuras lo que evita rozamientos molestos.<br \/>\nDispositivo muy resistente y suave, ofreciendo un mayor confort y ajuste anat\u00f3mico en 3D; incluye cincha<br \/>\nel\u00e1stica para un ajuste individual, consiguiendo una tensi\u00f3n selectiva.<\/p>\n","protected":false},"featured_media":2448,"comment_status":"open","ping_status":"closed","template":"","meta":{"_monsterinsights_skip_tracking":false,"_monsterinsights_sitenote_active":false,"_monsterinsights_sitenote_note":"","_monsterinsights_sitenote_category":0},"product_brand":[],"product_cat":[95,145,113],"product_tag":[],"class_list":{"0":"post-2447","1":"product","2":"type-product","3":"status-publish","4":"has-post-thumbnail","6":"product_cat-hombro-y-codo","7":"product_cat-orliman-sport","8":"product_cat-rodilla","9":"pa_talla-talla-l","10":"pa_talla-talla-m","11":"pa_talla-talla-s","13":"first","14":"instock","15":"sale","16":"taxable","17":"shipping-taxable","18":"purchasable","19":"product-type-variable"},"_links":{"self":[{"href":"https:\/\/surti-ort.cl\/index.php\/wp-json\/wp\/v2\/product\/2447","targetHints":{"allow":["GET"]}}],"collection":[{"href":"https:\/\/surti-ort.cl\/index.php\/wp-json\/wp\/v2\/product"}],"about":[{"href":"https:\/\/surti-ort.cl\/index.php\/wp-json\/wp\/v2\/types\/product"}],"replies":[{"embeddable":true,"href":"https:\/\/surti-ort.cl\/index.php\/wp-json\/wp\/v2\/comments?post=2447"}],"wp:featuredmedia":[{"embeddable":true,"href":"https:\/\/surti-ort.cl\/index.php\/wp-json\/wp\/v2\/media\/2448"}],"wp:attachment":[{"href":"https:\/\/surti-ort.cl\/index.php\/wp-json\/wp\/v2\/media?parent=2447"}],"wp:term":[{"taxonomy":"product_brand","embeddable":true,"href":"https:\/\/surti-ort.cl\/index.php\/wp-json\/wp\/v2\/product_brand?post=2447"},{"taxonomy":"product_cat","embeddable":true,"href":"https:\/\/surti-ort.cl\/index.php\/wp-json\/wp\/v2\/product_cat?post=2447"},{"taxonomy":"product_tag","embeddable":true,"href":"https:\/\/surti-ort.cl\/index.php\/wp-json\/wp\/v2\/product_tag?post=2447"}],"curies":[{"name":"wp","href":"https:\/\/api.w.org\/{rel}","templated":true}]}}