{"id":2436,"date":"2024-05-03T22:47:47","date_gmt":"2024-05-03T22:47:47","guid":{"rendered":"https:\/\/surti-ort.cl\/?post_type=product&#038;p=2436"},"modified":"2026-02-12T12:13:51","modified_gmt":"2026-02-12T12:13:51","slug":"rodillera-elastica-corta-orliman-os6211","status":"publish","type":"product","link":"https:\/\/surti-ort.cl\/index.php\/product\/rodillera-elastica-corta-orliman-os6211\/","title":{"rendered":"RODILLERA EL\u00c1STICA CORTA ORLIMAN OS6211"},"content":{"rendered":"<h4><strong>RODILLERA EL\u00c1STICA CORTA ORLIMAN OS6211 \/ 24 CM<\/strong><\/h4>\n<p><strong>REFERENCIA: OS6211<\/strong><br \/>\nConfeccionada en tejido el\u00e1stico de punto transpirable sin costuras lo que evita rozamientos molestos.<br \/>\nMuy resistente y suave ofreciendo un mayor confort y ajuste anat\u00f3mico en 3D; incorpora almohadilla<br \/>\nvisco-el\u00e1stica en forma de anillo e incluye estabilizadores laterales obteniendo un mejor control medio-lateral.<\/p>\n<p><strong>DESCRIPCION:<\/strong><br \/>\n<strong>Efectos:<\/strong>\u00a0El efecto masaje conseguido por el tejido compresivo y la almohadilla rotuliana, mejora la circulaci\u00f3n<br \/>\ny favorece una reabsorci\u00f3n m\u00e1s r\u00e1pida de hematomas y edemas. Zonas de confort confeccionadas en tejido de punto<br \/>\nsuave para evitar opresiones y compresiones no deseadas.<\/p>\n<p><strong>Indicaciones:<\/strong>\u00a0Artritis, artrosis, traumatismos e inestabilidades leves de la rodilla, procesos inflamatorios.<br \/>\nSoporte y protecci\u00f3n para actividades deportivas y laborales.<\/p>\n<p><img decoding=\"async\" src=\"https:\/\/www.orliman.com\/wp-content\/uploads\/CUADRO_OS6211.jpg\" \/><\/p>\n","protected":false},"excerpt":{"rendered":"<p>&nbsp;<\/p>\n<h4><strong>RODILLERAS EL\u00c1STICAS CORTAS ORLIMAN OS6211 \/ 24 CM<\/strong><\/h4>\n<p>Confeccionada en tejido el\u00e1stico de punto transpirable sin costuras lo que evita rozamientos molestos.<br \/>\nMuy resistente y suave ofreciendo un mayor confort y ajuste anat\u00f3mico en 3D; incorpora almohadilla<br \/>\nvisco-el\u00e1stica en forma de anillo e incluye estabilizadores laterales obteniendo un mejor control medio-lateral.<\/p>\n","protected":false},"featured_media":2437,"comment_status":"open","ping_status":"closed","template":"","meta":{"_monsterinsights_skip_tracking":false,"_monsterinsights_sitenote_active":false,"_monsterinsights_sitenote_note":"","_monsterinsights_sitenote_category":0},"product_brand":[],"product_cat":[94,113,97],"product_tag":[],"class_list":{"0":"post-2436","1":"product","2":"type-product","3":"status-publish","4":"has-post-thumbnail","6":"product_cat-ortopedia-y-rehabilitacion","7":"product_cat-rodilla","8":"product_cat-tobillo-y-pie-ortopedia-y-rehabilitacion","9":"pa_talla-talla-l","10":"pa_talla-talla-m","11":"pa_talla-talla-s","13":"first","14":"outofstock","15":"sale","16":"taxable","17":"shipping-taxable","18":"purchasable","19":"product-type-variable","20":"has-default-attributes"},"_links":{"self":[{"href":"https:\/\/surti-ort.cl\/index.php\/wp-json\/wp\/v2\/product\/2436","targetHints":{"allow":["GET"]}}],"collection":[{"href":"https:\/\/surti-ort.cl\/index.php\/wp-json\/wp\/v2\/product"}],"about":[{"href":"https:\/\/surti-ort.cl\/index.php\/wp-json\/wp\/v2\/types\/product"}],"replies":[{"embeddable":true,"href":"https:\/\/surti-ort.cl\/index.php\/wp-json\/wp\/v2\/comments?post=2436"}],"wp:featuredmedia":[{"embeddable":true,"href":"https:\/\/surti-ort.cl\/index.php\/wp-json\/wp\/v2\/media\/2437"}],"wp:attachment":[{"href":"https:\/\/surti-ort.cl\/index.php\/wp-json\/wp\/v2\/media?parent=2436"}],"wp:term":[{"taxonomy":"product_brand","embeddable":true,"href":"https:\/\/surti-ort.cl\/index.php\/wp-json\/wp\/v2\/product_brand?post=2436"},{"taxonomy":"product_cat","embeddable":true,"href":"https:\/\/surti-ort.cl\/index.php\/wp-json\/wp\/v2\/product_cat?post=2436"},{"taxonomy":"product_tag","embeddable":true,"href":"https:\/\/surti-ort.cl\/index.php\/wp-json\/wp\/v2\/product_tag?post=2436"}],"curies":[{"name":"wp","href":"https:\/\/api.w.org\/{rel}","templated":true}]}}