{"id":2384,"date":"2023-03-27T16:00:02","date_gmt":"2023-03-27T16:00:02","guid":{"rendered":"https:\/\/surti-ort.cl\/?post_type=product&#038;p=2384"},"modified":"2025-04-03T15:51:24","modified_gmt":"2025-04-03T15:51:24","slug":"zapato-para-yeso-blunding","status":"publish","type":"product","link":"https:\/\/surti-ort.cl\/index.php\/product\/zapato-para-yeso-blunding\/","title":{"rendered":"ZAPATO PARA YESO &#8211; BLUNDING"},"content":{"rendered":"<p>El Zapato para yeso Blunding est\u00e1 confeccionado en la parte superior con lona y la suela de material t\u00e9rmico semejante al caucho es abierto en el tal\u00f3n y se ajusta al pie con cierre de velcro.<br \/>\nINDICADO PARA:<br \/>\nProtecci\u00f3n del yeso<br \/>\nApoyo de pie en pacientes con yeso.<br \/>\nCOMPOSICI\u00d3N:<br \/>\nEstructura: 70% Algod\u00f3n \/ 30% Lona<br \/>\nSuela: 100% Goma<br \/>\nCierre de Contacto: 100% Nylon<br \/>\nCOLOR: Beige\/Plata<br \/>\nTALLAS<br \/>\nXS (Small): Largo: 19 cm<br \/>\nS (Small): Largo: 21 cm<br \/>\nM (Medium): Largo: 25 cm<br \/>\nL (Large): Largo: 29 cm<\/p>\n","protected":false},"excerpt":{"rendered":"<p>El Zapato para yeso Blunding est\u00e1 confeccionado en la parte superior con lona y la suela de material t\u00e9rmico semejante al caucho es abierto en el tal\u00f3n y se ajusta al pie con cierre de velcro.<br \/>\nINDICADO PARA:<br \/>\nProtecci\u00f3n del yeso<br \/>\nApoyo de pie en pacientes con yeso.<br \/>\nCOMPOSICI\u00d3N:<br \/>\nEstructura: 70% Algod\u00f3n \/ 30% Lona<br \/>\nSuela: 100% Goma<br \/>\nCierre de Contacto: 100% Nylon<br \/>\nCOLOR: Beige\/Plata<\/p>\n","protected":false},"featured_media":2396,"comment_status":"open","ping_status":"closed","template":"","meta":{"_monsterinsights_skip_tracking":false,"_monsterinsights_sitenote_active":false,"_monsterinsights_sitenote_note":"","_monsterinsights_sitenote_category":0},"product_brand":[],"product_cat":[110,108,109,106,111],"product_tag":[],"class_list":{"0":"post-2384","1":"product","2":"type-product","3":"status-publish","4":"has-post-thumbnail","6":"product_cat-botas-de-descarga-para-ulceras-plantares","7":"product_cat-calcetines-para-diabeticos","8":"product_cat-cuidado-de-heridas","9":"product_cat-cuidado-de-pies","10":"product_cat-zapatos-de-descarga-para-ulceras-plantares","11":"pa_talla-talla-l","12":"pa_talla-talla-m","13":"pa_talla-talla-s","14":"pa_talla-talla-xl","16":"first","17":"instock","18":"sale","19":"taxable","20":"shipping-taxable","21":"purchasable","22":"product-type-variable"},"_links":{"self":[{"href":"https:\/\/surti-ort.cl\/index.php\/wp-json\/wp\/v2\/product\/2384","targetHints":{"allow":["GET"]}}],"collection":[{"href":"https:\/\/surti-ort.cl\/index.php\/wp-json\/wp\/v2\/product"}],"about":[{"href":"https:\/\/surti-ort.cl\/index.php\/wp-json\/wp\/v2\/types\/product"}],"replies":[{"embeddable":true,"href":"https:\/\/surti-ort.cl\/index.php\/wp-json\/wp\/v2\/comments?post=2384"}],"wp:featuredmedia":[{"embeddable":true,"href":"https:\/\/surti-ort.cl\/index.php\/wp-json\/wp\/v2\/media\/2396"}],"wp:attachment":[{"href":"https:\/\/surti-ort.cl\/index.php\/wp-json\/wp\/v2\/media?parent=2384"}],"wp:term":[{"taxonomy":"product_brand","embeddable":true,"href":"https:\/\/surti-ort.cl\/index.php\/wp-json\/wp\/v2\/product_brand?post=2384"},{"taxonomy":"product_cat","embeddable":true,"href":"https:\/\/surti-ort.cl\/index.php\/wp-json\/wp\/v2\/product_cat?post=2384"},{"taxonomy":"product_tag","embeddable":true,"href":"https:\/\/surti-ort.cl\/index.php\/wp-json\/wp\/v2\/product_tag?post=2384"}],"curies":[{"name":"wp","href":"https:\/\/api.w.org\/{rel}","templated":true}]}}