{"id":2369,"date":"2022-10-20T14:37:04","date_gmt":"2022-10-20T14:37:04","guid":{"rendered":"https:\/\/surti-ort.cl\/?post_type=product&#038;p=2369"},"modified":"2025-04-03T15:50:49","modified_gmt":"2025-04-03T15:50:49","slug":"almohada-sin-gel-bambu","status":"publish","type":"product","link":"https:\/\/surti-ort.cl\/index.php\/product\/almohada-sin-gel-bambu\/","title":{"rendered":"Almohada sin gel Bambu"},"content":{"rendered":"<p>Almohada Vicoel\u00e1stica cervical fabricada con espuma con memoria de alta densidad que vuelve a su forma original en segundos. Ofrece la posici\u00f3n perfecta para tu cabeza y cuello, y proporciona alivio para los dolores de cuello y espalda. La Funda de Fibra de Bamb\u00fa es considerada la mejor alternativa porque es de f\u00e1cil secado y fibra natural amigable con el medio ambiente. Esto se da por cultivos renovables en cortos periodos de tiempo. Evita irritaci\u00f3n de la piel. Almohada Vicoel\u00e1stica cervical Proporciona un sue\u00f1o limpio y renovador. Reduce ronquidos, el estr\u00e9s y la insomnio. Perfecta para todas las posiciones de sue\u00f1o, de espalda, lado, y boca abajo. Dureza: Soft Medidas: 20 cm de alto x 30 cm de ancho x 50 cm de largo<\/p>\n","protected":false},"excerpt":{"rendered":"<p>Almohada Vicoel\u00e1stica cervical fabricada con espuma con memoria de alta densidad que vuelve a su forma original en segundos. Ofrece la posici\u00f3n perfecta para tu cabeza y cuello, y proporciona alivio para los dolores de cuello y espalda.<\/p>\n","protected":false},"featured_media":2370,"comment_status":"open","ping_status":"closed","template":"","meta":{"_monsterinsights_skip_tracking":false,"_monsterinsights_sitenote_active":false,"_monsterinsights_sitenote_note":"","_monsterinsights_sitenote_category":0},"product_brand":[],"product_cat":[144,94],"product_tag":[],"class_list":{"0":"post-2369","1":"product","2":"type-product","3":"status-publish","4":"has-post-thumbnail","6":"product_cat-cojines","7":"product_cat-ortopedia-y-rehabilitacion","9":"first","10":"outofstock","11":"sale","12":"taxable","13":"shipping-taxable","14":"purchasable","15":"product-type-simple"},"_links":{"self":[{"href":"https:\/\/surti-ort.cl\/index.php\/wp-json\/wp\/v2\/product\/2369","targetHints":{"allow":["GET"]}}],"collection":[{"href":"https:\/\/surti-ort.cl\/index.php\/wp-json\/wp\/v2\/product"}],"about":[{"href":"https:\/\/surti-ort.cl\/index.php\/wp-json\/wp\/v2\/types\/product"}],"replies":[{"embeddable":true,"href":"https:\/\/surti-ort.cl\/index.php\/wp-json\/wp\/v2\/comments?post=2369"}],"wp:featuredmedia":[{"embeddable":true,"href":"https:\/\/surti-ort.cl\/index.php\/wp-json\/wp\/v2\/media\/2370"}],"wp:attachment":[{"href":"https:\/\/surti-ort.cl\/index.php\/wp-json\/wp\/v2\/media?parent=2369"}],"wp:term":[{"taxonomy":"product_brand","embeddable":true,"href":"https:\/\/surti-ort.cl\/index.php\/wp-json\/wp\/v2\/product_brand?post=2369"},{"taxonomy":"product_cat","embeddable":true,"href":"https:\/\/surti-ort.cl\/index.php\/wp-json\/wp\/v2\/product_cat?post=2369"},{"taxonomy":"product_tag","embeddable":true,"href":"https:\/\/surti-ort.cl\/index.php\/wp-json\/wp\/v2\/product_tag?post=2369"}],"curies":[{"name":"wp","href":"https:\/\/api.w.org\/{rel}","templated":true}]}}