{"id":2366,"date":"2022-10-20T14:18:08","date_gmt":"2022-10-20T14:18:08","guid":{"rendered":"https:\/\/surti-ort.cl\/?post_type=product&#038;p=2366"},"modified":"2024-07-19T23:41:30","modified_gmt":"2024-07-19T23:41:30","slug":"cojin-therabody","status":"publish","type":"product","link":"https:\/\/surti-ort.cl\/index.php\/product\/cojin-therabody\/","title":{"rendered":"Coj\u00edn Therabody"},"content":{"rendered":"<p><strong>Confort en el Embarazo<\/strong><\/p>\n<p>Therabody es comodidad total para las embarazadas, ya que sirve de apoyo para el vientre durante la gestaci\u00f3n.<\/p>\n<p><strong>Soporte de los pies a la cabeza<br \/>\n<\/strong>Therabody cubre la funci\u00f3n de m\u00faltiples cojines en uno, pues no solo brinda soporte al vientre, sino tambi\u00e9n a la espalda, la cintura, las rodillas y hasta los tobillos, lo que permite tener un sue\u00f1o reparador.<\/p>\n<p><strong>M\u00faltiple formas. M\u00faltiples alivios.<br \/>\n<\/strong>Con tan solo darle la forma requerida al coj\u00edn, el mismo se adapta al contorno natural del cuerpo.<\/p>\n<p><strong>Funda Removible<br \/>\n<\/strong>La suave funda cuenta con cierre de cremallera para que pueda ser removida y lavada f\u00e1cilmente.<\/p>\n<p class=\"p1\"><strong>Se Adapta a 6 Posiciones<br \/>\n<\/strong>Therabody brinda un c\u00f3modo y eficiente soporte al cuerpo.<\/p>\n<p><strong>Dimensiones de producto:<\/strong>\u00a0138 x 72 x 18 cm<br \/>\n<strong>Peso:\u00a0<\/strong>3.2 kg<\/p>\n","protected":false},"excerpt":{"rendered":"<p>Therabody cubre la funci\u00f3n de m\u00faltiples cojines en uno, pues no solo brinda soporte al vientre, sino tambi\u00e9n a la espalda, la cintura, las rodillas y hasta los tobillos, lo que permite tener un sue\u00f1o reparador.<\/p>\n","protected":false},"featured_media":2367,"comment_status":"open","ping_status":"closed","template":"","meta":{"_monsterinsights_skip_tracking":false,"_monsterinsights_sitenote_active":false,"_monsterinsights_sitenote_note":"","_monsterinsights_sitenote_category":0},"product_brand":[],"product_cat":[98,144,87,94],"product_tag":[],"class_list":{"0":"post-2366","1":"product","2":"type-product","3":"status-publish","4":"has-post-thumbnail","6":"product_cat-ayudas-tecnicas","7":"product_cat-cojines","8":"product_cat-soporte-postural","9":"product_cat-ortopedia-y-rehabilitacion","11":"first","12":"instock","13":"sale","14":"sold-individually","15":"taxable","16":"shipping-taxable","17":"purchasable","18":"product-type-simple"},"_links":{"self":[{"href":"https:\/\/surti-ort.cl\/index.php\/wp-json\/wp\/v2\/product\/2366","targetHints":{"allow":["GET"]}}],"collection":[{"href":"https:\/\/surti-ort.cl\/index.php\/wp-json\/wp\/v2\/product"}],"about":[{"href":"https:\/\/surti-ort.cl\/index.php\/wp-json\/wp\/v2\/types\/product"}],"replies":[{"embeddable":true,"href":"https:\/\/surti-ort.cl\/index.php\/wp-json\/wp\/v2\/comments?post=2366"}],"wp:featuredmedia":[{"embeddable":true,"href":"https:\/\/surti-ort.cl\/index.php\/wp-json\/wp\/v2\/media\/2367"}],"wp:attachment":[{"href":"https:\/\/surti-ort.cl\/index.php\/wp-json\/wp\/v2\/media?parent=2366"}],"wp:term":[{"taxonomy":"product_brand","embeddable":true,"href":"https:\/\/surti-ort.cl\/index.php\/wp-json\/wp\/v2\/product_brand?post=2366"},{"taxonomy":"product_cat","embeddable":true,"href":"https:\/\/surti-ort.cl\/index.php\/wp-json\/wp\/v2\/product_cat?post=2366"},{"taxonomy":"product_tag","embeddable":true,"href":"https:\/\/surti-ort.cl\/index.php\/wp-json\/wp\/v2\/product_tag?post=2366"}],"curies":[{"name":"wp","href":"https:\/\/api.w.org\/{rel}","templated":true}]}}