{"id":2359,"date":"2022-10-17T19:19:32","date_gmt":"2022-10-17T19:19:32","guid":{"rendered":"https:\/\/surti-ort.cl\/?post_type=product&#038;p=2359"},"modified":"2022-10-17T19:19:32","modified_gmt":"2022-10-17T19:19:32","slug":"cutimed-protec","status":"publish","type":"product","link":"https:\/\/surti-ort.cl\/index.php\/product\/cutimed-protec\/","title":{"rendered":"Cutimed Protec"},"content":{"rendered":"<p>Los pacientes con incontinencia necesitan de un cuidado especial por presentar riesgo de lesiones de la piel asociadas a la humedad, tales como dermatitis de contacto y maceraci\u00f3n de la piel.<\/p>\n<p><strong>Cutimed PROTECT Crema<\/strong>\u00a0brinda protecci\u00f3n en grandes \u00e1reas, cuidando, previniendo y tratando la maceraci\u00f3n y las complicaciones asociadas.<br \/>\n<strong>Preserva y mantiene la piel intacta\u00a0<\/strong>para ofrecer una barrera protectora duradera.<br \/>\n<strong>Mantiene la humedad de la piel:\u00a0<\/strong>Previene contra la resequedad, equilibrando la barrera hidrolip\u00eddica de\u00a0la piel, manteniendo la permeabilidad a vapores y ox\u00edgeno.<br \/>\n<strong>Protecci\u00f3n de grandes \u00e1reas\u00a0<\/strong>contra maceraci\u00f3n causada por incontinencia o fluidos corporales.<\/p>\n<p><strong>Seguro y f\u00e1cil de utilizar\u00a0<\/strong>Cutimed PROTECT Crema es f\u00e1cil de aplicar, no deja la piel grasosa, no contiene alcohol ni perfume.<\/p>\n<p>Indicaciones:<br \/>\n&gt; Protecci\u00f3n y prevenci\u00f3n contra maceraci\u00f3n e irritaci\u00f3n de la piel causada por incontinencia urinaria y fecal, efluentes de estomas y<br \/>\nexudados.<\/p>\n<p>&gt; Protecci\u00f3n y prevenci\u00f3n contra la dermatitis de contacto por uso de pa\u00f1ales.<\/p>\n","protected":false},"excerpt":{"rendered":"<p><strong>Cutimed PROTECT Crema<\/strong>\u00a0brinda protecci\u00f3n en grandes \u00e1reas, cuidando, previniendo y tratando la maceraci\u00f3n y las complicaciones asociadas.<\/p>\n","protected":false},"featured_media":2360,"comment_status":"open","ping_status":"closed","template":"","meta":{"_monsterinsights_skip_tracking":false,"_monsterinsights_sitenote_active":false,"_monsterinsights_sitenote_note":"","_monsterinsights_sitenote_category":0},"product_brand":[],"product_cat":[109],"product_tag":[],"class_list":{"0":"post-2359","1":"product","2":"type-product","3":"status-publish","4":"has-post-thumbnail","6":"product_cat-cuidado-de-heridas","8":"first","9":"instock","10":"sale","11":"taxable","12":"shipping-taxable","13":"purchasable","14":"product-type-simple"},"_links":{"self":[{"href":"https:\/\/surti-ort.cl\/index.php\/wp-json\/wp\/v2\/product\/2359","targetHints":{"allow":["GET"]}}],"collection":[{"href":"https:\/\/surti-ort.cl\/index.php\/wp-json\/wp\/v2\/product"}],"about":[{"href":"https:\/\/surti-ort.cl\/index.php\/wp-json\/wp\/v2\/types\/product"}],"replies":[{"embeddable":true,"href":"https:\/\/surti-ort.cl\/index.php\/wp-json\/wp\/v2\/comments?post=2359"}],"wp:featuredmedia":[{"embeddable":true,"href":"https:\/\/surti-ort.cl\/index.php\/wp-json\/wp\/v2\/media\/2360"}],"wp:attachment":[{"href":"https:\/\/surti-ort.cl\/index.php\/wp-json\/wp\/v2\/media?parent=2359"}],"wp:term":[{"taxonomy":"product_brand","embeddable":true,"href":"https:\/\/surti-ort.cl\/index.php\/wp-json\/wp\/v2\/product_brand?post=2359"},{"taxonomy":"product_cat","embeddable":true,"href":"https:\/\/surti-ort.cl\/index.php\/wp-json\/wp\/v2\/product_cat?post=2359"},{"taxonomy":"product_tag","embeddable":true,"href":"https:\/\/surti-ort.cl\/index.php\/wp-json\/wp\/v2\/product_tag?post=2359"}],"curies":[{"name":"wp","href":"https:\/\/api.w.org\/{rel}","templated":true}]}}