{"id":2356,"date":"2022-10-15T13:34:00","date_gmt":"2022-10-15T13:34:00","guid":{"rendered":"https:\/\/surti-ort.cl\/?post_type=product&#038;p=2356"},"modified":"2024-09-30T13:38:46","modified_gmt":"2024-09-30T13:38:46","slug":"colchon-antiescara-con-motor-blunding","status":"publish","type":"product","link":"https:\/\/surti-ort.cl\/index.php\/product\/colchon-antiescara-con-motor-blunding\/","title":{"rendered":"Colch\u00f3n Antiescara con motor Blunding"},"content":{"rendered":"<p>Los colchones antiescaras no solo previenen la formaci\u00f3n de \u00falceras por presi\u00f3n (de alta probabilidad por la movilidad reducida), sino que tambi\u00e9n aportan comodidad para sobrellevar las molestias de la mejor manera.<\/p>\n<p>El colch\u00f3n tiene dos globos compensadores por separado. Bajo el control de la Bomba de Aire, cada globo compensador puede tocar distintas partes del cuerpo cada 6 minutos<br \/>\nLa fluctuaci\u00f3n de los globos compensadores facilita la circulaci\u00f3n sangu\u00ednea y previene la aparici\u00f3n de \u00falceras en el paciente que permanece en cama por largo tiempo y cura r\u00e1pidamente las \u00falceras existentes.<\/p>\n<p>Puede proporcionar una excelente reducci\u00f3n de la presi\u00f3n a trav\u00e9s del movimiento continuo.<\/p>\n<p><strong>Caracter\u00edsticas:<\/strong><\/p>\n<ul>\n<li>Silencioso para un descanso ininterrumpido.<\/li>\n<li>Presi\u00f3n regulable.<\/li>\n<li>Incluye parches de reparaci\u00f3n.<\/li>\n<li>Garant\u00eda de 3 meses.*<\/li>\n<\/ul>\n<p><strong>Indicaci\u00f3n:<\/strong><\/p>\n<p>Pacientes con movilidad reducida o no autovalentes.<\/p>\n<p><strong>Incluye:<\/strong><\/p>\n<ol>\n<li>Motor (13 cm x 25 cm x 9.5 cm).<\/li>\n<li>Colch\u00f3n\u00a0(88 cm x 195 cm x 7 cm).<\/li>\n<\/ol>\n","protected":false},"excerpt":{"rendered":"<p>Los colchones antiescaras no solo previenen la formaci\u00f3n de \u00falceras por presi\u00f3n\u00a0(de alta probabilidad por la movilidad reducida), sino que tambi\u00e9n aportan comodidad para sobrellevar las molestias de la mejor manera.<\/p>\n","protected":false},"featured_media":2357,"comment_status":"open","ping_status":"closed","template":"","meta":{"_monsterinsights_skip_tracking":false,"_monsterinsights_sitenote_active":false,"_monsterinsights_sitenote_note":"","_monsterinsights_sitenote_category":0},"product_brand":[],"product_cat":[128,109,124,94],"product_tag":[],"class_list":{"0":"post-2356","1":"product","2":"type-product","3":"status-publish","4":"has-post-thumbnail","6":"product_cat-cama-clinica","7":"product_cat-cuidado-de-heridas","8":"product_cat-movilidad","9":"product_cat-ortopedia-y-rehabilitacion","11":"first","12":"instock","13":"sale","14":"sold-individually","15":"taxable","16":"shipping-taxable","17":"purchasable","18":"product-type-simple"},"_links":{"self":[{"href":"https:\/\/surti-ort.cl\/index.php\/wp-json\/wp\/v2\/product\/2356","targetHints":{"allow":["GET"]}}],"collection":[{"href":"https:\/\/surti-ort.cl\/index.php\/wp-json\/wp\/v2\/product"}],"about":[{"href":"https:\/\/surti-ort.cl\/index.php\/wp-json\/wp\/v2\/types\/product"}],"replies":[{"embeddable":true,"href":"https:\/\/surti-ort.cl\/index.php\/wp-json\/wp\/v2\/comments?post=2356"}],"wp:featuredmedia":[{"embeddable":true,"href":"https:\/\/surti-ort.cl\/index.php\/wp-json\/wp\/v2\/media\/2357"}],"wp:attachment":[{"href":"https:\/\/surti-ort.cl\/index.php\/wp-json\/wp\/v2\/media?parent=2356"}],"wp:term":[{"taxonomy":"product_brand","embeddable":true,"href":"https:\/\/surti-ort.cl\/index.php\/wp-json\/wp\/v2\/product_brand?post=2356"},{"taxonomy":"product_cat","embeddable":true,"href":"https:\/\/surti-ort.cl\/index.php\/wp-json\/wp\/v2\/product_cat?post=2356"},{"taxonomy":"product_tag","embeddable":true,"href":"https:\/\/surti-ort.cl\/index.php\/wp-json\/wp\/v2\/product_tag?post=2356"}],"curies":[{"name":"wp","href":"https:\/\/api.w.org\/{rel}","templated":true}]}}