{"id":2354,"date":"2022-10-15T13:02:48","date_gmt":"2022-10-15T13:02:48","guid":{"rendered":"https:\/\/surti-ort.cl\/?post_type=product&#038;p=2354"},"modified":"2024-09-30T13:39:53","modified_gmt":"2024-09-30T13:39:53","slug":"nebulizador-yuwell","status":"publish","type":"product","link":"https:\/\/surti-ort.cl\/index.php\/product\/nebulizador-yuwell\/","title":{"rendered":"Nebulizador Yuwell"},"content":{"rendered":"<p>Compresor Nebulizador Port\u00e1til Marca YUWELL. Dise\u00f1ado para proporcionar un tratamiento efectivo y eficiente, generando part\u00edculas de 3.9 a 5 micrones para inhalar, aliviando los s\u00edntomas en un periodo corto de tiempo. Teniendo en cuenta de que se trata de un compresor peque\u00f1o, ligero, y silencioso, el tratamiento se hace m\u00e1s f\u00e1cil y agradable, convirtiendo en una elecci\u00f3n ideal para los cuidados domiciliarios de terapia de aerosol, tanto para adultos como a ni\u00f1os.<\/p>\n<p>CARACTER\u00cdSTICAS<\/p>\n<div class=\"grid-x grid-padding-x product-specs__row\">\n<div class=\"small-12 medium-8 large-7 cell product-specs__column\">\n<div class=\"product-specs__table\">\n<div class=\"product-specs__cell\">\n<p class=\"product-specs__text\">En el compresor hay una hendidura para sujetar cualquier tubo y boquilla del mercado. F\u00e1cil de llevar. Manilla ergon\u00f3mica, incorporada que permite f\u00e1cil transporte del compresor. Tratamiento efectivo y eficiente. Rendimiento consistente. Pist\u00f3n de motor que mantiene un rendimiento constante.<\/p>\n<\/div>\n<\/div>\n<\/div>\n<\/div>\n<div class=\"grid-x grid-padding-x product-specs__row\">\n<div class=\"small-12 medium-4 large-5 cell product-specs__column\">\n<div class=\"product-specs__table\">\n<div class=\"product-specs__cell\"><span class=\"product-specs__title\">RUIDO<\/span><\/div>\n<\/div>\n<\/div>\n<div class=\"small-12 medium-8 large-7 cell product-specs__column\">\n<div class=\"product-specs__table\">\n<div class=\"product-specs__cell\">\n<p class=\"product-specs__text\">Bajo nivel de ruido, menor a 65 db.<\/p>\n<\/div>\n<\/div>\n<\/div>\n<\/div>\n<div class=\"grid-x grid-padding-x product-specs__row\">\n<div class=\"small-12 medium-4 large-5 cell product-specs__column\">\n<div class=\"product-specs__table\">\n<div class=\"product-specs__cell\"><span class=\"product-specs__title\">PRECAUCIONES<\/span><\/div>\n<\/div>\n<\/div>\n<div class=\"small-12 medium-8 large-7 cell product-specs__column\">\n<div class=\"product-specs__table\">\n<div class=\"product-specs__cell\">\n<p class=\"product-specs__text\">No usar por m\u00e1s de 30 Minutos en forma continua y dejar enfriar por lo menos otros 30 minutos antes de volver a encenderlo.<\/p>\n<\/div>\n<\/div>\n<\/div>\n<\/div>\n<div class=\"grid-x grid-padding-x product-specs__row\">\n<div class=\"small-12 medium-4 large-5 cell product-specs__column\">\n<div class=\"product-specs__table\">\n<div class=\"product-specs__cell\"><span class=\"product-specs__title\">FUNCIONAMIENTO<\/span><\/div>\n<\/div>\n<\/div>\n<div class=\"small-12 medium-8 large-7 cell product-specs__column\">\n<div class=\"product-specs__table\">\n<div class=\"product-specs__cell\">\n<p class=\"product-specs__text\">Discontinuo Max. 30 minutos.<\/p>\n<\/div>\n<\/div>\n<\/div>\n<\/div>\n<div class=\"grid-x grid-padding-x product-specs__row\">\n<div class=\"small-12 medium-4 large-5 cell product-specs__column\">\n<div class=\"product-specs__table\">\n<div class=\"product-specs__cell\"><span class=\"product-specs__title\">TAMA\u00d1O DE PART\u00cdCULAS<\/span><\/div>\n<\/div>\n<\/div>\n<div class=\"small-12 medium-8 large-7 cell product-specs__column\">\n<div class=\"product-specs__table\">\n<div class=\"product-specs__cell\">\n<p class=\"product-specs__text\">0,5- 10 Micrones.<\/p>\n<\/div>\n<\/div>\n<\/div>\n<\/div>\n<div class=\"grid-x grid-padding-x product-specs__row\">\n<div class=\"small-12 medium-4 large-5 cell product-specs__column\">\n<div class=\"product-specs__table\">\n<div class=\"product-specs__cell\"><span class=\"product-specs__title\">TEMPERATURA DE FUNCIONAMIENTO<\/span><\/div>\n<\/div>\n<\/div>\n<div class=\"small-12 medium-8 large-7 cell product-specs__column\">\n<div class=\"product-specs__table\">\n<div class=\"product-specs__cell\">\n<p class=\"product-specs__text\">10\u00baC a 40\u00baC.<\/p>\n<\/div>\n<\/div>\n<\/div>\n<\/div>\n<div class=\"grid-x grid-padding-x product-specs__row\">\n<div class=\"small-12 medium-4 large-5 cell product-specs__column\">\n<div class=\"product-specs__table\">\n<div class=\"product-specs__cell\"><span class=\"product-specs__title\">DIMENSIONES<\/span><\/div>\n<\/div>\n<\/div>\n<div class=\"small-12 medium-8 large-7 cell product-specs__column\">\n<div class=\"product-specs__table\">\n<div class=\"product-specs__cell\">\n<p class=\"product-specs__text\">17.5 x 17 x 11 cm.<\/p>\n<\/div>\n<\/div>\n<\/div>\n<\/div>\n<div class=\"grid-x grid-padding-x product-specs__row\">\n<div class=\"small-12 medium-4 large-5 cell product-specs__column\">\n<div class=\"product-specs__table\">\n<div class=\"product-specs__cell\"><span class=\"product-specs__title\">INCLUYE<\/span><\/div>\n<\/div>\n<\/div>\n<div class=\"small-12 medium-8 large-7 cell product-specs__column\">\n<div class=\"product-specs__table\">\n<div class=\"product-specs__cell\">\n<p class=\"product-specs__text\">Nebulizador, mascarillas para adulto y ni\u00f1o, tuber\u00edas, recipiente medicaci\u00f3n, Cable el\u00e9ctrico.<\/p>\n<\/div>\n<\/div>\n<\/div>\n<\/div>\n","protected":false},"excerpt":{"rendered":"<p>Compresor Nebulizador Port\u00e1til Marca YUWELL. Dise\u00f1ado para proporcionar un tratamiento efectivo y eficiente, generando part\u00edculas de 3.9 a 5 micrones para inhalar, aliviando los s\u00edntomas en un periodo corto de tiempo. Teniendo en cuenta de que se trata de un compresor peque\u00f1o, ligero, y silencioso, el tratamiento se hace m\u00e1s f\u00e1cil y agradable, convirtiendo en una elecci\u00f3n ideal para los cuidados domiciliarios de terapia de aerosol, tanto para adultos como a ni\u00f1os<\/p>\n","protected":false},"featured_media":2355,"comment_status":"open","ping_status":"closed","template":"","meta":{"_monsterinsights_skip_tracking":false,"_monsterinsights_sitenote_active":false,"_monsterinsights_sitenote_note":"","_monsterinsights_sitenote_category":0},"product_brand":[],"product_cat":[112,94],"product_tag":[],"class_list":{"0":"post-2354","1":"product","2":"type-product","3":"status-publish","4":"has-post-thumbnail","6":"product_cat-equipos-medicos","7":"product_cat-ortopedia-y-rehabilitacion","9":"first","10":"outofstock","11":"sale","12":"taxable","13":"shipping-taxable","14":"purchasable","15":"product-type-simple"},"_links":{"self":[{"href":"https:\/\/surti-ort.cl\/index.php\/wp-json\/wp\/v2\/product\/2354","targetHints":{"allow":["GET"]}}],"collection":[{"href":"https:\/\/surti-ort.cl\/index.php\/wp-json\/wp\/v2\/product"}],"about":[{"href":"https:\/\/surti-ort.cl\/index.php\/wp-json\/wp\/v2\/types\/product"}],"replies":[{"embeddable":true,"href":"https:\/\/surti-ort.cl\/index.php\/wp-json\/wp\/v2\/comments?post=2354"}],"wp:featuredmedia":[{"embeddable":true,"href":"https:\/\/surti-ort.cl\/index.php\/wp-json\/wp\/v2\/media\/2355"}],"wp:attachment":[{"href":"https:\/\/surti-ort.cl\/index.php\/wp-json\/wp\/v2\/media?parent=2354"}],"wp:term":[{"taxonomy":"product_brand","embeddable":true,"href":"https:\/\/surti-ort.cl\/index.php\/wp-json\/wp\/v2\/product_brand?post=2354"},{"taxonomy":"product_cat","embeddable":true,"href":"https:\/\/surti-ort.cl\/index.php\/wp-json\/wp\/v2\/product_cat?post=2354"},{"taxonomy":"product_tag","embeddable":true,"href":"https:\/\/surti-ort.cl\/index.php\/wp-json\/wp\/v2\/product_tag?post=2354"}],"curies":[{"name":"wp","href":"https:\/\/api.w.org\/{rel}","templated":true}]}}