{"id":2349,"date":"2022-10-14T18:52:43","date_gmt":"2022-10-14T18:52:43","guid":{"rendered":"https:\/\/surti-ort.cl\/?post_type=product&#038;p=2349"},"modified":"2026-04-27T18:12:27","modified_gmt":"2026-04-27T18:12:27","slug":"cinta-silicona-para-cicatrices-rystora-25mm-x-15-mt","status":"publish","type":"product","link":"https:\/\/surti-ort.cl\/index.php\/product\/cinta-silicona-para-cicatrices-rystora-25mm-x-15-mt\/","title":{"rendered":"Cinta Silicona para Cicatrices Rystora 25mm x 1,5 mt"},"content":{"rendered":"<p>La l\u00e1mina para cicatrices Rystora consigue r\u00e1pidas mejoras en el rejuvenecimiento de la piel tras una operaci\u00f3n, quemadura o heridas peque\u00f1as, adem\u00e1s de reducir eficazmente el tama\u00f1o, la dureza, el picor y la decoloraci\u00f3n de las cicatrices.<\/p>\n<p>Principales caracter\u00edsticas de la L\u00e1mina Rystora:<\/p>\n<p>Se compone de una capa de silicona de grado m\u00e9dico 100% y de gel de silicona autoadhesiva.<\/p>\n<p>Suele generar resultados visibles durante las primeras 8 semanas de uso.<\/p>\n<p>Puede ser utilizada por ni\u00f1os, mayores y pacientes con piel sensible.<\/p>\n<p>Es suave, fina y transparente.<\/p>\n<p>Es inodora e ins\u00edpida, impide el crecimiento bacteriano y no decolora la piel o la ropa.<\/p>\n<p>Es lavable y se puede reutilizar durante al menos 7 d\u00edas.<\/p>\n<p>La elasticidad de la silicona hace la l\u00e1mina Rystora m\u00e1s flexible para aplicar en articulaciones como codo y rodilla.<\/p>\n<p>Presentaci\u00f3n rollo de 1,5 metros \u00a0x 2,5 cm.<\/p>\n<p>Grosor 0,5 mm<\/p>\n<p>Caja de 1 unidad<\/p>\n","protected":false},"excerpt":{"rendered":"<p style=\"text-align: left;\">La l\u00e1mina para cicatrices Rystora consigue r\u00e1pidas mejoras en el rejuvenecimiento de la piel tras una operaci\u00f3n, quemadura o heridas peque\u00f1as, adem\u00e1s de reducir eficazmente el tama\u00f1o, la dureza, el picor y la decoloraci\u00f3n de las cicatrices.<\/p>\n<p>&nbsp;<\/p>\n","protected":false},"featured_media":2350,"comment_status":"open","ping_status":"closed","template":"","meta":{"_monsterinsights_skip_tracking":false,"_monsterinsights_sitenote_active":false,"_monsterinsights_sitenote_note":"","_monsterinsights_sitenote_category":0},"product_brand":[],"product_cat":[98,109,95,85,97],"product_tag":[],"class_list":{"0":"post-2349","1":"product","2":"type-product","3":"status-publish","4":"has-post-thumbnail","6":"product_cat-ayudas-tecnicas","7":"product_cat-cuidado-de-heridas","8":"product_cat-hombro-y-codo","9":"product_cat-fijador-de-dedo","10":"product_cat-tobillo-y-pie-ortopedia-y-rehabilitacion","12":"first","13":"outofstock","14":"sale","15":"taxable","16":"shipping-taxable","17":"purchasable","18":"product-type-simple"},"_links":{"self":[{"href":"https:\/\/surti-ort.cl\/index.php\/wp-json\/wp\/v2\/product\/2349","targetHints":{"allow":["GET"]}}],"collection":[{"href":"https:\/\/surti-ort.cl\/index.php\/wp-json\/wp\/v2\/product"}],"about":[{"href":"https:\/\/surti-ort.cl\/index.php\/wp-json\/wp\/v2\/types\/product"}],"replies":[{"embeddable":true,"href":"https:\/\/surti-ort.cl\/index.php\/wp-json\/wp\/v2\/comments?post=2349"}],"wp:featuredmedia":[{"embeddable":true,"href":"https:\/\/surti-ort.cl\/index.php\/wp-json\/wp\/v2\/media\/2350"}],"wp:attachment":[{"href":"https:\/\/surti-ort.cl\/index.php\/wp-json\/wp\/v2\/media?parent=2349"}],"wp:term":[{"taxonomy":"product_brand","embeddable":true,"href":"https:\/\/surti-ort.cl\/index.php\/wp-json\/wp\/v2\/product_brand?post=2349"},{"taxonomy":"product_cat","embeddable":true,"href":"https:\/\/surti-ort.cl\/index.php\/wp-json\/wp\/v2\/product_cat?post=2349"},{"taxonomy":"product_tag","embeddable":true,"href":"https:\/\/surti-ort.cl\/index.php\/wp-json\/wp\/v2\/product_tag?post=2349"}],"curies":[{"name":"wp","href":"https:\/\/api.w.org\/{rel}","templated":true}]}}