{"id":2338,"date":"2022-09-13T23:31:53","date_gmt":"2022-09-13T23:31:53","guid":{"rendered":"https:\/\/surti-ort.cl\/?post_type=product&#038;p=2338"},"modified":"2022-09-13T23:31:54","modified_gmt":"2022-09-13T23:31:54","slug":"soporte-para-hernia-inguinal-blunding","status":"publish","type":"product","link":"https:\/\/surti-ort.cl\/index.php\/product\/soporte-para-hernia-inguinal-blunding\/","title":{"rendered":"SOPORTE PARA HERNIA INGUINAL BLUNDING"},"content":{"rendered":"<p>Soporte para hernia inguinal confeccionado en tela toalla y en su interior de algod\u00f3n, m\u00e1s el\u00e1stico afelpado libre de l\u00e1tex, con oclusores de silicona forrados en algod\u00f3n y ajustable con cierre de contacto.<\/p>\n<ul class=\"ui-pdp-list__wrapper\">\n<li class=\"ui-pdp-list__item\">\n<p class=\"ui-pdp-family--REGULAR ui-pdp-list__text\"><span class=\"ui-pdp-color--BLACK ui-pdp-size--XSMALL ui-pdp-family--BOLD\">Material<\/span>: Algod\u00f3n<\/p>\n<\/li>\n<li class=\"ui-pdp-list__item\">\n<p class=\"ui-pdp-family--REGULAR ui-pdp-list__text\"><span class=\"ui-pdp-color--BLACK ui-pdp-size--XSMALL ui-pdp-family--BOLD\">Tipo de faja lumbar<\/span>: SOPORTE<\/p>\n<\/li>\n<li>Marca: BLUNDING<\/li>\n<\/ul>\n<p>INDICACI\u00d3N:<\/p>\n<p>-Ejercer compresi\u00f3n en el canal inguinal<br \/>\n-Se puede usar para controlar la hernia en espera de la cirug\u00eda reparadora<br \/>\n-Se puede usar ante diagn\u00f3stico de hernia inguinal izquierda, derecha o bilateral<\/p>\n<p>TALLAS Y MEDIDAS:<\/p>\n<p>\u00bfCOMO ELEGIR?<\/p>\n<p>Para determinar la talla adecuada, es necesario medir circunferencia de la cadera, en funci\u00f3n de esta, medida las tallas son:<\/p>\n<p>S (Small): Contorno de cadera 90 cm o menos<br \/>\nM (Medium): Contorno de cadera 90 \u2013 100 cm<br \/>\nL (Large): Contorno de cadera: 100 \u2013 110 cm<br \/>\nXL (Extra Large): Contorno de cadera: 110 \u2013 135 cm<\/p>\n","protected":false},"excerpt":{"rendered":"<p>Soporte para hernia inguinal confeccionado en tela toalla y en su interior de algod\u00f3n, m\u00e1s el\u00e1stico afelpado libre de l\u00e1tex, con oclusores de silicona forrados en algod\u00f3n y ajustable con cierre de contacto.<\/p>\n<ul class=\"ui-pdp-list__wrapper\">\n<li class=\"ui-pdp-list__item\">\n<p class=\"ui-pdp-family--REGULAR ui-pdp-list__text\"><span class=\"ui-pdp-color--BLACK ui-pdp-size--XSMALL ui-pdp-family--BOLD\">Material<\/span>: Algod\u00f3n<\/p>\n<\/li>\n<li class=\"ui-pdp-list__item\">\n<p class=\"ui-pdp-family--REGULAR ui-pdp-list__text\"><span class=\"ui-pdp-color--BLACK ui-pdp-size--XSMALL ui-pdp-family--BOLD\">Tipo de faja lumbar<\/span>: SOPORTE<\/p>\n<\/li>\n<li>Marca: BLUNDING<\/li>\n<\/ul>\n","protected":false},"featured_media":2343,"comment_status":"open","ping_status":"closed","template":"","meta":{"_monsterinsights_skip_tracking":false,"_monsterinsights_sitenote_active":false,"_monsterinsights_sitenote_note":"","_monsterinsights_sitenote_category":0},"product_brand":[],"product_cat":[98,128,138,99,94,113,97],"product_tag":[],"class_list":{"0":"post-2338","1":"product","2":"type-product","3":"status-publish","4":"has-post-thumbnail","6":"product_cat-ayudas-tecnicas","7":"product_cat-cama-clinica","8":"product_cat-fajas","9":"product_cat-linea-bano","10":"product_cat-ortopedia-y-rehabilitacion","11":"product_cat-rodilla","12":"product_cat-tobillo-y-pie-ortopedia-y-rehabilitacion","13":"pa_talla-talla-l","14":"pa_talla-talla-m","15":"pa_talla-talla-s","16":"pa_talla-talla-xl","18":"first","19":"instock","20":"taxable","21":"shipping-taxable","22":"purchasable","23":"product-type-variable"},"_links":{"self":[{"href":"https:\/\/surti-ort.cl\/index.php\/wp-json\/wp\/v2\/product\/2338","targetHints":{"allow":["GET"]}}],"collection":[{"href":"https:\/\/surti-ort.cl\/index.php\/wp-json\/wp\/v2\/product"}],"about":[{"href":"https:\/\/surti-ort.cl\/index.php\/wp-json\/wp\/v2\/types\/product"}],"replies":[{"embeddable":true,"href":"https:\/\/surti-ort.cl\/index.php\/wp-json\/wp\/v2\/comments?post=2338"}],"wp:featuredmedia":[{"embeddable":true,"href":"https:\/\/surti-ort.cl\/index.php\/wp-json\/wp\/v2\/media\/2343"}],"wp:attachment":[{"href":"https:\/\/surti-ort.cl\/index.php\/wp-json\/wp\/v2\/media?parent=2338"}],"wp:term":[{"taxonomy":"product_brand","embeddable":true,"href":"https:\/\/surti-ort.cl\/index.php\/wp-json\/wp\/v2\/product_brand?post=2338"},{"taxonomy":"product_cat","embeddable":true,"href":"https:\/\/surti-ort.cl\/index.php\/wp-json\/wp\/v2\/product_cat?post=2338"},{"taxonomy":"product_tag","embeddable":true,"href":"https:\/\/surti-ort.cl\/index.php\/wp-json\/wp\/v2\/product_tag?post=2338"}],"curies":[{"name":"wp","href":"https:\/\/api.w.org\/{rel}","templated":true}]}}