{"id":2300,"date":"2022-08-20T17:14:17","date_gmt":"2022-08-20T17:14:17","guid":{"rendered":"https:\/\/surti-ort.cl\/?post_type=product&#038;p=2300"},"modified":"2024-01-08T18:54:59","modified_gmt":"2024-01-08T18:54:59","slug":"masajeador-muscular-fascial-gun-6-velocidades","status":"publish","type":"product","link":"https:\/\/surti-ort.cl\/index.php\/product\/masajeador-muscular-fascial-gun-6-velocidades\/","title":{"rendered":"Masajeador Muscular Fascial Gun 6 Velocidades"},"content":{"rendered":"<p>Es utilizado por atletas y personas que sufren de esclerosis m\u00faltiple, artritis y atrofia muscular. El Masajeador Muscular Fascial Gun 6 Velocidades utiliza un m\u00e9todo de terapia de vibraci\u00f3n que combina una amplitud espec\u00edfica, frecuencia de vibraci\u00f3n y el elemento de masaje. El efecto se logra al actuar sobre las capas internas de los tendones y el tejido muscular, que no causan dolor. El Masajeador Muscular Fascial Gun 6 Velocidades est\u00e1 hecho en forma ergon\u00f3mica como una pistola, se acomoda a la mano y es conveniente de usar. Hay cabezas de masaje para todos los segmentos musculares como de piernas, gl\u00fateos, espalda, pecho, mu\u00f1ecas y tobillos. La duraci\u00f3n \u00f3ptima de la sesi\u00f3n es de 15 minutos, funciona con la bater\u00eda incorporada.<strong>Caracter\u00edsticas:<\/strong><\/p>\n<ul>\n<li>Dimensiones:\u00a025 cm x 23 cm.<\/li>\n<li>Peso: 1,5 kg.<\/li>\n<li>Bater\u00eda de litio de larga duraci\u00f3n 2-3 horas.<\/li>\n<li>Incluye: 4 cabezas de masaje para todos los segmentos corporales y cargador.<\/li>\n<li>Bater\u00eda incorporada.<\/li>\n<li>Tecnolog\u00eda anti ruido.<\/li>\n<\/ul>\n","protected":false},"excerpt":{"rendered":"<p>El Masajeador Muscular Fascial Gun 6 Velocidades se usa para reducir el dolor muscular, mejorar la circulaci\u00f3n sangu\u00ednea y aliviar el dolor en las articulaciones despu\u00e9s de un entrenamiento o actividad que cause alg\u00fan dolor o lesi\u00f3n.<\/p>\n<p style=\"background: white; margin: 0cm 0cm 15.0pt 0cm;\"><span style=\"font-family: 'Lato',sans-serif; color: red;\">compras realizadas hasta las 15:00 pm ser\u00e1n entregadas el mismo d\u00eda en la cuidad de Antofagasta<\/span><\/p>\n<p style=\"background: white; box-sizing: inherit; font-variant-ligatures: normal; font-variant-caps: normal; orphans: 2; text-align: start; widows: 2; -webkit-text-stroke-width: 0px; text-decoration-thickness: initial; text-decoration-style: initial; text-decoration-color: initial; word-spacing: 0px; margin: 0cm 0cm 15.0pt 0cm;\"><strong style=\"box-sizing: inherit;\"><span style=\"font-family: 'Lato',sans-serif; color: #232529;\">visita nuestras tiendas ortop\u00e9dicas en Antofagasta<\/span><\/strong><\/p>\n<p style=\"background: white; box-sizing: inherit; font-variant-ligatures: normal; font-variant-caps: normal; orphans: 2; text-align: start; widows: 2; -webkit-text-stroke-width: 0px; text-decoration-thickness: initial; text-decoration-style: initial; text-decoration-color: initial; word-spacing: 0px; margin: 0cm 0cm 15.0pt 0cm;\"><strong style=\"box-sizing: inherit;\"><span style=\"font-family: 'Lato',sans-serif; color: #232529;\">calle copiapo797<\/span><\/strong><\/p>\n<p style=\"background: white; box-sizing: inherit; font-variant-ligatures: normal; font-variant-caps: normal; orphans: 2; text-align: start; widows: 2; -webkit-text-stroke-width: 0px; text-decoration-thickness: initial; text-decoration-style: initial; text-decoration-color: initial; word-spacing: 0px; margin: 0cm 0cm 15.0pt 0cm;\"><strong style=\"box-sizing: inherit;\"><span style=\"font-family: 'Lato',sans-serif; color: #232529;\">calle coquimbo 836<\/span><\/strong><\/p>\n<p style=\"background: white; box-sizing: inherit; font-variant-ligatures: normal; font-variant-caps: normal; orphans: 2; text-align: start; widows: 2; -webkit-text-stroke-width: 0px; text-decoration-thickness: initial; text-decoration-style: initial; text-decoration-color: initial; word-spacing: 0px; margin: 0cm 0cm 15.0pt 0cm;\"><strong style=\"box-sizing: inherit;\"><span style=\"font-family: 'Lato',sans-serif; color: #232529;\">j.s.ossa 2701<\/span><\/strong><\/p>\n","protected":false},"featured_media":2301,"comment_status":"open","ping_status":"closed","template":"","meta":{"_monsterinsights_skip_tracking":false,"_monsterinsights_sitenote_active":false,"_monsterinsights_sitenote_note":"","_monsterinsights_sitenote_category":0},"product_brand":[],"product_cat":[95,85,94,113,97],"product_tag":[],"class_list":{"0":"post-2300","1":"product","2":"type-product","3":"status-publish","4":"has-post-thumbnail","6":"product_cat-hombro-y-codo","7":"product_cat-fijador-de-dedo","8":"product_cat-ortopedia-y-rehabilitacion","9":"product_cat-rodilla","10":"product_cat-tobillo-y-pie-ortopedia-y-rehabilitacion","12":"first","13":"instock","14":"sale","15":"taxable","16":"shipping-taxable","17":"purchasable","18":"product-type-simple"},"_links":{"self":[{"href":"https:\/\/surti-ort.cl\/index.php\/wp-json\/wp\/v2\/product\/2300","targetHints":{"allow":["GET"]}}],"collection":[{"href":"https:\/\/surti-ort.cl\/index.php\/wp-json\/wp\/v2\/product"}],"about":[{"href":"https:\/\/surti-ort.cl\/index.php\/wp-json\/wp\/v2\/types\/product"}],"replies":[{"embeddable":true,"href":"https:\/\/surti-ort.cl\/index.php\/wp-json\/wp\/v2\/comments?post=2300"}],"wp:featuredmedia":[{"embeddable":true,"href":"https:\/\/surti-ort.cl\/index.php\/wp-json\/wp\/v2\/media\/2301"}],"wp:attachment":[{"href":"https:\/\/surti-ort.cl\/index.php\/wp-json\/wp\/v2\/media?parent=2300"}],"wp:term":[{"taxonomy":"product_brand","embeddable":true,"href":"https:\/\/surti-ort.cl\/index.php\/wp-json\/wp\/v2\/product_brand?post=2300"},{"taxonomy":"product_cat","embeddable":true,"href":"https:\/\/surti-ort.cl\/index.php\/wp-json\/wp\/v2\/product_cat?post=2300"},{"taxonomy":"product_tag","embeddable":true,"href":"https:\/\/surti-ort.cl\/index.php\/wp-json\/wp\/v2\/product_tag?post=2300"}],"curies":[{"name":"wp","href":"https:\/\/api.w.org\/{rel}","templated":true}]}}