{"id":2266,"date":"2022-08-20T14:26:19","date_gmt":"2022-08-20T14:26:19","guid":{"rendered":"https:\/\/surti-ort.cl\/?post_type=product&#038;p=2266"},"modified":"2025-04-03T16:00:09","modified_gmt":"2025-04-03T16:00:09","slug":"almohada-viscoelastica-bamboo-ergo-60x40x11-8","status":"publish","type":"product","link":"https:\/\/surti-ort.cl\/index.php\/product\/almohada-viscoelastica-bamboo-ergo-60x40x11-8\/","title":{"rendered":"Almohada Viscoel\u00e1stica Bamboo ERGO (60x40x11-8)"},"content":{"rendered":"<p>Disfruta de un sue\u00f1o lo mas c\u00f3modo y reparador<br \/>\n&#8211; Nuestra almohada de espuma viscoel\u00e1stica triturada proporciona un apoyo eficiente a tu cuello, hombros y a los m\u00fasculos de la parte superior de la espalda durante toda la noche.<\/p>\n<p>&#8211; La fibra de bamboo mantiene la almohada fresca y liviana, adem\u00e1s de ser hipoalerg\u00e9nica<br \/>\n-\u00a1Duerme como un \u00e1ngel con nuestra almohada para el dolor de cuello y hombro!<br \/>\n&#8211; Una capa de gel, en uno de sus caras, te ayudar\u00e1 a mantener la temperatura ideal en tu cabeza y cuerpo, ofreciendo mayor confort y un sue\u00f1o reconfortante y de r\u00e1pida acci\u00f3n<br \/>\n&#8211; Libera la tensi\u00f3n despu\u00e9s de un d\u00eda dif\u00edcil &#8211; Rel\u00e1jate despu\u00e9s de un largo d\u00eda con nuestra refrescante almohada de bamb\u00fa. \u00a1Alinear\u00e1 tu columna vertebral, apoyar\u00e1 tu cuello y evitar\u00e1 el dolor haci\u00e9ndote sentir rejuvenecido!<br \/>\n&#8211; Estas almohadas de cama son perfectas para el descanso y la recuperaci\u00f3n que necesitas.<br \/>\n&#8211; Disfruta de condiciones de sue\u00f1o saludables<\/p>\n<p>&#8211; Ergon\u00f3mica, proporciona una adecuado dise\u00f1o para el apoyo de la cabeza y cuello, copiando el perfil exacto para una mayor comodidad, dejando que todo su cuerpo se apoye uniformemente sobre la almohada y el colch\u00f3n. Esto hace que ninguno de sus m\u00fasculos\u00a0 y tendones, de cuello y columna, queden tensionados obteniendo el m\u00e1ximo placer al descansar y profundidad al dormir<br \/>\n&#8211; Nuestras almohadas de espuma viscoel\u00e1stica transpirables con certificado CertiPUR-US permitir\u00e1n una mejor circulaci\u00f3n del aire, evitando la sudoraci\u00f3n.<br \/>\n&#8211; Una almohada fresca, y a la vez hipoalerg\u00e9nica, significa un sue\u00f1o m\u00e1s c\u00f3modo y sin interrupciones para ti.<br \/>\n&#8211; Ideal para todas las posiciones de sue\u00f1o<br \/>\n&#8211; La almohada perfecta para dormir de lado, para dormir boca abajo o boca arriba.<br \/>\n&#8211; Queremos asegurarnos de que tengas las mejores noches de sue\u00f1o posibles.<br \/>\n&#8211; Funda con cierre para el lavado<br \/>\nMedidas: 60x40x11-8<\/p>\n","protected":false},"excerpt":{"rendered":"<p>Recupera tu vitalidad y duerme profundamente en la m\u00e1xima comodidad y placer que te ofrecen estas almohadas incre\u00edbles, llenas de confort, higiene y sanitizadas<\/p>\n<p style=\"background: white; margin: 0cm 0cm 15.0pt 0cm;\"><span style=\"font-family: 'Lato',sans-serif; color: #232529;\">compras realizadas hasta las 15:00 pm seran entregadas el mismo dia en la cuidad de antofagasta<\/span><\/p>\n<p style=\"background: white; box-sizing: inherit; font-variant-ligatures: normal; font-variant-caps: normal; orphans: 2; text-align: start; widows: 2; -webkit-text-stroke-width: 0px; text-decoration-thickness: initial; text-decoration-style: initial; text-decoration-color: initial; word-spacing: 0px; margin: 0cm 0cm 15.0pt 0cm;\"><strong style=\"box-sizing: inherit;\"><span style=\"font-family: 'Lato',sans-serif; color: #232529;\">visita nuestras tiendas ortopedicas en antofagasta<\/span><\/strong><\/p>\n<p style=\"background: white; box-sizing: inherit; font-variant-ligatures: normal; font-variant-caps: normal; orphans: 2; text-align: start; widows: 2; -webkit-text-stroke-width: 0px; text-decoration-thickness: initial; text-decoration-style: initial; text-decoration-color: initial; word-spacing: 0px; margin: 0cm 0cm 15.0pt 0cm;\"><strong style=\"box-sizing: inherit;\"><span style=\"font-family: 'Lato',sans-serif; color: #232529;\">calle copiapo797<\/span><\/strong><\/p>\n<p style=\"background: white; box-sizing: inherit; font-variant-ligatures: normal; font-variant-caps: normal; orphans: 2; text-align: start; widows: 2; -webkit-text-stroke-width: 0px; text-decoration-thickness: initial; text-decoration-style: initial; text-decoration-color: initial; word-spacing: 0px; margin: 0cm 0cm 15.0pt 0cm;\"><strong style=\"box-sizing: inherit;\"><span style=\"font-family: 'Lato',sans-serif; color: #232529;\">calle coquimbo 836<\/span><\/strong><\/p>\n<p style=\"background: white; box-sizing: inherit; font-variant-ligatures: normal; font-variant-caps: normal; orphans: 2; text-align: start; widows: 2; -webkit-text-stroke-width: 0px; text-decoration-thickness: initial; text-decoration-style: initial; text-decoration-color: initial; word-spacing: 0px; margin: 0cm 0cm 15.0pt 0cm;\"><strong style=\"box-sizing: inherit;\"><span style=\"font-family: 'Lato',sans-serif; color: #232529;\">j.s.ossa 2701<\/span><\/strong><\/p>\n","protected":false},"featured_media":2268,"comment_status":"open","ping_status":"closed","template":"","meta":{"_monsterinsights_skip_tracking":false,"_monsterinsights_sitenote_active":false,"_monsterinsights_sitenote_note":"","_monsterinsights_sitenote_category":0},"product_brand":[],"product_cat":[98,144,94],"product_tag":[],"class_list":{"0":"post-2266","1":"product","2":"type-product","3":"status-publish","4":"has-post-thumbnail","6":"product_cat-ayudas-tecnicas","7":"product_cat-cojines","8":"product_cat-ortopedia-y-rehabilitacion","10":"first","11":"outofstock","12":"taxable","13":"shipping-taxable","14":"purchasable","15":"product-type-simple"},"_links":{"self":[{"href":"https:\/\/surti-ort.cl\/index.php\/wp-json\/wp\/v2\/product\/2266","targetHints":{"allow":["GET"]}}],"collection":[{"href":"https:\/\/surti-ort.cl\/index.php\/wp-json\/wp\/v2\/product"}],"about":[{"href":"https:\/\/surti-ort.cl\/index.php\/wp-json\/wp\/v2\/types\/product"}],"replies":[{"embeddable":true,"href":"https:\/\/surti-ort.cl\/index.php\/wp-json\/wp\/v2\/comments?post=2266"}],"wp:featuredmedia":[{"embeddable":true,"href":"https:\/\/surti-ort.cl\/index.php\/wp-json\/wp\/v2\/media\/2268"}],"wp:attachment":[{"href":"https:\/\/surti-ort.cl\/index.php\/wp-json\/wp\/v2\/media?parent=2266"}],"wp:term":[{"taxonomy":"product_brand","embeddable":true,"href":"https:\/\/surti-ort.cl\/index.php\/wp-json\/wp\/v2\/product_brand?post=2266"},{"taxonomy":"product_cat","embeddable":true,"href":"https:\/\/surti-ort.cl\/index.php\/wp-json\/wp\/v2\/product_cat?post=2266"},{"taxonomy":"product_tag","embeddable":true,"href":"https:\/\/surti-ort.cl\/index.php\/wp-json\/wp\/v2\/product_tag?post=2266"}],"curies":[{"name":"wp","href":"https:\/\/api.w.org\/{rel}","templated":true}]}}