{"id":2240,"date":"2022-08-18T23:20:23","date_gmt":"2022-08-18T23:20:23","guid":{"rendered":"https:\/\/surti-ort.cl\/?post_type=product&#038;p=2240"},"modified":"2022-08-18T23:34:05","modified_gmt":"2022-08-18T23:34:05","slug":"cojin-lumbar-viscoelastico-blunding-negro","status":"publish","type":"product","link":"https:\/\/surti-ort.cl\/index.php\/product\/cojin-lumbar-viscoelastico-blunding-negro\/","title":{"rendered":"COJIN LUMBAR VISCOELASTICO BLUNDING NEGRO"},"content":{"rendered":"<p>Indicaciones:<\/p>\n<p>Lumbalgias<br \/>\nCi\u00e1tica<br \/>\nEscoliosis<br \/>\nHernia de disco vertebral<br \/>\nLesiones sacras leves<br \/>\nLumbalgia por el embarazo.<\/p>\n<p>Componentes:<\/p>\n<p>1 cojin de espuma viscoelastica<br \/>\n1 Funda transpirable y lavable<br \/>\n1 cinta para sujetar el cojin de la silla<br \/>\nFolleto Instrucciones de Uso en Espa\u00f1ol<\/p>\n<p>Beneficios:<\/p>\n<p>Dise\u00f1o ergon\u00f3mico. El coj\u00edn es espuma viscoel\u00e1stica de grado m\u00e9dico que ofrece un<br \/>\napoyo lumbar \u00f3ptimo. Mantiene su forma aportando soporte continuo. Durante su uso,<br \/>\nla espuma viscoel\u00e1stica se ajusta a la curvatura de la espalda, brindando descanso y<br \/>\nconfort.<br \/>\nAmplia gama de campos de aplicaci\u00f3n. para silla de oficina, cuando trabaja en la<br \/>\ncomputadora, silla del auto, cuando conduce durante mucho tiempo, silla de rueda, viajes<br \/>\nen avi\u00f3n, fatiga diaria, fatiga por el embarazo o cualquier situaci\u00f3n que requiera largos<br \/>\nper\u00edodos de sedestaci\u00f3n.<br \/>\nEst\u00e1 concebido para un l\u00edmite de peso de 120 kilos.<br \/>\nFunda transpirable, el\u00e1stica y lavable.<br \/>\nLibre de l\u00e1tex.<\/p>\n","protected":false},"excerpt":{"rendered":"<p>Coj\u00edn lumbar viscoel\u00e1stico, ergon\u00f3mico y suave, especial para aliviar el dolor lumbar ocasionado por<br \/>\npermanecer largas horas sentados. Recomendado para conductores, trabajadores de oficinas,<br \/>\nestudiantes y tambi\u00e9n en mujeres en per\u00edodo prenatal. Este coj\u00edn, distribuye de manera uniforme la<br \/>\npresi\u00f3n en la regi\u00f3n lumbar actuando como un soporte, disminuyendo el dolor y las molestias.<\/p>\n<p>VISITA NUESTAS TIENDAS FISICAS:<\/p>\n<p>COPIAPO 797<\/p>\n<p>COQUIMBO 836<\/p>\n<p>JOSE SANTOS OSSA 2701<\/p>\n<p>&nbsp;<\/p>\n","protected":false},"featured_media":2241,"comment_status":"open","ping_status":"closed","template":"","meta":{"_monsterinsights_skip_tracking":false,"_monsterinsights_sitenote_active":false,"_monsterinsights_sitenote_note":"","_monsterinsights_sitenote_category":0},"product_brand":[],"product_cat":[94],"product_tag":[],"class_list":{"0":"post-2240","1":"product","2":"type-product","3":"status-publish","4":"has-post-thumbnail","6":"product_cat-ortopedia-y-rehabilitacion","7":"pa_color-negro","9":"first","10":"instock","11":"taxable","12":"shipping-taxable","13":"purchasable","14":"product-type-variable"},"_links":{"self":[{"href":"https:\/\/surti-ort.cl\/index.php\/wp-json\/wp\/v2\/product\/2240","targetHints":{"allow":["GET"]}}],"collection":[{"href":"https:\/\/surti-ort.cl\/index.php\/wp-json\/wp\/v2\/product"}],"about":[{"href":"https:\/\/surti-ort.cl\/index.php\/wp-json\/wp\/v2\/types\/product"}],"replies":[{"embeddable":true,"href":"https:\/\/surti-ort.cl\/index.php\/wp-json\/wp\/v2\/comments?post=2240"}],"wp:featuredmedia":[{"embeddable":true,"href":"https:\/\/surti-ort.cl\/index.php\/wp-json\/wp\/v2\/media\/2241"}],"wp:attachment":[{"href":"https:\/\/surti-ort.cl\/index.php\/wp-json\/wp\/v2\/media?parent=2240"}],"wp:term":[{"taxonomy":"product_brand","embeddable":true,"href":"https:\/\/surti-ort.cl\/index.php\/wp-json\/wp\/v2\/product_brand?post=2240"},{"taxonomy":"product_cat","embeddable":true,"href":"https:\/\/surti-ort.cl\/index.php\/wp-json\/wp\/v2\/product_cat?post=2240"},{"taxonomy":"product_tag","embeddable":true,"href":"https:\/\/surti-ort.cl\/index.php\/wp-json\/wp\/v2\/product_tag?post=2240"}],"curies":[{"name":"wp","href":"https:\/\/api.w.org\/{rel}","templated":true}]}}