{"id":2193,"date":"2022-08-13T23:35:59","date_gmt":"2022-08-13T23:35:59","guid":{"rendered":"https:\/\/surti-ort.cl\/?post_type=product&#038;p=2193"},"modified":"2022-08-13T23:36:00","modified_gmt":"2022-08-13T23:36:00","slug":"toma-presion-o-esfingomanometro-digital-de-brazo-blunding","status":"publish","type":"product","link":"https:\/\/surti-ort.cl\/index.php\/product\/toma-presion-o-esfingomanometro-digital-de-brazo-blunding\/","title":{"rendered":"Toma presi\u00f3n o Esfingoman\u00f3metro digital de brazo  Blunding"},"content":{"rendered":"<h4>ESPECIFICACIONES<\/h4>\n<ul>\n<li>Modelo: BRQ 11<\/li>\n<li>Principio de Medici\u00f3n Oscil\u00f3graffo<\/li>\n<li>Pantalla: LCD Digital<\/li>\n<li>Rango de Medici\u00f3n: Presi\u00f3n 30 a 280 mmHg +\/- 3 mmHg<\/li>\n<\/ul>\n<p>Pulso 40 a 199 Latidos \/ min +\/- 5%<\/p>\n<ul>\n<li>Capacidad de Memoria: Almacena ha sat 90 Mediciones<\/li>\n<li>Fuente de Poder 4 x 1,5V Baterias (LRO3 o AAA)<\/li>\n<li>Condiciones de Almacenaje: Temperatura -20\u00b0 C a 55\u00b0C<\/li>\n<li>\u00a0 \u00a0 \u00a0 \u00a0 \u00a0 \u00a0 \u00a0 \u00a0 \u00a0 \u00a0 \u00a0 \u00a0 \u00a0 \u00a0 \u00a0 \u00a0 \u00a0 \u00a0 \u00a0 \u00a0 \u00a0 Humedad 0% a 93% RH<\/li>\n<\/ul>\n","protected":false},"excerpt":{"rendered":"<h4>MONITOR DE PRESI\u00d3N ARTERIAL\u00a0 ESFINGOMANOMETRO DE BRAZO<\/h4>\n<ul>\n<li>Tensi\u00f3metro Digital, medidor de tensi\u00f3n arterial precisa y autom\u00e1tica.<\/li>\n<li>Para uso dom\u00e9stico y hospitalario, f\u00e1cil de utilizar y leer.<\/li>\n<li>Cuenta con pantalla grande LCD que muestra los resultados de la prueba claramente.<\/li>\n<li>Almacena 90 Memoria de Medici\u00f3n<\/li>\n<li>Funci\u00f3n d\u00eda y Hora<\/li>\n<li>Medida de Brazalete, de 22 a 32 cm<\/li>\n<\/ul>\n","protected":false},"featured_media":2194,"comment_status":"open","ping_status":"closed","template":"","meta":{"_monsterinsights_skip_tracking":false,"_monsterinsights_sitenote_active":false,"_monsterinsights_sitenote_note":"","_monsterinsights_sitenote_category":0},"product_brand":[],"product_cat":[112],"product_tag":[],"class_list":{"0":"post-2193","1":"product","2":"type-product","3":"status-publish","4":"has-post-thumbnail","6":"product_cat-equipos-medicos","8":"first","9":"instock","10":"sale","11":"taxable","12":"shipping-taxable","13":"purchasable","14":"product-type-simple"},"_links":{"self":[{"href":"https:\/\/surti-ort.cl\/index.php\/wp-json\/wp\/v2\/product\/2193","targetHints":{"allow":["GET"]}}],"collection":[{"href":"https:\/\/surti-ort.cl\/index.php\/wp-json\/wp\/v2\/product"}],"about":[{"href":"https:\/\/surti-ort.cl\/index.php\/wp-json\/wp\/v2\/types\/product"}],"replies":[{"embeddable":true,"href":"https:\/\/surti-ort.cl\/index.php\/wp-json\/wp\/v2\/comments?post=2193"}],"wp:featuredmedia":[{"embeddable":true,"href":"https:\/\/surti-ort.cl\/index.php\/wp-json\/wp\/v2\/media\/2194"}],"wp:attachment":[{"href":"https:\/\/surti-ort.cl\/index.php\/wp-json\/wp\/v2\/media?parent=2193"}],"wp:term":[{"taxonomy":"product_brand","embeddable":true,"href":"https:\/\/surti-ort.cl\/index.php\/wp-json\/wp\/v2\/product_brand?post=2193"},{"taxonomy":"product_cat","embeddable":true,"href":"https:\/\/surti-ort.cl\/index.php\/wp-json\/wp\/v2\/product_cat?post=2193"},{"taxonomy":"product_tag","embeddable":true,"href":"https:\/\/surti-ort.cl\/index.php\/wp-json\/wp\/v2\/product_tag?post=2193"}],"curies":[{"name":"wp","href":"https:\/\/api.w.org\/{rel}","templated":true}]}}