{"id":2177,"date":"2022-08-13T23:15:05","date_gmt":"2022-08-13T23:15:05","guid":{"rendered":"https:\/\/surti-ort.cl\/?post_type=product&#038;p=2177"},"modified":"2026-04-10T23:08:17","modified_gmt":"2026-04-10T23:08:17","slug":"cooper-rodillera-de-compresion-de-cobre-para-alivio-de-dolor-en-las-articulaciones-y-artritis","status":"publish","type":"product","link":"https:\/\/surti-ort.cl\/index.php\/product\/cooper-rodillera-de-compresion-de-cobre-para-alivio-de-dolor-en-las-articulaciones-y-artritis\/","title":{"rendered":"Cooper\u00ae Rodillera de Compresi\u00f3n de Cobre para Alivio de Dolor en las Articulaciones y Artritis"},"content":{"rendered":"<p>RODILLERA COMPRESI\u00d3N DE FIBRA DE COBRE<\/p>\n<p>Tecnolog\u00eda de punta y tela de calidad: 40% elastano + 60% nailon de cobre. El material de fibra de cobre tiene el efecto de reducir la inflamaci\u00f3n y la hinchaz\u00f3n. Es ligero y suave, el\u00e1stico, transpirable, proporciona una buena ventilaci\u00f3n y ayuda a coordinar la capacidad muscular y proteger los m\u00fasculos.<\/p>\n<p>Su tela cuenta con tecnolog\u00eda especial antideslizante 3D y puntos de silicona antiderrapantes para evitar deslizamientos durante el ejercicio y el entrenamiento. \u00a1Disfruta del deporte! El dise\u00f1o simple y discreto, ultraligero, libre de movimiento, le permite lucirlo con estilo, y las rodilleras son suaves y c\u00f3modas, incluso si se usan durante mucho tiempo, \u00a1no se sentir\u00e1n inc\u00f3modas!<\/p>\n<p>Es la soluci\u00f3n asequible para el dolor de rodilla causados por la artrosis, artritis y para la protecci\u00f3n y prevenci\u00f3n de lesiones. Mantenga sus rodillas calientes, reduzca el dolor muscular y prot\u00e9jase de lesiones durante la pr\u00e1ctica y la competici\u00f3n. No importa el ejercicio que hagas, no se desv\u00edan de su posici\u00f3n<br \/>\noriginal.<\/p>\n<p>Clasificada en la siguientes tallas: S, M, L, XL.<\/p>\n","protected":false},"excerpt":{"rendered":"<h1 class=\"ui-pdp-title\">Rodillera De Compresi\u00f3n Con Fibra De Cobre<\/h1>\n<p>Tecnolog\u00eda de punta y tela de calidad: 40% elastano + 60% nailon de cobre. El material de fibra de cobre tiene el efecto de reducir la inflamaci\u00f3n y la hinchaz\u00f3n. Es ligero y suave, el\u00e1stico, transpirable, proporciona una buena ventilaci\u00f3n y ayuda a coordinar la capacidad muscular y proteger los m\u00fasculos.<\/p>\n<p><strong>visita nuestras tiendas ortopedicas en antofagasta<\/strong><\/p>\n<p><strong>calle copiapo797<\/strong><\/p>\n<p><strong>calle coquimbo 836<\/strong><\/p>\n<p><strong>j.s.ossa 2701<\/strong><\/p>\n","protected":false},"featured_media":2178,"comment_status":"open","ping_status":"closed","template":"","meta":{"_monsterinsights_skip_tracking":false,"_monsterinsights_sitenote_active":false,"_monsterinsights_sitenote_note":"","_monsterinsights_sitenote_category":0},"product_brand":[],"product_cat":[94,113],"product_tag":[],"class_list":{"0":"post-2177","1":"product","2":"type-product","3":"status-publish","4":"has-post-thumbnail","6":"product_cat-ortopedia-y-rehabilitacion","7":"product_cat-rodilla","8":"pa_talla-talla-l","9":"pa_talla-talla-m","10":"pa_talla-talla-s","11":"pa_talla-talla-xl","13":"first","14":"instock","15":"sale","16":"taxable","17":"shipping-taxable","18":"purchasable","19":"product-type-variable"},"_links":{"self":[{"href":"https:\/\/surti-ort.cl\/index.php\/wp-json\/wp\/v2\/product\/2177","targetHints":{"allow":["GET"]}}],"collection":[{"href":"https:\/\/surti-ort.cl\/index.php\/wp-json\/wp\/v2\/product"}],"about":[{"href":"https:\/\/surti-ort.cl\/index.php\/wp-json\/wp\/v2\/types\/product"}],"replies":[{"embeddable":true,"href":"https:\/\/surti-ort.cl\/index.php\/wp-json\/wp\/v2\/comments?post=2177"}],"wp:featuredmedia":[{"embeddable":true,"href":"https:\/\/surti-ort.cl\/index.php\/wp-json\/wp\/v2\/media\/2178"}],"wp:attachment":[{"href":"https:\/\/surti-ort.cl\/index.php\/wp-json\/wp\/v2\/media?parent=2177"}],"wp:term":[{"taxonomy":"product_brand","embeddable":true,"href":"https:\/\/surti-ort.cl\/index.php\/wp-json\/wp\/v2\/product_brand?post=2177"},{"taxonomy":"product_cat","embeddable":true,"href":"https:\/\/surti-ort.cl\/index.php\/wp-json\/wp\/v2\/product_cat?post=2177"},{"taxonomy":"product_tag","embeddable":true,"href":"https:\/\/surti-ort.cl\/index.php\/wp-json\/wp\/v2\/product_tag?post=2177"}],"curies":[{"name":"wp","href":"https:\/\/api.w.org\/{rel}","templated":true}]}}