{"id":2164,"date":"2022-08-13T22:17:25","date_gmt":"2022-08-13T22:17:25","guid":{"rendered":"https:\/\/surti-ort.cl\/?post_type=product&#038;p=2164"},"modified":"2025-04-03T16:02:53","modified_gmt":"2025-04-03T16:02:53","slug":"silla-de-ruedas-neurologica","status":"publish","type":"product","link":"https:\/\/surti-ort.cl\/index.php\/product\/silla-de-ruedas-neurologica\/","title":{"rendered":"SILLA DE RUEDAS NEUROL\u00d3GICA"},"content":{"rendered":"<p>Las sillas de ruedas han ido evolucionando con el paso del tiempo, esto se debe m\u00e1s en concreto a la responsabilidad de adaptarse mejor a las necesidades particulares de uso y desplazamiento de cada usuario\/a.<\/p>\n<p>Una silla de ruedas neurol\u00f3gica, espec\u00edficamente, se asocia a pacientes que requieren de una mayor contenci\u00f3n y posicionamiento.<\/p>\n<p>Movilidad e independencia. Estas ayudas t\u00e9cnicas pueden ser usadas de manera aut\u00f3noma o a trav\u00e9s de un tercero (cuidador), por lo que es importante conocer y distinguir hasta el m\u00e1s m\u00ednimo atributo distintivo.<\/p>\n<p>Bienestar e igualdad. Recuerda que la utilizaci\u00f3n de este tipo de dispositivos busca favorecer la participaci\u00f3n de personas con discapacidad o movilidad reducida en los distintos \u00e1mbitos de la sociedad, sobre todo, fomentando la accesibilidad tanto en terreno como en oportunidades.<\/p>\n<ul>\n<li aria-level=\"1\">Ancho m\u00e1ximo 65 cm<\/li>\n<li aria-level=\"1\">Ancho plegada 32 cm<\/li>\n<li aria-level=\"1\">Ancho del asiento 46 cm<\/li>\n<li aria-level=\"1\">Altura manillas 130 cm<\/li>\n<li aria-level=\"1\">Altura asiento 50 cm<\/li>\n<li aria-level=\"1\">Largo total 119 cm<\/li>\n<li aria-level=\"1\">Di\u00e1metro rueda trasera 61 cm<\/li>\n<li aria-level=\"1\">Di\u00e1metro rueda delantera 20,3 cm<\/li>\n<li aria-level=\"1\">Profundidad asiento 44 cm<\/li>\n<li aria-level=\"1\">Altura respaldo 49 cm<\/li>\n<li aria-level=\"1\">Capacidad de peso 100 kg<\/li>\n<li aria-level=\"1\">Peso: 25 kg<\/li>\n<li aria-level=\"1\">Dimensiones: 96 \u00d7 87 \u00d7 30 cm<\/li>\n<\/ul>\n","protected":false},"excerpt":{"rendered":"<p>Las sillas de ruedas han ido evolucionando con el paso del tiempo, esto se debe m\u00e1s en concreto a la responsabilidad de adaptarse mejor a las necesidades particulares de uso y desplazamiento de cada usuario<\/p>\n<p><strong>visita nuestras tiendas ortopedicas en antofagasta<\/strong><\/p>\n<p><strong>calle copiapo797<\/strong><\/p>\n","protected":false},"featured_media":2165,"comment_status":"open","ping_status":"closed","template":"","meta":{"_monsterinsights_skip_tracking":false,"_monsterinsights_sitenote_active":false,"_monsterinsights_sitenote_note":"","_monsterinsights_sitenote_category":0},"product_brand":[],"product_cat":[98,124,105],"product_tag":[],"class_list":{"0":"post-2164","1":"product","2":"type-product","3":"status-publish","4":"has-post-thumbnail","6":"product_cat-ayudas-tecnicas","7":"product_cat-movilidad","8":"product_cat-sillas-de-ruedas","10":"first","11":"instock","12":"taxable","13":"shipping-taxable","14":"purchasable","15":"product-type-simple"},"_links":{"self":[{"href":"https:\/\/surti-ort.cl\/index.php\/wp-json\/wp\/v2\/product\/2164","targetHints":{"allow":["GET"]}}],"collection":[{"href":"https:\/\/surti-ort.cl\/index.php\/wp-json\/wp\/v2\/product"}],"about":[{"href":"https:\/\/surti-ort.cl\/index.php\/wp-json\/wp\/v2\/types\/product"}],"replies":[{"embeddable":true,"href":"https:\/\/surti-ort.cl\/index.php\/wp-json\/wp\/v2\/comments?post=2164"}],"wp:featuredmedia":[{"embeddable":true,"href":"https:\/\/surti-ort.cl\/index.php\/wp-json\/wp\/v2\/media\/2165"}],"wp:attachment":[{"href":"https:\/\/surti-ort.cl\/index.php\/wp-json\/wp\/v2\/media?parent=2164"}],"wp:term":[{"taxonomy":"product_brand","embeddable":true,"href":"https:\/\/surti-ort.cl\/index.php\/wp-json\/wp\/v2\/product_brand?post=2164"},{"taxonomy":"product_cat","embeddable":true,"href":"https:\/\/surti-ort.cl\/index.php\/wp-json\/wp\/v2\/product_cat?post=2164"},{"taxonomy":"product_tag","embeddable":true,"href":"https:\/\/surti-ort.cl\/index.php\/wp-json\/wp\/v2\/product_tag?post=2164"}],"curies":[{"name":"wp","href":"https:\/\/api.w.org\/{rel}","templated":true}]}}