{"id":2157,"date":"2022-08-13T21:40:25","date_gmt":"2022-08-13T21:40:25","guid":{"rendered":"https:\/\/surti-ort.cl\/?post_type=product&#038;p=2157"},"modified":"2024-05-30T20:13:32","modified_gmt":"2024-05-30T20:13:32","slug":"silla-de-ruedas-premium","status":"publish","type":"product","link":"https:\/\/surti-ort.cl\/index.php\/product\/silla-de-ruedas-premium\/","title":{"rendered":"SILLA DE RUEDAS PREMIUM"},"content":{"rendered":"","protected":false},"excerpt":{"rendered":"<p class=\"description-title\">Descripci\u00f3n del producto<\/p>\n<div id=\"ccs-inline-content\"><\/div>\n<div class=\"description-table\">Estructura: Acero de 1.2 mm. Diametro estructura: 22.5 mm. Textil: Poli cloruro de vinilo (PVC) Apoya pies: Poli cloruro de vinilo (PVC) regulable en altura con botones y desmontable Apoya pies regulables en altura con 6 botones de ajuste y desmontables. Apoya brazos: Abatible con almohadilla de Espuma de poliuretano (PU) Rueda delantera interior: Poli cloruro de vinilo (PVC) Exterior rueda delantera: Polipropileno (PP) 19.5cm. de diametro Rueda trasera: MAG + Poliuretano (PU) 62.5 cm. Rayos: Poliuretano Ancho asiento: 46cm. Alto asiento: 44cm. Ancho total: 65 cm. Ancho total plegada: 29cm. Altura Apoya brazos : 70cm. Altura apoya pies sobre el piso : 17cm. Altura asiento: 50cm. Alto total: 92cm. Respaldo fijo Longitud total: 108cm. (desde rueda trasera a punta de apoya pie) Herramientas en el bolso trasero. Doble Cruceta (para mayor estabilidad) Soporta hasta 100 Kg. Peso total silla: 17.45kg. Sistema de frenos bilaterales de palanca en ambas Ruedas Silla plegable para su traslado Palanca de inclinaci\u00f3n en ambas ruedas traseras Indicaci\u00f3n *Blunding recomienda utilizar este producto bajo prescripci\u00f3n m\u00e9dica.<\/div>\n","protected":false},"featured_media":2159,"comment_status":"open","ping_status":"closed","template":"","meta":{"_monsterinsights_skip_tracking":false,"_monsterinsights_sitenote_active":false,"_monsterinsights_sitenote_note":"","_monsterinsights_sitenote_category":0},"product_brand":[],"product_cat":[98,124,105],"product_tag":[],"class_list":{"0":"post-2157","1":"product","2":"type-product","3":"status-publish","4":"has-post-thumbnail","6":"product_cat-ayudas-tecnicas","7":"product_cat-movilidad","8":"product_cat-sillas-de-ruedas","10":"first","11":"instock","12":"sale","13":"taxable","14":"shipping-taxable","15":"purchasable","16":"product-type-simple"},"_links":{"self":[{"href":"https:\/\/surti-ort.cl\/index.php\/wp-json\/wp\/v2\/product\/2157","targetHints":{"allow":["GET"]}}],"collection":[{"href":"https:\/\/surti-ort.cl\/index.php\/wp-json\/wp\/v2\/product"}],"about":[{"href":"https:\/\/surti-ort.cl\/index.php\/wp-json\/wp\/v2\/types\/product"}],"replies":[{"embeddable":true,"href":"https:\/\/surti-ort.cl\/index.php\/wp-json\/wp\/v2\/comments?post=2157"}],"wp:featuredmedia":[{"embeddable":true,"href":"https:\/\/surti-ort.cl\/index.php\/wp-json\/wp\/v2\/media\/2159"}],"wp:attachment":[{"href":"https:\/\/surti-ort.cl\/index.php\/wp-json\/wp\/v2\/media?parent=2157"}],"wp:term":[{"taxonomy":"product_brand","embeddable":true,"href":"https:\/\/surti-ort.cl\/index.php\/wp-json\/wp\/v2\/product_brand?post=2157"},{"taxonomy":"product_cat","embeddable":true,"href":"https:\/\/surti-ort.cl\/index.php\/wp-json\/wp\/v2\/product_cat?post=2157"},{"taxonomy":"product_tag","embeddable":true,"href":"https:\/\/surti-ort.cl\/index.php\/wp-json\/wp\/v2\/product_tag?post=2157"}],"curies":[{"name":"wp","href":"https:\/\/api.w.org\/{rel}","templated":true}]}}