{"id":2144,"date":"2022-08-13T20:47:00","date_gmt":"2022-08-13T20:47:00","guid":{"rendered":"https:\/\/surti-ort.cl\/?post_type=product&#038;p=2144"},"modified":"2026-04-03T08:11:38","modified_gmt":"2026-04-03T08:11:38","slug":"munequera-inmovilizadora-palmar-y-dedo-pulgar-doble-funcion","status":"publish","type":"product","link":"https:\/\/surti-ort.cl\/index.php\/product\/munequera-inmovilizadora-palmar-y-dedo-pulgar-doble-funcion\/","title":{"rendered":"Mu\u00f1equera inmovilizadora palmar y dedo pulgar doble funci\u00f3n"},"content":{"rendered":"<p><strong>Aplicaci\u00f3n:<\/strong><br \/>\nOrtesis de estabilizaci\u00f3n m\u00ednima de la articulaci\u00f3n c\u00fabito, radio, carpal, que permite realizar actividades cotidianas con alivio de s\u00edntomas dolorosos.<\/p>\n","protected":false},"excerpt":{"rendered":"<p><strong>Caracter\u00edsticas:<\/strong><br \/>\n\u2013 Doble f\u00e9rula.<br \/>\n\u2013 Producto fabricado con tela de alta calidad que incluye f\u00e9rula de metal para proporcionar m\u00e1xima protecci\u00f3n.<br \/>\n\u2013 Apoya e inmoviliza la mu\u00f1eca y el pulgar.<br \/>\n\u2013 Ideal para tratar lesiones del pulgar que requieran su inmovilizaci\u00f3n por periodos prolongados, reduce el dolor y la hinchaz\u00f3n, permite una recuperaci\u00f3n mas r\u00e1pida.<\/p>\n","protected":false},"featured_media":2145,"comment_status":"open","ping_status":"closed","template":"","meta":{"_monsterinsights_skip_tracking":false,"_monsterinsights_sitenote_active":false,"_monsterinsights_sitenote_note":"","_monsterinsights_sitenote_category":0},"product_brand":[],"product_cat":[85,94],"product_tag":[],"class_list":{"0":"post-2144","1":"product","2":"type-product","3":"status-publish","4":"has-post-thumbnail","6":"product_cat-fijador-de-dedo","7":"product_cat-ortopedia-y-rehabilitacion","8":"pa_talla-talla-l","9":"pa_talla-talla-m","10":"pa_talla-talla-s","11":"pa_talla-talla-xl","13":"first","14":"instock","15":"sale","16":"taxable","17":"shipping-taxable","18":"purchasable","19":"product-type-variable"},"_links":{"self":[{"href":"https:\/\/surti-ort.cl\/index.php\/wp-json\/wp\/v2\/product\/2144","targetHints":{"allow":["GET"]}}],"collection":[{"href":"https:\/\/surti-ort.cl\/index.php\/wp-json\/wp\/v2\/product"}],"about":[{"href":"https:\/\/surti-ort.cl\/index.php\/wp-json\/wp\/v2\/types\/product"}],"replies":[{"embeddable":true,"href":"https:\/\/surti-ort.cl\/index.php\/wp-json\/wp\/v2\/comments?post=2144"}],"wp:featuredmedia":[{"embeddable":true,"href":"https:\/\/surti-ort.cl\/index.php\/wp-json\/wp\/v2\/media\/2145"}],"wp:attachment":[{"href":"https:\/\/surti-ort.cl\/index.php\/wp-json\/wp\/v2\/media?parent=2144"}],"wp:term":[{"taxonomy":"product_brand","embeddable":true,"href":"https:\/\/surti-ort.cl\/index.php\/wp-json\/wp\/v2\/product_brand?post=2144"},{"taxonomy":"product_cat","embeddable":true,"href":"https:\/\/surti-ort.cl\/index.php\/wp-json\/wp\/v2\/product_cat?post=2144"},{"taxonomy":"product_tag","embeddable":true,"href":"https:\/\/surti-ort.cl\/index.php\/wp-json\/wp\/v2\/product_tag?post=2144"}],"curies":[{"name":"wp","href":"https:\/\/api.w.org\/{rel}","templated":true}]}}