{"id":2046,"date":"2022-08-13T00:12:25","date_gmt":"2022-08-13T00:12:25","guid":{"rendered":"https:\/\/surti-ort.cl\/?post_type=product&#038;p=2046"},"modified":"2022-08-13T00:22:30","modified_gmt":"2022-08-13T00:22:30","slug":"bota-ortopedica-rom-blunding","status":"publish","type":"product","link":"https:\/\/surti-ort.cl\/index.php\/product\/bota-ortopedica-rom-blunding\/","title":{"rendered":"Bota Ortop\u00e9dica ROM Blunding"},"content":{"rendered":"<p><strong>Indicaciones:<\/strong><\/p>\n<ul>\n<li>Post-operatorio de ligamentos del tobillo.<\/li>\n<li>Lesiones tendinosas fracturas o luxaciones de la articulaci\u00f3n tibiotarsiana.<\/li>\n<li>Manejo conservador de las lesiones de metatarso y el tarso.<\/li>\n<li>Despu\u00e9s de hacerse una fijaci\u00f3n en la luxaci\u00f3n del tend\u00f3n peroneo.<\/li>\n<li>Como tratamiento en las fracturas del tarso, calc\u00e1neo y mal\u00e9olos.<\/li>\n<li>Terapia funcional de la rotura del tend\u00f3n de aquiles.<\/li>\n<li>Inestabilidades de ligamentosas cr\u00f3nicas.<\/li>\n<\/ul>\n","protected":false},"excerpt":{"rendered":"<p>Bota estabilizadora con rango de movimiento el cual se puede fijar entre 0o a 45o de flexi\u00f3n plantar.<\/p>\n<p>La regulaci\u00f3n del rango de movimiento se puede modificar en incrementos de\u00a07,5 grados para flexi\u00f3n\u00a0plantar y dorsal.<\/p>\n<p>Cuerpo confeccionado en laminado de velour y su interior algod\u00f3n m\u00e1s tres piezas que recubren el\u00a0tobillo, estructura con sistema ROM ajustable a trav\u00e9s de bandas con cierre de contacto.<\/p>\n","protected":false},"featured_media":2047,"comment_status":"open","ping_status":"closed","template":"","meta":{"_monsterinsights_skip_tracking":false,"_monsterinsights_sitenote_active":false,"_monsterinsights_sitenote_note":"","_monsterinsights_sitenote_category":0},"product_brand":[],"product_cat":[94,97],"product_tag":[],"class_list":{"0":"post-2046","1":"product","2":"type-product","3":"status-publish","4":"has-post-thumbnail","6":"product_cat-ortopedia-y-rehabilitacion","7":"product_cat-tobillo-y-pie-ortopedia-y-rehabilitacion","8":"pa_talla-talla-l","9":"pa_talla-talla-m","10":"pa_talla-talla-s","11":"pa_talla-talla-xl","13":"first","14":"instock","15":"sale","16":"taxable","17":"shipping-taxable","18":"purchasable","19":"product-type-variable"},"_links":{"self":[{"href":"https:\/\/surti-ort.cl\/index.php\/wp-json\/wp\/v2\/product\/2046","targetHints":{"allow":["GET"]}}],"collection":[{"href":"https:\/\/surti-ort.cl\/index.php\/wp-json\/wp\/v2\/product"}],"about":[{"href":"https:\/\/surti-ort.cl\/index.php\/wp-json\/wp\/v2\/types\/product"}],"replies":[{"embeddable":true,"href":"https:\/\/surti-ort.cl\/index.php\/wp-json\/wp\/v2\/comments?post=2046"}],"wp:featuredmedia":[{"embeddable":true,"href":"https:\/\/surti-ort.cl\/index.php\/wp-json\/wp\/v2\/media\/2047"}],"wp:attachment":[{"href":"https:\/\/surti-ort.cl\/index.php\/wp-json\/wp\/v2\/media?parent=2046"}],"wp:term":[{"taxonomy":"product_brand","embeddable":true,"href":"https:\/\/surti-ort.cl\/index.php\/wp-json\/wp\/v2\/product_brand?post=2046"},{"taxonomy":"product_cat","embeddable":true,"href":"https:\/\/surti-ort.cl\/index.php\/wp-json\/wp\/v2\/product_cat?post=2046"},{"taxonomy":"product_tag","embeddable":true,"href":"https:\/\/surti-ort.cl\/index.php\/wp-json\/wp\/v2\/product_tag?post=2046"}],"curies":[{"name":"wp","href":"https:\/\/api.w.org\/{rel}","templated":true}]}}