{"id":2027,"date":"2022-08-12T04:12:44","date_gmt":"2022-08-12T04:12:44","guid":{"rendered":"https:\/\/surti-ort.cl\/?post_type=product&#038;p=2027"},"modified":"2024-10-23T00:36:52","modified_gmt":"2024-10-23T00:36:52","slug":"catre-clinico-3-posiciones-electrico","status":"publish","type":"product","link":"https:\/\/surti-ort.cl\/index.php\/product\/catre-clinico-3-posiciones-electrico\/","title":{"rendered":"Catre cl\u00ednico 3 posici\u00f3nes electrico"},"content":{"rendered":"<p style=\"text-align: left;\">M8<\/p>\n<ul>\n<li aria-level=\"1\">Levanta al paciente en zona de la espalda y rodillas<\/li>\n<li aria-level=\"1\">Regulaci\u00f3n de altura seg\u00fan las necesidades del cuidador<\/li>\n<li aria-level=\"1\">Gracias a sus cabeceras desmontables, la higiene personal del paciente es m\u00e1s simple. Por ejemplo, se puede desmontar la cabecera para lavar el pelo.<\/li>\n<li aria-level=\"1\">Su cubierta con perforaciones permite la aireaci\u00f3n del colch\u00f3n y evita la acumulaci\u00f3n de humedad<\/li>\n<li aria-level=\"1\">Cumple al 100% con los m\u00e1s altos est\u00e1ndares de calidad<\/li>\n<li aria-level=\"1\">Ofrece garant\u00eda de 1 a\u00f1o por fallas de f\u00e1brica<\/li>\n<li aria-level=\"1\">Cuenta con Certificaciones CE, ISO 9001, ISO 13485<\/li>\n<\/ul>\n","protected":false},"excerpt":{"rendered":"<p>Algunos de los beneficios del uso de una cama cl\u00ednico en tu domicilio<\/p>\n<ul>\n<li>Previene y\/o reduce problemas lumbares y el origen de escaras<\/li>\n<li>Mejora la circulaci\u00f3n sangu\u00ednea de las piernas<\/li>\n<li>Evita ca\u00eddas y lesiones, sobre todo de adultos mayores<\/li>\n<li>Facilita labores de higiene y alimentaci\u00f3n<\/li>\n<li>Regula la inclinaci\u00f3n del cuerpo, aportando mayor comodidad para el descanso<\/li>\n<\/ul>\n","protected":false},"featured_media":2028,"comment_status":"open","ping_status":"closed","template":"","meta":{"_monsterinsights_skip_tracking":false,"_monsterinsights_sitenote_active":false,"_monsterinsights_sitenote_note":"","_monsterinsights_sitenote_category":0},"product_brand":[],"product_cat":[98,128],"product_tag":[129],"class_list":{"0":"post-2027","1":"product","2":"type-product","3":"status-publish","4":"has-post-thumbnail","6":"product_cat-ayudas-tecnicas","7":"product_cat-cama-clinica","8":"product_tag-cama-clinica","10":"first","11":"instock","12":"sale","13":"taxable","14":"shipping-taxable","15":"purchasable","16":"product-type-simple"},"_links":{"self":[{"href":"https:\/\/surti-ort.cl\/index.php\/wp-json\/wp\/v2\/product\/2027","targetHints":{"allow":["GET"]}}],"collection":[{"href":"https:\/\/surti-ort.cl\/index.php\/wp-json\/wp\/v2\/product"}],"about":[{"href":"https:\/\/surti-ort.cl\/index.php\/wp-json\/wp\/v2\/types\/product"}],"replies":[{"embeddable":true,"href":"https:\/\/surti-ort.cl\/index.php\/wp-json\/wp\/v2\/comments?post=2027"}],"wp:featuredmedia":[{"embeddable":true,"href":"https:\/\/surti-ort.cl\/index.php\/wp-json\/wp\/v2\/media\/2028"}],"wp:attachment":[{"href":"https:\/\/surti-ort.cl\/index.php\/wp-json\/wp\/v2\/media?parent=2027"}],"wp:term":[{"taxonomy":"product_brand","embeddable":true,"href":"https:\/\/surti-ort.cl\/index.php\/wp-json\/wp\/v2\/product_brand?post=2027"},{"taxonomy":"product_cat","embeddable":true,"href":"https:\/\/surti-ort.cl\/index.php\/wp-json\/wp\/v2\/product_cat?post=2027"},{"taxonomy":"product_tag","embeddable":true,"href":"https:\/\/surti-ort.cl\/index.php\/wp-json\/wp\/v2\/product_tag?post=2027"}],"curies":[{"name":"wp","href":"https:\/\/api.w.org\/{rel}","templated":true}]}}