{"id":1987,"date":"2022-08-06T21:38:16","date_gmt":"2022-08-06T21:38:16","guid":{"rendered":"https:\/\/surti-ort.cl\/?post_type=product&#038;p=1987"},"modified":"2025-03-30T20:59:00","modified_gmt":"2025-03-30T20:59:00","slug":"baston-de-aluminio-codera-movil","status":"publish","type":"product","link":"https:\/\/surti-ort.cl\/index.php\/product\/baston-de-aluminio-codera-movil\/","title":{"rendered":"Bast\u00f3n de Aluminio codera m\u00f3vil"},"content":{"rendered":"<p><strong>Bast\u00f3n de aluminio con empu\u00f1aduras de PVC que permite recuperar la marcha , gracias a la codera movible<\/strong><\/p>\n<p>ast\u00f3n aluminio codera movible<br \/>\n-Altura regulable<br \/>\n-Altura de la codera regulable<br \/>\n-Empu\u00f1adura anat\u00f3mica<br \/>\n-Regat\u00f3n de goma antideslizante<br \/>\n-Altura regulable en incrementos de 2.5 cm<br \/>\n-L\u00edmite de peso del usuario: 100 Kg<\/p>\n<p><strong>Dimensiones:<\/strong><\/p>\n<p>Largo m\u00ednimo: 101cm<br \/>\nLargo m\u00e1ximo: 123cm<br \/>\nDi\u00e1metro del tubo: 3cm<\/p>\n","protected":false},"excerpt":{"rendered":"<p>Bast\u00f3n con soporte adicional que tienen como fin aumentar la estabilidad del usuario ampliando su base de apoyo, reduciendo la carga sobre una o ambas extremidades inferiores y facilitando la marcha.<\/p>\n","protected":false},"featured_media":1988,"comment_status":"open","ping_status":"closed","template":"","meta":{"_monsterinsights_skip_tracking":false,"_monsterinsights_sitenote_active":false,"_monsterinsights_sitenote_note":"","_monsterinsights_sitenote_category":0},"product_brand":[],"product_cat":[98,124],"product_tag":[125],"class_list":{"0":"post-1987","1":"product","2":"type-product","3":"status-publish","4":"has-post-thumbnail","6":"product_cat-ayudas-tecnicas","7":"product_cat-movilidad","8":"product_tag-bastones","10":"first","11":"instock","12":"taxable","13":"shipping-taxable","14":"purchasable","15":"product-type-simple"},"_links":{"self":[{"href":"https:\/\/surti-ort.cl\/index.php\/wp-json\/wp\/v2\/product\/1987","targetHints":{"allow":["GET"]}}],"collection":[{"href":"https:\/\/surti-ort.cl\/index.php\/wp-json\/wp\/v2\/product"}],"about":[{"href":"https:\/\/surti-ort.cl\/index.php\/wp-json\/wp\/v2\/types\/product"}],"replies":[{"embeddable":true,"href":"https:\/\/surti-ort.cl\/index.php\/wp-json\/wp\/v2\/comments?post=1987"}],"wp:featuredmedia":[{"embeddable":true,"href":"https:\/\/surti-ort.cl\/index.php\/wp-json\/wp\/v2\/media\/1988"}],"wp:attachment":[{"href":"https:\/\/surti-ort.cl\/index.php\/wp-json\/wp\/v2\/media?parent=1987"}],"wp:term":[{"taxonomy":"product_brand","embeddable":true,"href":"https:\/\/surti-ort.cl\/index.php\/wp-json\/wp\/v2\/product_brand?post=1987"},{"taxonomy":"product_cat","embeddable":true,"href":"https:\/\/surti-ort.cl\/index.php\/wp-json\/wp\/v2\/product_cat?post=1987"},{"taxonomy":"product_tag","embeddable":true,"href":"https:\/\/surti-ort.cl\/index.php\/wp-json\/wp\/v2\/product_tag?post=1987"}],"curies":[{"name":"wp","href":"https:\/\/api.w.org\/{rel}","templated":true}]}}