{"id":1946,"date":"2022-08-06T16:23:21","date_gmt":"2022-08-06T16:23:21","guid":{"rendered":"https:\/\/surti-ort.cl\/?post_type=product&#038;p=1946"},"modified":"2024-03-10T15:49:28","modified_gmt":"2024-03-10T15:49:28","slug":"tabla-para-tina-o-ducha","status":"publish","type":"product","link":"https:\/\/surti-ort.cl\/index.php\/product\/tabla-para-tina-o-ducha\/","title":{"rendered":"TABLA PARA TINA O DUCHA"},"content":{"rendered":"<h5><strong>TABLA PARA TINA O DUCHA\u00a0<\/strong><\/h5>\n<p>Practica tabla para usar en la tina o ducha fij\u00e1ndola de forma transversal y la que se ajusta mediante 4 topes de seguridad ajustables al ancho interior de la ba\u00f1era.<br \/>\nSu dise\u00f1o con perforaciones ayuda a evacuar f\u00e1cilmente el agua y mantiene la higiene y facilita la limpieza del aparato evitando la formaci\u00f3n de hongos y bacterias.<br \/>\nSu gran espesor permite soportar a pacientes de hasta 100 Kg. sin ning\u00fan riesgo de accidentes.<\/p>\n<h5><strong>CARACTER\u00cdSTICAS:<\/strong><\/h5>\n<ul>\n<li>Fabricado en Pl\u00e1stico PVC<br \/>\nCon perforaciones para evacuar el agua.<br \/>\nIncluye manilla para mayor seguridad del usuario y un bocado para dejar el jab\u00f3n.<br \/>\nManillas inferiores con bordes de goma para ajuste al ancho de la ba\u00f1era.<br \/>\nTodos los bordes son redondeados para m\u00e1ximo confort.<br \/>\nColor Blanco.<br \/>\nSuperficie texturizada.<br \/>\nDimensiones: 70.5 cm Largo x 31.5 cm Ancho x 20.5 cm Alto<\/li>\n<li>Peso Aprox. 2.46<\/li>\n<\/ul>\n","protected":false},"excerpt":{"rendered":"<h5><strong>TABLA PARA TINA O DUCHA\u00a0<\/strong><\/h5>\n<p>Practica tabla para usar en la tina o ducha fij\u00e1ndola de forma transversal y la que se ajusta mediante 4 topes de seguridad ajustables al ancho interior de la ba\u00f1era.<br \/>\nSu dise\u00f1o con perforaciones ayuda a evacuar f\u00e1cilmente el agua y mantiene la higiene y facilita la limpieza del aparato evitando la formaci\u00f3n de hongos y bacterias.<\/p>\n","protected":false},"featured_media":1947,"comment_status":"open","ping_status":"closed","template":"","meta":{"_monsterinsights_skip_tracking":false,"_monsterinsights_sitenote_active":false,"_monsterinsights_sitenote_note":"","_monsterinsights_sitenote_category":0},"product_brand":[],"product_cat":[98,99],"product_tag":[117],"class_list":{"0":"post-1946","1":"product","2":"type-product","3":"status-publish","4":"has-post-thumbnail","6":"product_cat-ayudas-tecnicas","7":"product_cat-linea-bano","8":"product_tag-silla-ducha","10":"first","11":"instock","12":"sale","13":"taxable","14":"shipping-taxable","15":"purchasable","16":"product-type-simple"},"_links":{"self":[{"href":"https:\/\/surti-ort.cl\/index.php\/wp-json\/wp\/v2\/product\/1946","targetHints":{"allow":["GET"]}}],"collection":[{"href":"https:\/\/surti-ort.cl\/index.php\/wp-json\/wp\/v2\/product"}],"about":[{"href":"https:\/\/surti-ort.cl\/index.php\/wp-json\/wp\/v2\/types\/product"}],"replies":[{"embeddable":true,"href":"https:\/\/surti-ort.cl\/index.php\/wp-json\/wp\/v2\/comments?post=1946"}],"wp:featuredmedia":[{"embeddable":true,"href":"https:\/\/surti-ort.cl\/index.php\/wp-json\/wp\/v2\/media\/1947"}],"wp:attachment":[{"href":"https:\/\/surti-ort.cl\/index.php\/wp-json\/wp\/v2\/media?parent=1946"}],"wp:term":[{"taxonomy":"product_brand","embeddable":true,"href":"https:\/\/surti-ort.cl\/index.php\/wp-json\/wp\/v2\/product_brand?post=1946"},{"taxonomy":"product_cat","embeddable":true,"href":"https:\/\/surti-ort.cl\/index.php\/wp-json\/wp\/v2\/product_cat?post=1946"},{"taxonomy":"product_tag","embeddable":true,"href":"https:\/\/surti-ort.cl\/index.php\/wp-json\/wp\/v2\/product_tag?post=1946"}],"curies":[{"name":"wp","href":"https:\/\/api.w.org\/{rel}","templated":true}]}}