{"id":1935,"date":"2022-08-06T14:54:26","date_gmt":"2022-08-06T14:54:26","guid":{"rendered":"https:\/\/surti-ort.cl\/?post_type=product&#038;p=1935"},"modified":"2026-02-12T19:40:25","modified_gmt":"2026-02-12T19:40:25","slug":"bano-wc-portatil-plegable-cromado-2","status":"publish","type":"product","link":"https:\/\/surti-ort.cl\/index.php\/product\/bano-wc-portatil-plegable-cromado-2\/","title":{"rendered":"BA\u00d1O WC PORT\u00c1TIL PLEGABLE CROMADO"},"content":{"rendered":"<h5><strong>BA\u00d1O WC PORT\u00c1TIL PLEGABLE<\/strong><\/h5>\n<p>Ba\u00f1o port\u00e1til plegable con balde desmontable para pacientes que por alguna patolog\u00eda no puedan ir al ba\u00f1o de la<br \/>\ncasa.<\/p>\n<p>Posee altura regulable por lo que tambi\u00e9n es usado en pacientes con patolog\u00edas de cadera y que requieran<br \/>\nun ba\u00f1o con mayor altura que la tradicional.<\/p>\n<p>Muy \u00fatil tambi\u00e9n en zonas de camping, para viajes o en casos de emergencia, etc.<\/p>\n<p>Fabricado en pl\u00e1stico PVC y acero cromado muy f\u00e1cil de limpiar e higienizar ya que el deposito o balde recipiente<br \/>\nposee tapa y asa para transporte de los residuos para su eliminaci\u00f3n de forma segura.<\/p>\n<h5><strong>CARACTER\u00cdSTICAS:<\/strong><\/h5>\n<ul>\n<li>Altura del piso al asiento regulable en 5 pasos de 2.5 cm cada uno, alcanzando una altura m\u00ednima de 46 cm y una<br \/>\naltura m\u00e1xima de 55 cm.<\/li>\n<li>4 Patas con topes de goma antideslizantes.<\/li>\n<li>Balde desmontable ( incluye tapa y manilla).<\/li>\n<li>Modelo plegable para reducir espacio cuando no se use.<\/li>\n<li>Muy f\u00e1cil transporte y limpieza.<\/li>\n<li>Incluye tapa y asiento de PVC.<\/li>\n<li>Apoya brazos de PVC texturizados de 28 cm largo.<\/li>\n<li>Capacidad de peso: hasta 100 Kg<\/li>\n<li>Di\u00e1metro del tubo de acero : 20 mm<\/li>\n<li>Ancho interior : 46 cm<\/li>\n<li>Profundidad del asiento : 39 cm<\/li>\n<li>Ancho exterior total : 55 cm<\/li>\n<li>Peso del ba\u00f1o : 7 Kg<\/li>\n<\/ul>\n","protected":false},"excerpt":{"rendered":"<h5><strong>BA\u00d1O WC PORT\u00c1TIL PLEGABLE\u00a0<\/strong><\/h5>\n<p>Ba\u00f1o port\u00e1til plegable con balde desmontable para pacientes que por alguna patolog\u00eda no puedan ir al ba\u00f1o de la casa.Posee altura regulable por lo que tambi\u00e9n es usado en pacientes con patolog\u00edas de cadera y que requieran un ba\u00f1o con mayor altura que la tradicional.<\/p>\n","protected":false},"featured_media":1931,"comment_status":"open","ping_status":"closed","template":"","meta":{"_monsterinsights_skip_tracking":false,"_monsterinsights_sitenote_active":false,"_monsterinsights_sitenote_note":"","_monsterinsights_sitenote_category":0},"product_brand":[],"product_cat":[98,99],"product_tag":[118],"class_list":{"0":"post-1935","1":"product","2":"type-product","3":"status-publish","4":"has-post-thumbnail","6":"product_cat-ayudas-tecnicas","7":"product_cat-linea-bano","8":"product_tag-wc-portatil","10":"first","11":"instock","12":"sale","13":"taxable","14":"shipping-taxable","15":"purchasable","16":"product-type-simple"},"_links":{"self":[{"href":"https:\/\/surti-ort.cl\/index.php\/wp-json\/wp\/v2\/product\/1935","targetHints":{"allow":["GET"]}}],"collection":[{"href":"https:\/\/surti-ort.cl\/index.php\/wp-json\/wp\/v2\/product"}],"about":[{"href":"https:\/\/surti-ort.cl\/index.php\/wp-json\/wp\/v2\/types\/product"}],"replies":[{"embeddable":true,"href":"https:\/\/surti-ort.cl\/index.php\/wp-json\/wp\/v2\/comments?post=1935"}],"wp:featuredmedia":[{"embeddable":true,"href":"https:\/\/surti-ort.cl\/index.php\/wp-json\/wp\/v2\/media\/1931"}],"wp:attachment":[{"href":"https:\/\/surti-ort.cl\/index.php\/wp-json\/wp\/v2\/media?parent=1935"}],"wp:term":[{"taxonomy":"product_brand","embeddable":true,"href":"https:\/\/surti-ort.cl\/index.php\/wp-json\/wp\/v2\/product_brand?post=1935"},{"taxonomy":"product_cat","embeddable":true,"href":"https:\/\/surti-ort.cl\/index.php\/wp-json\/wp\/v2\/product_cat?post=1935"},{"taxonomy":"product_tag","embeddable":true,"href":"https:\/\/surti-ort.cl\/index.php\/wp-json\/wp\/v2\/product_tag?post=1935"}],"curies":[{"name":"wp","href":"https:\/\/api.w.org\/{rel}","templated":true}]}}