{"id":1930,"date":"2022-08-06T14:31:17","date_gmt":"2022-08-06T14:31:17","guid":{"rendered":"https:\/\/surti-ort.cl\/?post_type=product&#038;p=1930"},"modified":"2026-02-12T19:40:38","modified_gmt":"2026-02-12T19:40:38","slug":"bano-wc-portatil-plegable-cromado","status":"publish","type":"product","link":"https:\/\/surti-ort.cl\/index.php\/product\/bano-wc-portatil-plegable-cromado\/","title":{"rendered":"PISO-SILLA DE DUCHA C\/RESP. Y APOYABRAZOS"},"content":{"rendered":"<h5><strong>Piso-Silla de ducha C\/Resp. y ApoyaBrazos\u00a0<\/strong><\/h5>\n<p>Piso o silla con base y respaldo de pl\u00e1stico HD-PE (Polietileno de Alta Densidad ) que presenta una excelente resistencia t\u00e9rmica y qu\u00edmica ademas de una muy buena capacidad de absorci\u00f3n de impactos.<br \/>\nMuy ligero y no es atacado por \u00e1cidos, amigable con el medio ambiente.<br \/>\nPatas y Apoyabrazos de Aluminio anodizado resistente a la humedad, por lo que se recomienda su uso<br \/>\npara el aseo de pacientes en tinas o duchas con total seguridad e higiene.<\/p>\n<p><strong>CARACTER\u00cdSTICAS:<\/strong><br \/>\nRespaldo y Asiento Fabricado en Pl\u00e1stico reciclable HD-PE.<br \/>\nPatas de Aluminio con regatones de Goma antideslizantes de 5 cm di\u00e1metro.<br \/>\nApoya brazos de aluminio recubiertos con goma para mejor agarre.<br \/>\nBase del asiento con 12 Perforaciones para evacuaci\u00f3n del agua.<br \/>\nAltura regulable en 6 posiciones de 2.5 cm cada una.<br \/>\nTubo de las patas de 28 mm de Diametro y 2 mm de espesor.<br \/>\nRegatones de las patas con anillo interior de acero para aumentar la vida util del piso.<br \/>\nLimite de peso del usuario: 100 Kg<\/p>\n<h6><strong>DIMENSIONES:<\/strong><\/h6>\n<p>Alt.m\u00ednima del asiento al suelo: 41.5 cm<br \/>\nAlt.m\u00e1xima del asiento al suelo: 54 cm<br \/>\nAsiento: 39 cm Ancho x 32 cm Profundidad<br \/>\nAltura de los apoya Brazos: 19 cm<br \/>\nAltura del respaldo: 34 cm<br \/>\nAncho entre Brazos: 48 cm<br \/>\nAltura total regulable desde 62 cm a 74.5 cm<\/p>\n<p>&nbsp;<\/p>\n","protected":false},"excerpt":{"rendered":"<div class=\"elementor-element elementor-element-6ba21694 elementor-widget elementor-widget-woocommerce-product-short-description\" data-id=\"6ba21694\" data-element_type=\"widget\" data-widget_type=\"woocommerce-product-short-description.default\">\n<div class=\"elementor-widget-container\">\n<div class=\"woocommerce-product-details__short-description\"><\/div>\n<\/div>\n<\/div>\n<div class=\"elementor-element elementor-element-4ea1bf99 elementor-woo-meta--view-stacked elementor-widget elementor-widget-woocommerce-product-meta\" data-id=\"4ea1bf99\" data-element_type=\"widget\" data-widget_type=\"woocommerce-product-meta.default\">\n<div class=\"elementor-widget-container\">\n<div class=\"product_meta\">\n<h5><strong>Piso-Silla de ducha C\/Resp. y ApoyaBrazos\u00a0<\/strong><\/h5>\n<p>Piso o silla con base y respaldo de pl\u00e1stico HD-PE (Polietileno de Alta Densidad ) que presenta una excelente resistencia t\u00e9rmica y qu\u00edmica ademas de una muy buena capacidad de absorci\u00f3n de impacto.<br \/>\nMuy ligero y no es atacado por \u00e1cidos, amigable con el medio ambiente.<br \/>\nPatas y Apoya brazos de Aluminio adonizado resistente a la humedad, por lo que se recomienda su uso<br \/>\npara el aseo de pacientes en tinas o duchas con total seguridad e higiene.<\/p>\n<\/div>\n<\/div>\n<\/div>\n<div class=\"elementor-element elementor-element-169276ca elementor-widget-divider--view-line elementor-widget elementor-widget-divider\" data-id=\"169276ca\" data-element_type=\"widget\" data-widget_type=\"divider.default\">\n<div class=\"elementor-widget-container\">\n<div class=\"elementor-divider\"><\/div>\n<\/div>\n<\/div>\n","protected":false},"featured_media":1934,"comment_status":"open","ping_status":"closed","template":"","meta":{"_monsterinsights_skip_tracking":false,"_monsterinsights_sitenote_active":false,"_monsterinsights_sitenote_note":"","_monsterinsights_sitenote_category":0},"product_brand":[],"product_cat":[98,99],"product_tag":[117],"class_list":{"0":"post-1930","1":"product","2":"type-product","3":"status-publish","4":"has-post-thumbnail","6":"product_cat-ayudas-tecnicas","7":"product_cat-linea-bano","8":"product_tag-silla-ducha","10":"first","11":"outofstock","12":"taxable","13":"shipping-taxable","14":"purchasable","15":"product-type-simple"},"_links":{"self":[{"href":"https:\/\/surti-ort.cl\/index.php\/wp-json\/wp\/v2\/product\/1930","targetHints":{"allow":["GET"]}}],"collection":[{"href":"https:\/\/surti-ort.cl\/index.php\/wp-json\/wp\/v2\/product"}],"about":[{"href":"https:\/\/surti-ort.cl\/index.php\/wp-json\/wp\/v2\/types\/product"}],"replies":[{"embeddable":true,"href":"https:\/\/surti-ort.cl\/index.php\/wp-json\/wp\/v2\/comments?post=1930"}],"wp:featuredmedia":[{"embeddable":true,"href":"https:\/\/surti-ort.cl\/index.php\/wp-json\/wp\/v2\/media\/1934"}],"wp:attachment":[{"href":"https:\/\/surti-ort.cl\/index.php\/wp-json\/wp\/v2\/media?parent=1930"}],"wp:term":[{"taxonomy":"product_brand","embeddable":true,"href":"https:\/\/surti-ort.cl\/index.php\/wp-json\/wp\/v2\/product_brand?post=1930"},{"taxonomy":"product_cat","embeddable":true,"href":"https:\/\/surti-ort.cl\/index.php\/wp-json\/wp\/v2\/product_cat?post=1930"},{"taxonomy":"product_tag","embeddable":true,"href":"https:\/\/surti-ort.cl\/index.php\/wp-json\/wp\/v2\/product_tag?post=1930"}],"curies":[{"name":"wp","href":"https:\/\/api.w.org\/{rel}","templated":true}]}}