{"id":1890,"date":"2022-07-28T19:58:02","date_gmt":"2022-07-28T19:58:02","guid":{"rendered":"https:\/\/surti-ort.cl\/?post_type=product&#038;p=1890"},"modified":"2022-08-06T18:42:13","modified_gmt":"2022-08-06T18:42:13","slug":"inmovilizador-de-rodilla","status":"publish","type":"product","link":"https:\/\/surti-ort.cl\/index.php\/product\/inmovilizador-de-rodilla\/","title":{"rendered":"INMOVILIZADOR DE RODILLA"},"content":{"rendered":"","protected":false},"excerpt":{"rendered":"<p>Soporte de rodilla, confeccionado en laminado de velour con interior de<br \/>\nalgod\u00f3n posee dos f\u00e9rulas de duraluminio anat\u00f3mico y dos f\u00e9rulas lisas<br \/>\nde duraluminio removibles, m\u00e1s bandas el\u00e1sticas libres de l\u00e1tex,<br \/>\najustable con cierre de contacto. Inmoviliza en extensi\u00f3n la rodilla.<\/p>\n<p>Tratamiento pre y post-quir\u00fargico de rodilla.<br \/>\nFracturas sin desplazamiento en la regi\u00f3n de la rodilla.<\/p>\n","protected":false},"featured_media":1895,"comment_status":"open","ping_status":"closed","template":"","meta":{"_monsterinsights_skip_tracking":false,"_monsterinsights_sitenote_active":false,"_monsterinsights_sitenote_note":"","_monsterinsights_sitenote_category":0},"product_brand":[],"product_cat":[94,113],"product_tag":[],"class_list":{"0":"post-1890","1":"product","2":"type-product","3":"status-publish","4":"has-post-thumbnail","6":"product_cat-ortopedia-y-rehabilitacion","7":"product_cat-rodilla","8":"pa_talla-talla-l","9":"pa_talla-talla-m","10":"pa_talla-talla-s","11":"pa_talla-talla-xl","13":"first","14":"instock","15":"purchasable","16":"product-type-variable"},"_links":{"self":[{"href":"https:\/\/surti-ort.cl\/index.php\/wp-json\/wp\/v2\/product\/1890","targetHints":{"allow":["GET"]}}],"collection":[{"href":"https:\/\/surti-ort.cl\/index.php\/wp-json\/wp\/v2\/product"}],"about":[{"href":"https:\/\/surti-ort.cl\/index.php\/wp-json\/wp\/v2\/types\/product"}],"replies":[{"embeddable":true,"href":"https:\/\/surti-ort.cl\/index.php\/wp-json\/wp\/v2\/comments?post=1890"}],"wp:featuredmedia":[{"embeddable":true,"href":"https:\/\/surti-ort.cl\/index.php\/wp-json\/wp\/v2\/media\/1895"}],"wp:attachment":[{"href":"https:\/\/surti-ort.cl\/index.php\/wp-json\/wp\/v2\/media?parent=1890"}],"wp:term":[{"taxonomy":"product_brand","embeddable":true,"href":"https:\/\/surti-ort.cl\/index.php\/wp-json\/wp\/v2\/product_brand?post=1890"},{"taxonomy":"product_cat","embeddable":true,"href":"https:\/\/surti-ort.cl\/index.php\/wp-json\/wp\/v2\/product_cat?post=1890"},{"taxonomy":"product_tag","embeddable":true,"href":"https:\/\/surti-ort.cl\/index.php\/wp-json\/wp\/v2\/product_tag?post=1890"}],"curies":[{"name":"wp","href":"https:\/\/api.w.org\/{rel}","templated":true}]}}