{"id":1781,"date":"2022-07-27T19:13:57","date_gmt":"2022-07-27T19:13:57","guid":{"rendered":"https:\/\/surti-ort.cl\/?post_type=product&#038;p=1781"},"modified":"2022-08-06T21:26:01","modified_gmt":"2022-08-06T21:26:01","slug":"pantalones-mujer-cherokee-infinity-1123a","status":"publish","type":"product","link":"https:\/\/surti-ort.cl\/index.php\/product\/pantalones-mujer-cherokee-infinity-1123a\/","title":{"rendered":"PANTALONES MUJER CHEROKEE INFINITY 1123A"},"content":{"rendered":"","protected":false},"excerpt":{"rendered":"<p>Pantal\u00f3n cl\u00ednico antimicrobiano de mujer marca Cherokee Infity. Este pantal\u00f3n es de pierna recta y tiro corto, cuenta con una pretina el\u00e1sticada con cord\u00f3n ajustable. Sabemos lo importante que es llevar todos tus instrumentos contigo, es por esto que cuenta con dos bolsillos delanteros, un bolsillo tipo cargo con cierre para mayor seguridad, un bolsillo trasero de parche, y un lazo el\u00e1sticado para instrumentos debajo del bolsillo izquierdo.<\/p>\n","protected":false},"featured_media":1782,"comment_status":"open","ping_status":"closed","template":"","meta":{"_monsterinsights_skip_tracking":false,"_monsterinsights_sitenote_active":false,"_monsterinsights_sitenote_note":"","_monsterinsights_sitenote_category":0},"product_brand":[],"product_cat":[115,15,102],"product_tag":[],"class_list":{"0":"post-1781","1":"product","2":"type-product","3":"status-publish","4":"has-post-thumbnail","6":"product_cat-cherokee","7":"product_cat-uncategorized","8":"product_cat-uniformes-clinicos","9":"pa_color-azul-rey","10":"pa_color-gris","11":"pa_color-morado","12":"pa_color-negro","13":"pa_color-rojo","14":"pa_talla-talla-l","15":"pa_talla-talla-m","16":"pa_talla-talla-s","17":"pa_talla-talla-xl","18":"pa_talla-xs","20":"first","21":"outofstock","22":"purchasable","23":"product-type-simple"},"_links":{"self":[{"href":"https:\/\/surti-ort.cl\/index.php\/wp-json\/wp\/v2\/product\/1781","targetHints":{"allow":["GET"]}}],"collection":[{"href":"https:\/\/surti-ort.cl\/index.php\/wp-json\/wp\/v2\/product"}],"about":[{"href":"https:\/\/surti-ort.cl\/index.php\/wp-json\/wp\/v2\/types\/product"}],"replies":[{"embeddable":true,"href":"https:\/\/surti-ort.cl\/index.php\/wp-json\/wp\/v2\/comments?post=1781"}],"wp:featuredmedia":[{"embeddable":true,"href":"https:\/\/surti-ort.cl\/index.php\/wp-json\/wp\/v2\/media\/1782"}],"wp:attachment":[{"href":"https:\/\/surti-ort.cl\/index.php\/wp-json\/wp\/v2\/media?parent=1781"}],"wp:term":[{"taxonomy":"product_brand","embeddable":true,"href":"https:\/\/surti-ort.cl\/index.php\/wp-json\/wp\/v2\/product_brand?post=1781"},{"taxonomy":"product_cat","embeddable":true,"href":"https:\/\/surti-ort.cl\/index.php\/wp-json\/wp\/v2\/product_cat?post=1781"},{"taxonomy":"product_tag","embeddable":true,"href":"https:\/\/surti-ort.cl\/index.php\/wp-json\/wp\/v2\/product_tag?post=1781"}],"curies":[{"name":"wp","href":"https:\/\/api.w.org\/{rel}","templated":true}]}}